{"id":7826,"date":"2025-11-13T07:01:47","date_gmt":"2025-11-13T07:01:47","guid":{"rendered":"https:\/\/jiujinpower.com\/?post_type=product&#038;p=7826"},"modified":"2025-11-18T01:30:47","modified_gmt":"2025-11-18T01:30:47","slug":"hot-dip-galvanized-steel-ph-extension-ring-chain-link-electric-pole-line-hardware-extension-ring","status":"publish","type":"product","link":"https:\/\/jiujinpower.com\/tr\/urun\/hot-dip-galvanized-steel-ph-extension-ring-chain-link-electric-pole-line-hardware-extension-ring\/","title":{"rendered":"S\u0131cak Dald\u0131rma Galvanizli \u00c7elik PH Uzatma Halkas\u0131 Zincir Ba\u011flant\u0131s\u0131 Elektrik Dire\u011fi Hatt\u0131 Donan\u0131m Uzatma Halkas\u0131"},"content":{"rendered":"<div class=\"dad65929\">\n<div class=\"_4f9bf79 d7dc56a8 _43c05b5\">\n<div class=\"ds-message _63c77b1\">\n<div class=\"ds-markdown\">\n<div class=\"dad65929\">\n<div class=\"_4f9bf79 d7dc56a8 _43c05b5\">\n<div class=\"ds-message _63c77b1\">\n<div class=\"ds-markdown\">\n<div class=\"dad65929\">\n<div class=\"_4f9bf79 d7dc56a8 _43c05b5\">\n<div class=\"ds-message _63c77b1\">\n<div class=\"ds-markdown\">\n<div class=\"dad65929\">\n<div class=\"_4f9bf79 d7dc56a8 _43c05b5\">\n<div class=\"ds-message _63c77b1\">\n<div class=\"ds-markdown\">\n<div class=\"dad65929\">\n<div class=\"_4f9bf79 d7dc56a8 _43c05b5\">\n<div class=\"ds-message _63c77b1\">\n<div class=\"ds-markdown\">\n<ul>\n<li>\n<div class=\"ds-message _63c77b1\">\n<div class=\"ds-markdown\">\n<div class=\"dad65929\">\n<div class=\"_4f9bf79 d7dc56a8 _43c05b5\">\n<div class=\"ds-message _63c77b1\">\n<div class=\"ds-markdown\">\n<div class=\"dad65929\">\n<div class=\"_4f9bf79 d7dc56a8 _43c05b5\">\n<div class=\"ds-message _63c77b1\">\n<div class=\"ds-markdown\">\n<div class=\"dad65929\">\n<div class=\"_4f9bf79 d7dc56a8 _43c05b5\">\n<div class=\"ds-message _63c77b1\">\n<div class=\"ds-markdown\">\n<div class=\"dad65929\">\n<div class=\"_4f9bf79 d7dc56a8 _43c05b5\">\n<div class=\"ds-message _63c77b1\">\n<div class=\"ds-markdown\">\n<p class=\"ds-markdown-paragraph\">Jiujin Electric Power&#8217;s PH Extension Ring is engineered for reliable performance in electrical distribution networks. Manufactured from high-strength carbon steel (Q235B) with a thick hot-dip galvanized coating (\u226585\u00b5m), this extension ring offers exceptional corrosion resistance and durability in harsh outdoor environments. The PH-type design ensures easy installation and secure connections between chain links, insulators, and other pole line hardware. The smooth, rounded edges prevent damage to connected components while maintaining structural integrity under mechanical loads. Ideal for extending insulator strings, adapting hardware configurations, and creating flexible connection points in transmission and distribution systems.<\/p>\n<h3><strong>\u00c7e\u015fitler ve T\u00fcrler Tablosu:<\/strong><\/h3>\n<div class=\"ds-scroll-area _1210dd7 c03cafe9\">\n<div class=\"ds-scroll-area__gutters\">\n<div class=\"ds-scroll-area__horizontal-gutter\"><\/div>\n<div class=\"ds-scroll-area__vertical-gutter\"><\/div>\n<\/div>\n<table>\n<thead>\n<tr>\n<th>\u00d6zellik \/ Tip<\/th>\n<th>\u00d6zellikler &amp; Se\u00e7enekler<\/th>\n<\/tr>\n<\/thead>\n<tbody>\n<tr>\n<td><strong>Malzeme<\/strong><\/td>\n<td>Q235B Karbon \u00c7elik<\/td>\n<\/tr>\n<tr>\n<td><strong>Coating<\/strong><\/td>\n<td>S\u0131cak Dald\u0131rma Galvaniz (\u226585\u00b5m)<\/td>\n<\/tr>\n<tr>\n<td><strong>Size Range<\/strong><\/td>\n<td>PH-16, PH-20, PH-24, PH-30<\/td>\n<\/tr>\n<tr>\n<td><strong>Y\u00fck Kapasitesi<\/strong><\/td>\n<td>25kN to 70kN<\/td>\n<\/tr>\n<tr>\n<td><strong>Standards<\/strong><\/td>\n<td>IEC 61284, ASTM A123, GB\/T 1228<\/td>\n<\/tr>\n<tr>\n<td><strong>Paketleme<\/strong><\/td>\n<td>Bulk Boxes or Carton Packaging<\/td>\n<\/tr>\n<\/tbody>\n<\/table>\n<\/div>\n<h3><strong>Kullan\u0131m Uygulamalar\u0131:<\/strong><\/h3>\n<ul>\n<li>\n<p class=\"ds-markdown-paragraph\"><strong>Insulator String Extension:<\/strong>\u00a0Lengthening suspension and tension insulator assemblies<\/p>\n<\/li>\n<li>\n<p class=\"ds-markdown-paragraph\"><strong>Hardware Adaptation:<\/strong>\u00a0Connecting different types of pole line hardware components<\/p>\n<\/li>\n<li>\n<p class=\"ds-markdown-paragraph\"><strong>Guy Wire Systems:<\/strong>\u00a0Extension points for pole and tower guying applications<\/p>\n<\/li>\n<li>\n<p class=\"ds-markdown-paragraph\"><strong>Distribution Line Accessories:<\/strong>\u00a0Flexible connections in power distribution networks<\/p>\n<\/li>\n<li>\n<p class=\"ds-markdown-paragraph\"><strong>Trafo Merkezi Yap\u0131lar\u0131:<\/strong>\u00a0Extending connections in switchgear and busbar systems<\/p>\n<\/li>\n<li>\n<p class=\"ds-markdown-paragraph\"><strong>Telekom\u00fcnikasyon Kuleleri:<\/strong>\u00a0Hardware extensions for antenna and cable support<\/p>\n<\/li>\n<li>\n<p class=\"ds-markdown-paragraph\"><strong>Yenilenebilir Enerji Projeleri:<\/strong>\u00a0Grid connection extensions for solar and wind farms<\/p>\n<\/li>\n<\/ul>\n<\/div>\n<\/div>\n<\/div>\n<\/div>\n<\/div>\n<\/div>\n<\/div>\n<\/div>\n<\/div>\n<\/div>\n<\/div>\n<\/div>\n<\/div>\n<\/div>\n<\/div>\n<\/div>\n<\/div>\n<\/div>\n<\/li>\n<\/ul>\n<\/div>\n<\/div>\n<\/div>\n<\/div>\n<\/div>\n<\/div>\n<\/div>\n<\/div>\n<\/div>\n<\/div>\n<\/div>\n<\/div>\n<\/div>\n<\/div>\n<\/div>\n<\/div>\n<\/div>\n<\/div>\n<\/div>\n<\/div>","protected":false},"excerpt":{"rendered":"<p class=\"ds-markdown-paragraph\">Professional-grade tangent suspension set clamp for ADSS (All-Dielectric Self-Supporting) cables, manufactured from durable steel and aluminum alloy. Designed for secure aerial cable suspension with excellent corrosion resistance and long-term reliability.<\/p>\n<p><b><a href=\"https:\/\/wa.ms\/008619331959787\" target=\"_blank\" rel=\"noopener\">Reach Out Sat\u0131\u015f Ekibi WhatsApp<\/a><\/b><\/p>","protected":false},"featured_media":7827,"comment_status":"open","ping_status":"closed","template":"","meta":{"_seopress_robots_primary_cat":"none","_seopress_titles_title":"","_seopress_titles_desc":"","_seopress_robots_index":"","site-sidebar-layout":"default","site-content-layout":"","ast-site-content-layout":"default","site-content-style":"default","site-sidebar-style":"default","ast-global-header-display":"","ast-banner-title-visibility":"","ast-main-header-display":"","ast-hfb-above-header-display":"","ast-hfb-below-header-display":"","ast-hfb-mobile-header-display":"","site-post-title":"","ast-breadcrumbs-content":"","ast-featured-img":"","footer-sml-layout":"","ast-disable-related-posts":"","theme-transparent-header-meta":"default","adv-header-id-meta":"","stick-header-meta":"default","header-above-stick-meta":"","header-main-stick-meta":"","header-below-stick-meta":"","astra-migrate-meta-layouts":"set","ast-page-background-enabled":"default","ast-page-background-meta":{"desktop":{"background-color":"var(--ast-global-color-4)","background-image":"","background-repeat":"repeat","background-position":"center center","background-size":"auto","background-attachment":"scroll","background-type":"","background-media":"","overlay-type":"","overlay-color":"","overlay-opacity":"","overlay-gradient":""},"tablet":{"background-color":"","background-image":"","background-repeat":"repeat","background-position":"center center","background-size":"auto","background-attachment":"scroll","background-type":"","background-media":"","overlay-type":"","overlay-color":"","overlay-opacity":"","overlay-gradient":""},"mobile":{"background-color":"","background-image":"","background-repeat":"repeat","background-position":"center center","background-size":"auto","background-attachment":"scroll","background-type":"","background-media":"","overlay-type":"","overlay-color":"","overlay-opacity":"","overlay-gradient":""}},"ast-content-background-meta":{"desktop":{"background-color":"var(--ast-global-color-5)","background-image":"","background-repeat":"repeat","background-position":"center center","background-size":"auto","background-attachment":"scroll","background-type":"","background-media":"","overlay-type":"","overlay-color":"","overlay-opacity":"","overlay-gradient":""},"tablet":{"background-color":"var(--ast-global-color-5)","background-image":"","background-repeat":"repeat","background-position":"center center","background-size":"auto","background-attachment":"scroll","background-type":"","background-media":"","overlay-type":"","overlay-color":"","overlay-opacity":"","overlay-gradient":""},"mobile":{"background-color":"var(--ast-global-color-5)","background-image":"","background-repeat":"repeat","background-position":"center center","background-size":"auto","background-attachment":"scroll","background-type":"","background-media":"","overlay-type":"","overlay-color":"","overlay-opacity":"","overlay-gradient":""}}},"product_brand":[],"product_cat":[42],"product_tag":[],"class_list":{"0":"post-7826","1":"product","2":"type-product","3":"status-publish","4":"has-post-thumbnail","6":"product_cat-pole-line-hardware","7":"desktop-align-center","8":"tablet-align-left","9":"mobile-align-left","10":"ast-product-gallery-layout-horizontal-slider","11":"ast-product-tabs-layout-horizontal","13":"first","14":"instock","15":"shipping-taxable","16":"product-type-simple"},"_links":{"self":[{"href":"https:\/\/jiujinpower.com\/tr\/wp-json\/wp\/v2\/product\/7826","targetHints":{"allow":["GET"]}}],"collection":[{"href":"https:\/\/jiujinpower.com\/tr\/wp-json\/wp\/v2\/product"}],"about":[{"href":"https:\/\/jiujinpower.com\/tr\/wp-json\/wp\/v2\/types\/product"}],"replies":[{"embeddable":true,"href":"https:\/\/jiujinpower.com\/tr\/wp-json\/wp\/v2\/comments?post=7826"}],"wp:featuredmedia":[{"embeddable":true,"href":"https:\/\/jiujinpower.com\/tr\/wp-json\/wp\/v2\/media\/7827"}],"wp:attachment":[{"href":"https:\/\/jiujinpower.com\/tr\/wp-json\/wp\/v2\/media?parent=7826"}],"wp:term":[{"taxonomy":"product_brand","embeddable":true,"href":"https:\/\/jiujinpower.com\/tr\/wp-json\/wp\/v2\/product_brand?post=7826"},{"taxonomy":"product_cat","embeddable":true,"href":"https:\/\/jiujinpower.com\/tr\/wp-json\/wp\/v2\/product_cat?post=7826"},{"taxonomy":"product_tag","embeddable":true,"href":"https:\/\/jiujinpower.com\/tr\/wp-json\/wp\/v2\/product_tag?post=7826"}],"curies":[{"name":"wp","href":"https:\/\/api.w.org\/{rel}","templated":true}]}}