{"id":7689,"date":"2025-11-04T09:15:48","date_gmt":"2025-11-04T09:15:48","guid":{"rendered":"https:\/\/jiujinpower.com\/?post_type=product&#038;p=7689"},"modified":"2025-11-18T01:48:18","modified_gmt":"2025-11-18T01:48:18","slug":"stability-safety-insulated-angle-steel-overhead-power-crossarm-for-substation-power-accessories","status":"publish","type":"product","link":"https:\/\/jiujinpower.com\/tr\/urun\/stability-safety-insulated-angle-steel-overhead-power-crossarm-for-substation-power-accessories\/","title":{"rendered":"Stability &#038; Safety Insulated Angle Steel Overhead Power Crossarm for Substation Power Accessories"},"content":{"rendered":"<div class=\"dad65929\">\n<div class=\"_4f9bf79 d7dc56a8 _43c05b5\">\n<div class=\"ds-message _63c77b1\">\n<div class=\"ds-markdown\">\n<div class=\"dad65929\">\n<div class=\"_4f9bf79 d7dc56a8 _43c05b5\">\n<div class=\"ds-message _63c77b1\">\n<div class=\"ds-markdown\">\n<div class=\"dad65929\">\n<div class=\"_4f9bf79 d7dc56a8 _43c05b5\">\n<div class=\"ds-message _63c77b1\">\n<div class=\"ds-markdown\">\n<div class=\"dad65929\">\n<div class=\"_4f9bf79 d7dc56a8 _43c05b5\">\n<div class=\"ds-message _63c77b1\">\n<div class=\"ds-markdown\">\n<div class=\"dad65929\">\n<div class=\"_4f9bf79 d7dc56a8 _43c05b5\">\n<div class=\"ds-message _63c77b1\">\n<div class=\"ds-markdown\">\n<ul>\n<li>\n<div class=\"dad65929\">\n<div class=\"_4f9bf79 d7dc56a8 _43c05b5\">\n<div class=\"ds-message _63c77b1\">\n<div class=\"ds-markdown\">\n<div class=\"dad65929\">\n<div class=\"_4f9bf79 d7dc56a8 _43c05b5\">\n<div class=\"ds-message _63c77b1\">\n<div class=\"ds-markdown\">\n<div class=\"dad65929\">\n<div class=\"_4f9bf79 d7dc56a8 _43c05b5\">\n<div class=\"ds-message _63c77b1\">\n<div class=\"ds-markdown\">\n<p class=\"ds-markdown-paragraph\">Jiujin Electric Power&#8217;s Insulated Angle Steel Crossarm represents advanced engineering for modern power substations and overhead lines. Manufactured from high-strength galvanized steel with integrated polymer insulation, this crossarm provides exceptional mechanical strength while preventing electrical leakage and flashovers. The angle steel design offers optimal load distribution and structural integrity, supporting heavy conductors and equipment under various environmental conditions. With excellent UV resistance, pollution protection, and durability, this crossarm ensures long-term performance in demanding electrical environments. Ideal for substation structures, transmission towers, and distribution networks, it undergoes rigorous testing to meet international safety and performance standards.<\/p>\n<h3><strong>\u00c7e\u015fitler ve T\u00fcrler Tablosu:<\/strong><\/h3>\n<div class=\"ds-scroll-area _1210dd7 c03cafe9\">\n<div class=\"ds-scroll-area__gutters\">\n<div class=\"ds-scroll-area__horizontal-gutter\"><\/div>\n<div class=\"ds-scroll-area__vertical-gutter\"><\/div>\n<\/div>\n<table>\n<thead>\n<tr>\n<th>\u00d6zellik \/ Tip<\/th>\n<th>\u00d6zellikler &amp; Se\u00e7enekler<\/th>\n<\/tr>\n<\/thead>\n<tbody>\n<tr>\n<td><strong>Malzeme<\/strong><\/td>\n<td>Galvanized Steel with Polymer Insulation<\/td>\n<\/tr>\n<tr>\n<td><strong>Voltage Rating<\/strong><\/td>\n<td>33kV, 66kV, 132kV<\/td>\n<\/tr>\n<tr>\n<td><strong>Length Options<\/strong><\/td>\n<td>1.5m, 2.0m, 2.5m, 3.0m<\/td>\n<\/tr>\n<tr>\n<td><strong>Y\u00fck Kapasitesi<\/strong><\/td>\n<td>20kN to 60kN<\/td>\n<\/tr>\n<tr>\n<td><strong>Insulation Level<\/strong><\/td>\n<td>Class F (155\u00b0C)<\/td>\n<\/tr>\n<tr>\n<td><strong>Standards<\/strong><\/td>\n<td>IEC 61462, ANSI C29.17, GB\/T 10235<\/td>\n<\/tr>\n<tr>\n<td><strong>Paketleme<\/strong><\/td>\n<td>Wooden Crates with Protective Padding<\/td>\n<\/tr>\n<\/tbody>\n<\/table>\n<\/div>\n<h3><strong>Kullan\u0131m Uygulamalar\u0131:<\/strong><\/h3>\n<ul>\n<li>\n<p class=\"ds-markdown-paragraph\"><strong>Electrical Substations:<\/strong>\u00a0Supporting busbars, disconnectors, and other substation equipment<\/p>\n<\/li>\n<li>\n<p class=\"ds-markdown-paragraph\"><strong>Overhead Transmission Lines:<\/strong>\u00a0Providing insulated support for high-voltage conductors<\/p>\n<\/li>\n<li>\n<p class=\"ds-markdown-paragraph\"><strong>Da\u011f\u0131t\u0131m A\u011flar\u0131:<\/strong>\u00a0Secure mounting for distribution line hardware and insulators<\/p>\n<\/li>\n<li>\n<p class=\"ds-markdown-paragraph\"><strong>Renewable Energy Integration:<\/strong>\u00a0Grid connection points for solar and wind farms<\/p>\n<\/li>\n<li>\n<p class=\"ds-markdown-paragraph\"><strong>Industrial Power Systems:<\/strong>\u00a0Supporting electrical components in industrial facilities<\/p>\n<\/li>\n<li>\n<p class=\"ds-markdown-paragraph\"><strong>Demiryolu Elektrifikasyonu:<\/strong>\u00a0Insulated support for catenary systems and power lines<\/p>\n<\/li>\n<li>\n<p class=\"ds-markdown-paragraph\"><strong>Urban Power Networks:<\/strong> Compact and safe solutions for densely populated area<\/p>\n<\/li>\n<\/ul>\n<\/div>\n<\/div>\n<div class=\"ds-flex _0a3d93b\">\n<div class=\"ds-flex _965abe9 _54866f7\"><\/div>\n<\/div>\n<\/div>\n<\/div>\n<\/div>\n<\/div>\n<\/div>\n<\/div>\n<\/div>\n<\/div>\n<\/div>\n<\/div>\n<\/li>\n<\/ul>\n<\/div>\n<\/div>\n<\/div>\n<\/div>\n<\/div>\n<\/div>\n<\/div>\n<\/div>\n<\/div>\n<\/div>\n<\/div>\n<\/div>\n<\/div>\n<\/div>\n<\/div>\n<\/div>\n<\/div>\n<\/div>\n<\/div>\n<\/div>","protected":false},"excerpt":{"rendered":"<p class=\"ds-markdown-paragraph\">High-strength insulated angle steel crossarm designed for enhanced stability and safety in substation and overhead power applications. Features composite insulation, corrosion-resistant coating, and robust construction for reliable power distribution.<\/p>\n<p><b><a href=\"https:\/\/wa.ms\/008619331959787\" target=\"_blank\" rel=\"noopener\">Reach Out Sat\u0131\u015f Ekibi WhatsApp<\/a><\/b><\/p>","protected":false},"featured_media":7691,"comment_status":"open","ping_status":"closed","template":"","meta":{"_seopress_robots_primary_cat":"none","_seopress_titles_title":"","_seopress_titles_desc":"","_seopress_robots_index":"","site-sidebar-layout":"default","site-content-layout":"","ast-site-content-layout":"default","site-content-style":"default","site-sidebar-style":"default","ast-global-header-display":"","ast-banner-title-visibility":"","ast-main-header-display":"","ast-hfb-above-header-display":"","ast-hfb-below-header-display":"","ast-hfb-mobile-header-display":"","site-post-title":"","ast-breadcrumbs-content":"","ast-featured-img":"","footer-sml-layout":"","ast-disable-related-posts":"","theme-transparent-header-meta":"default","adv-header-id-meta":"","stick-header-meta":"default","header-above-stick-meta":"","header-main-stick-meta":"","header-below-stick-meta":"","astra-migrate-meta-layouts":"set","ast-page-background-enabled":"default","ast-page-background-meta":{"desktop":{"background-color":"var(--ast-global-color-4)","background-image":"","background-repeat":"repeat","background-position":"center center","background-size":"auto","background-attachment":"scroll","background-type":"","background-media":"","overlay-type":"","overlay-color":"","overlay-opacity":"","overlay-gradient":""},"tablet":{"background-color":"","background-image":"","background-repeat":"repeat","background-position":"center center","background-size":"auto","background-attachment":"scroll","background-type":"","background-media":"","overlay-type":"","overlay-color":"","overlay-opacity":"","overlay-gradient":""},"mobile":{"background-color":"","background-image":"","background-repeat":"repeat","background-position":"center center","background-size":"auto","background-attachment":"scroll","background-type":"","background-media":"","overlay-type":"","overlay-color":"","overlay-opacity":"","overlay-gradient":""}},"ast-content-background-meta":{"desktop":{"background-color":"var(--ast-global-color-5)","background-image":"","background-repeat":"repeat","background-position":"center center","background-size":"auto","background-attachment":"scroll","background-type":"","background-media":"","overlay-type":"","overlay-color":"","overlay-opacity":"","overlay-gradient":""},"tablet":{"background-color":"var(--ast-global-color-5)","background-image":"","background-repeat":"repeat","background-position":"center center","background-size":"auto","background-attachment":"scroll","background-type":"","background-media":"","overlay-type":"","overlay-color":"","overlay-opacity":"","overlay-gradient":""},"mobile":{"background-color":"var(--ast-global-color-5)","background-image":"","background-repeat":"repeat","background-position":"center center","background-size":"auto","background-attachment":"scroll","background-type":"","background-media":"","overlay-type":"","overlay-color":"","overlay-opacity":"","overlay-gradient":""}}},"product_brand":[],"product_cat":[42,53,47],"product_tag":[],"class_list":{"0":"post-7689","1":"product","2":"type-product","3":"status-publish","4":"has-post-thumbnail","6":"product_cat-pole-line-hardware","7":"product_cat-power-accessories","8":"product_cat-suspended","9":"desktop-align-center","10":"tablet-align-left","11":"mobile-align-left","12":"ast-product-gallery-layout-horizontal-slider","13":"ast-product-tabs-layout-horizontal","15":"first","16":"instock","17":"shipping-taxable","18":"product-type-simple"},"_links":{"self":[{"href":"https:\/\/jiujinpower.com\/tr\/wp-json\/wp\/v2\/product\/7689","targetHints":{"allow":["GET"]}}],"collection":[{"href":"https:\/\/jiujinpower.com\/tr\/wp-json\/wp\/v2\/product"}],"about":[{"href":"https:\/\/jiujinpower.com\/tr\/wp-json\/wp\/v2\/types\/product"}],"replies":[{"embeddable":true,"href":"https:\/\/jiujinpower.com\/tr\/wp-json\/wp\/v2\/comments?post=7689"}],"wp:featuredmedia":[{"embeddable":true,"href":"https:\/\/jiujinpower.com\/tr\/wp-json\/wp\/v2\/media\/7691"}],"wp:attachment":[{"href":"https:\/\/jiujinpower.com\/tr\/wp-json\/wp\/v2\/media?parent=7689"}],"wp:term":[{"taxonomy":"product_brand","embeddable":true,"href":"https:\/\/jiujinpower.com\/tr\/wp-json\/wp\/v2\/product_brand?post=7689"},{"taxonomy":"product_cat","embeddable":true,"href":"https:\/\/jiujinpower.com\/tr\/wp-json\/wp\/v2\/product_cat?post=7689"},{"taxonomy":"product_tag","embeddable":true,"href":"https:\/\/jiujinpower.com\/tr\/wp-json\/wp\/v2\/product_tag?post=7689"}],"curies":[{"name":"wp","href":"https:\/\/api.w.org\/{rel}","templated":true}]}}