{"id":6939,"date":"2025-09-01T09:48:18","date_gmt":"2025-09-01T09:48:18","guid":{"rendered":"https:\/\/jiujinpower.com\/?post_type=product&#038;p=6939"},"modified":"2025-10-22T05:38:54","modified_gmt":"2025-10-22T05:38:54","slug":"cift-delikli-plaka-ve-u-civatalar-cift-basincli-tek-plaka-celik-gunes-fotovoltaik-aksesuarlari-dogrudan-cindeki-fabrikadan","status":"publish","type":"product","link":"https:\/\/jiujinpower.com\/tr\/urun\/cift-delikli-plaka-ve-u-civatalar-cift-basincli-tek-plaka-celik-gunes-fotovoltaik-aksesuarlari-dogrudan-cindeki-fabrikadan\/","title":{"rendered":"\u00c7ift Delikli Merdane ve U C\u0131vatalar \u00c7ift Bas\u0131n\u00e7l\u0131 Tek Merdane \u00c7elik G\u00fcne\u015f Fotovoltaik Aksesuarlar\u0131 Do\u011frudan \u00c7in'deki Fabrikadan"},"content":{"rendered":"<p class=\"ds-markdown-paragraph\">Jiujin \u00c7ift Delikli Merdane ve U-C\u0131vata Tertibat\u0131, g\u00fcne\u015f fotovoltaik montaj sistemleri i\u00e7in \u00f6zel olarak tasarlanm\u0131\u015ft\u0131r ve panel kurulumu i\u00e7in \u00fcst\u00fcn stabilite ve ayarlanabilirlik sunar. \u00c7ift delikli plaka, bas\u0131nc\u0131 g\u00fcne\u015f raylar\u0131 boyunca e\u015fit olarak da\u011f\u0131tarak deformasyonu \u00f6nler ve g\u00fcvenli bir tutu\u015f sa\u011flarken, g\u00fc\u00e7lendirilmi\u015f U c\u0131vatalar maksimum kavrama g\u00fcc\u00fc i\u00e7in 360 derecelik temas sa\u011flar. Kal\u0131n s\u0131cak dald\u0131rma galvaniz kaplamal\u0131 y\u00fcksek kaliteli karbon \u00e7eli\u011finden \u00fcretilen bu tertibat, UV \u0131\u015f\u0131nlar\u0131na maruz kalma, nem ve s\u0131cakl\u0131k dalgalanmalar\u0131 gibi zorlu \u00e7evre ko\u015fullar\u0131na dayan\u0131r. Fabrikam\u0131zda \u00fcretilen bu bile\u015fenler, b\u00fcy\u00fck g\u00fcne\u015f montaj sistemleriyle sorunsuz bir \u015fekilde entegre olacak \u015fekilde hassas bir \u015fekilde \u00fcretilmi\u015ftir ve ticari ve \u015febeke \u00f6l\u00e7e\u011findeki g\u00fcne\u015f enerjisi projeleri i\u00e7in g\u00fcvenilir performans ve uzun s\u00fcreli dayan\u0131kl\u0131l\u0131k sa\u011flar.<\/p>\n<h4><strong>\u00a0 \u00a0\u00c7e\u015fitler &amp; T\u00fcrler Tablosu<\/strong><\/h4>\n<div class=\"ds-scroll-area _1210dd7\">\n<div class=\"ds-scroll-area__gutters\">\n<div class=\"ds-scroll-area__horizontal-gutter\"><\/div>\n<div class=\"ds-scroll-area__vertical-gutter\"><\/div>\n<\/div>\n<table>\n<thead>\n<tr>\n<th>\u00d6zellik \/ Tip<\/th>\n<th>Jiujin Electric Power Taraf\u0131ndan Sunulan \u00d6zellikler ve Se\u00e7enekler<\/th>\n<\/tr>\n<\/thead>\n<tbody>\n<tr>\n<td><strong>Model\/Tip<\/strong><\/td>\n<td>DP-40, DP-41, DP-42 (Farkl\u0131 ray profilleri i\u00e7in seriler)<\/td>\n<\/tr>\n<tr>\n<td><strong>Malzeme<\/strong><\/td>\n<td>Y\u00fcksek Mukavemetli Karbon \u00c7elik (Q235B\/Q345B)<\/td>\n<\/tr>\n<tr>\n<td><strong>Standart<\/strong><\/td>\n<td>ISO 1461, ASTM A123 ve ilgili g\u00fcne\u015f montaj standartlar\u0131n\u0131 kar\u015f\u0131lar<\/td>\n<\/tr>\n<tr>\n<td><strong>Kaplama\/Bitirme<\/strong><\/td>\n<td>S\u0131cak Dald\u0131rma Galvaniz (Standart kaplama kal\u0131nl\u0131\u011f\u0131: \u226585\u00b5m)<\/td>\n<\/tr>\n<tr>\n<td><strong>Boyut \/ Ebatlar<\/strong><\/td>\n<td>U-Bolt \u00e7aplar\u0131: M8, M10, M12; Merdane boyutlar\u0131: 40x40mm ila 60x80mm; 30-50mm ray geni\u015flikleri ile uyumlu<\/td>\n<\/tr>\n<tr>\n<td><strong>Y\u00fck Derecesi<\/strong><\/td>\n<td>2.5 kN, 4.0 kN, 6.0 kN (s\u0131k\u0131\u015ft\u0131rma kuvveti, boyuta g\u00f6re de\u011fi\u015fir)<\/td>\n<\/tr>\n<tr>\n<td><strong>Paketleme<\/strong><\/td>\n<td>Korozyon \u00f6nleyici torbalarda, kartonlarda veya d\u00f6kme kutularda paketlenmi\u015f setler<\/td>\n<\/tr>\n<\/tbody>\n<\/table>\n<\/div>\n<h4><strong>\u00a0 \u00a0Kullan\u0131m Uygulamalar\u0131<\/strong><\/h4>\n<ul>\n<li>\n<p class=\"ds-markdown-paragraph\"><strong>G\u00fcne\u015f Paneli Montaj\u0131:<\/strong>\u00a0PV mod\u00fcllerini \u00e7at\u0131lardaki montaj raylar\u0131na ve zemin montajlar\u0131na sabitlemek i\u00e7in birincil kullan\u0131m<\/p>\n<\/li>\n<li>\n<p class=\"ds-markdown-paragraph\"><strong>Ray-Purlin Ba\u011flant\u0131s\u0131:<\/strong>\u00a0Ticari \u00e7at\u0131 kaplama sistemlerinde g\u00fcne\u015f raylar\u0131n\u0131n a\u015f\u0131klara ba\u011flanmas\u0131<\/p>\n<\/li>\n<li>\n<p class=\"ds-markdown-paragraph\"><strong>Zemin Montaj Sistemleri:<\/strong>\u00a0Raf yap\u0131lar\u0131n\u0131n zemin temellerine ve kaz\u0131klara sabitlenmesi<\/p>\n<\/li>\n<li>\n<p class=\"ds-markdown-paragraph\"><strong>Carport Kurulumlar\u0131:<\/strong>\u00a0Solar carport \u00e7er\u00e7eveleri i\u00e7in yap\u0131sal ba\u011flant\u0131lar\u0131n sa\u011flanmas\u0131<\/p>\n<\/li>\n<li>\n<p class=\"ds-markdown-paragraph\"><strong>BIPV (Bina Entegre PV):<\/strong>\u00a0G\u00fcne\u015f panellerinin bina yap\u0131lar\u0131na entegre edilmesi<\/p>\n<\/li>\n<li>\n<p class=\"ds-markdown-paragraph\"><strong>Takip Sistemleri:<\/strong>\u00a0G\u00fcne\u015f takip sistemi kurulumlar\u0131 i\u00e7in montaj bile\u015fenleri<\/p>\n<\/li>\n<li>\n<p class=\"ds-markdown-paragraph\"><strong>Tar\u0131msal G\u00fcne\u015f:<\/strong>\u00a0Tar\u0131msal binalar ve arazilerdeki g\u00fcne\u015f panelleri i\u00e7in g\u00fcvenli montaj<\/p>\n<\/li>\n<\/ul>","protected":false},"excerpt":{"rendered":"<p class=\"ds-markdown-paragraph\">G\u00fcvenli ve ayarlanabilir g\u00fcne\u015f paneli kurulumu i\u00e7in tasarlanm\u0131\u015f \u00e7ift delikli bir plaka ve U c\u0131vatalar\u0131 i\u00e7eren a\u011f\u0131r hizmet tipi, s\u0131cak dald\u0131rma galvanizli \u00e7elik montaj tertibat\u0131. Bu sistem, \u00e7e\u015fitli solar raf konfig\u00fcrasyonlar\u0131 i\u00e7in sa\u011flam s\u0131k\u0131\u015ft\u0131rma kuvveti, korozyon direnci ve \u00e7ok y\u00f6nl\u00fc montaj se\u00e7enekleri sa\u011flar.<\/p>\n<p><b><a href=\"https:\/\/wa.ms\/008619331959787\" target=\"_blank\" rel=\"noopener\">Reach Out Sat\u0131\u015f Ekibi WhatsApp<\/a><\/b><\/p>","protected":false},"featured_media":6942,"comment_status":"open","ping_status":"closed","template":"","meta":{"_seopress_robots_primary_cat":"none","_seopress_titles_title":"","_seopress_titles_desc":"%%post_content%%","_seopress_robots_index":"","site-sidebar-layout":"default","site-content-layout":"","ast-site-content-layout":"default","site-content-style":"default","site-sidebar-style":"default","ast-global-header-display":"","ast-banner-title-visibility":"","ast-main-header-display":"","ast-hfb-above-header-display":"","ast-hfb-below-header-display":"","ast-hfb-mobile-header-display":"","site-post-title":"","ast-breadcrumbs-content":"","ast-featured-img":"","footer-sml-layout":"","ast-disable-related-posts":"","theme-transparent-header-meta":"default","adv-header-id-meta":"","stick-header-meta":"default","header-above-stick-meta":"","header-main-stick-meta":"","header-below-stick-meta":"","astra-migrate-meta-layouts":"set","ast-page-background-enabled":"default","ast-page-background-meta":{"desktop":{"background-color":"var(--ast-global-color-4)","background-image":"","background-repeat":"repeat","background-position":"center center","background-size":"auto","background-attachment":"scroll","background-type":"","background-media":"","overlay-type":"","overlay-color":"","overlay-opacity":"","overlay-gradient":""},"tablet":{"background-color":"","background-image":"","background-repeat":"repeat","background-position":"center center","background-size":"auto","background-attachment":"scroll","background-type":"","background-media":"","overlay-type":"","overlay-color":"","overlay-opacity":"","overlay-gradient":""},"mobile":{"background-color":"","background-image":"","background-repeat":"repeat","background-position":"center center","background-size":"auto","background-attachment":"scroll","background-type":"","background-media":"","overlay-type":"","overlay-color":"","overlay-opacity":"","overlay-gradient":""}},"ast-content-background-meta":{"desktop":{"background-color":"var(--ast-global-color-5)","background-image":"","background-repeat":"repeat","background-position":"center center","background-size":"auto","background-attachment":"scroll","background-type":"","background-media":"","overlay-type":"","overlay-color":"","overlay-opacity":"","overlay-gradient":""},"tablet":{"background-color":"var(--ast-global-color-5)","background-image":"","background-repeat":"repeat","background-position":"center center","background-size":"auto","background-attachment":"scroll","background-type":"","background-media":"","overlay-type":"","overlay-color":"","overlay-opacity":"","overlay-gradient":""},"mobile":{"background-color":"var(--ast-global-color-5)","background-image":"","background-repeat":"repeat","background-position":"center center","background-size":"auto","background-attachment":"scroll","background-type":"","background-media":"","overlay-type":"","overlay-color":"","overlay-opacity":"","overlay-gradient":""}}},"product_brand":[],"product_cat":[44],"product_tag":[],"class_list":{"0":"post-6939","1":"product","2":"type-product","3":"status-publish","4":"has-post-thumbnail","6":"product_cat-brackets","7":"desktop-align-center","8":"tablet-align-left","9":"mobile-align-left","10":"ast-product-gallery-layout-horizontal-slider","11":"ast-product-tabs-layout-horizontal","13":"first","14":"instock","15":"shipping-taxable","16":"product-type-simple"},"_links":{"self":[{"href":"https:\/\/jiujinpower.com\/tr\/wp-json\/wp\/v2\/product\/6939","targetHints":{"allow":["GET"]}}],"collection":[{"href":"https:\/\/jiujinpower.com\/tr\/wp-json\/wp\/v2\/product"}],"about":[{"href":"https:\/\/jiujinpower.com\/tr\/wp-json\/wp\/v2\/types\/product"}],"replies":[{"embeddable":true,"href":"https:\/\/jiujinpower.com\/tr\/wp-json\/wp\/v2\/comments?post=6939"}],"wp:featuredmedia":[{"embeddable":true,"href":"https:\/\/jiujinpower.com\/tr\/wp-json\/wp\/v2\/media\/6942"}],"wp:attachment":[{"href":"https:\/\/jiujinpower.com\/tr\/wp-json\/wp\/v2\/media?parent=6939"}],"wp:term":[{"taxonomy":"product_brand","embeddable":true,"href":"https:\/\/jiujinpower.com\/tr\/wp-json\/wp\/v2\/product_brand?post=6939"},{"taxonomy":"product_cat","embeddable":true,"href":"https:\/\/jiujinpower.com\/tr\/wp-json\/wp\/v2\/product_cat?post=6939"},{"taxonomy":"product_tag","embeddable":true,"href":"https:\/\/jiujinpower.com\/tr\/wp-json\/wp\/v2\/product_tag?post=6939"}],"curies":[{"name":"wp","href":"https:\/\/api.w.org\/{rel}","templated":true}]}}