{"id":6884,"date":"2025-08-11T03:28:35","date_gmt":"2025-08-11T03:28:35","guid":{"rendered":"https:\/\/jiujinpower.com\/?post_type=product&#038;p=6884"},"modified":"2025-10-22T07:34:08","modified_gmt":"2025-10-22T07:34:08","slug":"sicak-daldirma-galvanizli-evrensel-kelepce-diregi-kafa-halkasi-direk-hatti-donanimi-icin-elektrik-guc-aksesuarlari-dogrudan-hebei-cindeki-fabrikadan","status":"publish","type":"product","link":"https:\/\/jiujinpower.com\/tr\/urun\/sicak-daldirma-galvanizli-evrensel-kelepce-diregi-kafa-halkasi-direk-hatti-donanimi-icin-elektrik-guc-aksesuarlari-dogrudan-hebei-cindeki-fabrikadan\/","title":{"rendered":"Hebei \u00c7in'deki Fabrikadan Do\u011frudan Kutup Hatt\u0131 Donan\u0131m\u0131 Elektrik G\u00fc\u00e7 Aksesuarlar\u0131 i\u00e7in S\u0131cak Dald\u0131rma Galvanizli Evrensel Kelep\u00e7e Kutup Ba\u015f Halkas\u0131"},"content":{"rendered":"<p class=\"ds-markdown-paragraph\">Jiujin Electric Power'\u0131n Evrensel Kelep\u00e7e Direk Ba\u015f\u0131 Halkas\u0131, havai enerji hatt\u0131 uygulamalar\u0131nda \u00fcst\u00fcn i\u015flevsellik ve dayan\u0131kl\u0131l\u0131k i\u00e7in tasarlanm\u0131\u015ft\u0131r. Y\u00fcksek mukavemetli karbon \u00e7eli\u011finden \u00fcretilen ve a\u011f\u0131r hizmet tipi s\u0131cak dald\u0131rma galvaniz kaplama ile korunan bu kafa halkas\u0131 korozyona, UV \u0131\u015f\u0131nlar\u0131na ve a\u015f\u0131r\u0131 hava ko\u015fullar\u0131na kar\u015f\u0131 ola\u011fan\u00fcst\u00fc diren\u00e7 sunar. Evrensel tasar\u0131m, ah\u015fap, beton ve \u00e7elik dahil olmak \u00fczere \u00e7e\u015fitli direk \u00e7aplar\u0131na ve t\u00fcrlerine uyan ayarlanabilir bir s\u0131k\u0131\u015ft\u0131rma mekanizmas\u0131na sahiptir. Entegre halka, izolat\u00f6rler, transformat\u00f6rler ve di\u011fer hat donan\u0131mlar\u0131 i\u00e7in g\u00fcvenli bir ba\u011flant\u0131 noktas\u0131 sa\u011flayarak istikrarl\u0131 ve g\u00fcvenilir performans sa\u011flar. Hebei tesisimizde hassasiyetle \u00fcretilen bu direk ba\u015f\u0131 halkas\u0131, elektrik altyap\u0131 projelerinde g\u00fcvenlik ve verimlilik i\u00e7in zorlu end\u00fcstri standartlar\u0131n\u0131 kar\u015f\u0131lar.<\/p>\n<h4><strong>3. \u00c7e\u015fitler ve T\u00fcrler Tablosu<\/strong><\/h4>\n<div class=\"ds-scroll-area _1210dd7\">\n<div class=\"ds-scroll-area__gutters\">\n<div class=\"ds-scroll-area__horizontal-gutter\"><\/div>\n<div class=\"ds-scroll-area__vertical-gutter\"><\/div>\n<\/div>\n<table>\n<thead>\n<tr>\n<th>\u00d6zellik \/ Tip<\/th>\n<th>Jiujin Electric Power Taraf\u0131ndan Sunulan \u00d6zellikler ve Se\u00e7enekler<\/th>\n<\/tr>\n<\/thead>\n<tbody>\n<tr>\n<td><strong>Model\/Tip<\/strong><\/td>\n<td>UCPHR-150, UCPHR-200, UCPHR-250 (Maksimum direk \u00e7ap\u0131n\u0131 mm cinsinden g\u00f6sterir)<\/td>\n<\/tr>\n<tr>\n<td><strong>Malzeme<\/strong><\/td>\n<td>Y\u00fcksek Mukavemetli Karbon \u00c7elik (Q235B\/Q345B S\u0131n\u0131f\u0131)<\/td>\n<\/tr>\n<tr>\n<td><strong>Standart<\/strong><\/td>\n<td>IEC 61284, ASTM A123 ve GB\/T 13912 ile uyumludur<\/td>\n<\/tr>\n<tr>\n<td><strong>Kaplama\/Bitirme<\/strong><\/td>\n<td>S\u0131cak Dald\u0131rma Galvaniz (Minimum kaplama kal\u0131nl\u0131\u011f\u0131: 85\u00b5m)<\/td>\n<\/tr>\n<tr>\n<td><strong>Boyut \/ Ebatlar<\/strong><\/td>\n<td>Direk \u00e7aplar\u0131 i\u00e7in ayarlanabilir: 150mm-250mm; Halka \u00e7ap\u0131: 50mm-80mm<\/td>\n<\/tr>\n<tr>\n<td><strong>Y\u00fck Kapasitesi<\/strong><\/td>\n<td>10 kN, 15 kN, 20 kN (modele ve uygulamaya g\u00f6re de\u011fi\u015fir)<\/td>\n<\/tr>\n<tr>\n<td><strong>Paketleme<\/strong><\/td>\n<td>Tekli poli torbalar, kartonlar veya d\u00f6kme paletli ambalajlar<\/td>\n<\/tr>\n<\/tbody>\n<\/table>\n<\/div>\n<h4><strong>4. Kullan\u0131m Uygulamalar\u0131<\/strong><\/h4>\n<ul>\n<li>\n<p class=\"ds-markdown-paragraph\"><strong>Direk \u00dcst\u00fc Montaj:<\/strong>\u00a0\u0130zolat\u00f6rlerin, transformat\u00f6rlerin ve di\u011fer donan\u0131mlar\u0131n elektrik direklerinin tepesine g\u00fcvenli bir \u015fekilde ba\u011flanmas\u0131<\/p>\n<\/li>\n<li>\n<p class=\"ds-markdown-paragraph\"><strong>\u00c7apraz Kol Deste\u011fi:<\/strong>\u00a0G\u00fc\u00e7 da\u011f\u0131t\u0131m sistemlerindeki \u00e7apraz kollar i\u00e7in ek destek ve stabilite sa\u011flama<\/p>\n<\/li>\n<li>\n<p class=\"ds-markdown-paragraph\"><strong>Hat Donan\u0131m Kurulumu:<\/strong>\u00a0Havai elektrik hatlar\u0131 i\u00e7in \u00e7e\u015fitli elektrik bile\u015fenlerinin direklere monte edilmesi<\/p>\n<\/li>\n<li>\n<p class=\"ds-markdown-paragraph\"><strong>Telekom\u00fcnikasyon Ekipmanlar\u0131:<\/strong>\u00a0Elektrik direkleri \u00fczerindeki ileti\u015fim cihazlar\u0131n\u0131n ve antenlerin desteklenmesi<\/p>\n<\/li>\n<li>\n<p class=\"ds-markdown-paragraph\"><strong>Sokak Lambas\u0131 Montaj\u0131:<\/strong>\u00a0Ayd\u0131nlatma armat\u00fcrlerinin ayarlanabilir kelep\u00e7e ile direklere sabitlenmesi<\/p>\n<\/li>\n<li>\n<p class=\"ds-markdown-paragraph\"><strong>Ge\u00e7ici G\u00fc\u00e7 kurulumlar\u0131:<\/strong>\u00a0Ge\u00e7ici elektrik tesisatlar\u0131 i\u00e7in h\u0131zl\u0131 ve g\u00fcvenilir montaj<\/p>\n<\/li>\n<li>\n<p class=\"ds-markdown-paragraph\"><strong>Gergi Teli Ba\u011flant\u0131s\u0131:<\/strong>\u00a0Direk stabilizasyonu ve gergi teli sistemleri i\u00e7in ankraj noktalar\u0131 sunar<\/p>\n<\/li>\n<\/ul>","protected":false},"excerpt":{"rendered":"<p class=\"ds-markdown-paragraph\">Elektrik donan\u0131m\u0131n\u0131n elektrik direklerinin tepesine \u00e7ok y\u00f6nl\u00fc ve g\u00fcvenli bir \u015fekilde monte edilmesi i\u00e7in tasarlanm\u0131\u015f s\u0131cak dald\u0131rma galvanizli \u00fcniversal kelep\u00e7eli direk ba\u015f\u0131 halkas\u0131. Ayarlanabilir tasar\u0131m\u0131 ve korozyona dayan\u0131kl\u0131 kaplamas\u0131, g\u00fc\u00e7 da\u011f\u0131t\u0131m sistemlerinde g\u00fcvenilir performans sa\u011flar.<\/p>\n<p><b><a href=\"https:\/\/wa.ms\/008619331959787\" target=\"_blank\" rel=\"noopener\">Reach Out Sat\u0131\u015f Ekibi WhatsApp<\/a><\/b><\/p>","protected":false},"featured_media":6887,"comment_status":"open","ping_status":"closed","template":"","meta":{"_seopress_robots_primary_cat":"none","_seopress_titles_title":"","_seopress_titles_desc":"","_seopress_robots_index":"","site-sidebar-layout":"default","site-content-layout":"","ast-site-content-layout":"default","site-content-style":"default","site-sidebar-style":"default","ast-global-header-display":"","ast-banner-title-visibility":"","ast-main-header-display":"","ast-hfb-above-header-display":"","ast-hfb-below-header-display":"","ast-hfb-mobile-header-display":"","site-post-title":"","ast-breadcrumbs-content":"","ast-featured-img":"","footer-sml-layout":"","ast-disable-related-posts":"","theme-transparent-header-meta":"default","adv-header-id-meta":"","stick-header-meta":"default","header-above-stick-meta":"","header-main-stick-meta":"","header-below-stick-meta":"","astra-migrate-meta-layouts":"set","ast-page-background-enabled":"default","ast-page-background-meta":{"desktop":{"background-color":"var(--ast-global-color-4)","background-image":"","background-repeat":"repeat","background-position":"center center","background-size":"auto","background-attachment":"scroll","background-type":"","background-media":"","overlay-type":"","overlay-color":"","overlay-opacity":"","overlay-gradient":""},"tablet":{"background-color":"","background-image":"","background-repeat":"repeat","background-position":"center center","background-size":"auto","background-attachment":"scroll","background-type":"","background-media":"","overlay-type":"","overlay-color":"","overlay-opacity":"","overlay-gradient":""},"mobile":{"background-color":"","background-image":"","background-repeat":"repeat","background-position":"center center","background-size":"auto","background-attachment":"scroll","background-type":"","background-media":"","overlay-type":"","overlay-color":"","overlay-opacity":"","overlay-gradient":""}},"ast-content-background-meta":{"desktop":{"background-color":"var(--ast-global-color-5)","background-image":"","background-repeat":"repeat","background-position":"center center","background-size":"auto","background-attachment":"scroll","background-type":"","background-media":"","overlay-type":"","overlay-color":"","overlay-opacity":"","overlay-gradient":""},"tablet":{"background-color":"var(--ast-global-color-5)","background-image":"","background-repeat":"repeat","background-position":"center center","background-size":"auto","background-attachment":"scroll","background-type":"","background-media":"","overlay-type":"","overlay-color":"","overlay-opacity":"","overlay-gradient":""},"mobile":{"background-color":"var(--ast-global-color-5)","background-image":"","background-repeat":"repeat","background-position":"center center","background-size":"auto","background-attachment":"scroll","background-type":"","background-media":"","overlay-type":"","overlay-color":"","overlay-opacity":"","overlay-gradient":""}}},"product_brand":[],"product_cat":[42],"product_tag":[],"class_list":{"0":"post-6884","1":"product","2":"type-product","3":"status-publish","4":"has-post-thumbnail","6":"product_cat-pole-line-hardware","7":"desktop-align-center","8":"tablet-align-left","9":"mobile-align-left","10":"ast-product-gallery-layout-horizontal-slider","11":"ast-product-tabs-layout-horizontal","13":"first","14":"instock","15":"shipping-taxable","16":"product-type-simple"},"_links":{"self":[{"href":"https:\/\/jiujinpower.com\/tr\/wp-json\/wp\/v2\/product\/6884","targetHints":{"allow":["GET"]}}],"collection":[{"href":"https:\/\/jiujinpower.com\/tr\/wp-json\/wp\/v2\/product"}],"about":[{"href":"https:\/\/jiujinpower.com\/tr\/wp-json\/wp\/v2\/types\/product"}],"replies":[{"embeddable":true,"href":"https:\/\/jiujinpower.com\/tr\/wp-json\/wp\/v2\/comments?post=6884"}],"wp:featuredmedia":[{"embeddable":true,"href":"https:\/\/jiujinpower.com\/tr\/wp-json\/wp\/v2\/media\/6887"}],"wp:attachment":[{"href":"https:\/\/jiujinpower.com\/tr\/wp-json\/wp\/v2\/media?parent=6884"}],"wp:term":[{"taxonomy":"product_brand","embeddable":true,"href":"https:\/\/jiujinpower.com\/tr\/wp-json\/wp\/v2\/product_brand?post=6884"},{"taxonomy":"product_cat","embeddable":true,"href":"https:\/\/jiujinpower.com\/tr\/wp-json\/wp\/v2\/product_cat?post=6884"},{"taxonomy":"product_tag","embeddable":true,"href":"https:\/\/jiujinpower.com\/tr\/wp-json\/wp\/v2\/product_tag?post=6884"}],"curies":[{"name":"wp","href":"https:\/\/api.w.org\/{rel}","templated":true}]}}