{"id":6868,"date":"2025-07-15T09:55:35","date_gmt":"2025-07-15T09:55:35","guid":{"rendered":"https:\/\/jiujinpower.com\/?post_type=product&#038;p=6868"},"modified":"2025-10-22T07:34:46","modified_gmt":"2025-10-22T07:34:46","slug":"kaynak-gunes-montaj-si%cc%87stemi%cc%87-topraklama-helezon-vi%cc%87da-ankrajlari-dogrudan-hebei%cc%87-ci%cc%87ndeki%cc%87-fabri%cc%87kadan","status":"publish","type":"product","link":"https:\/\/jiujinpower.com\/tr\/urun\/kaynak-gunes-montaj-si%cc%87stemi%cc%87-topraklama-helezon-vi%cc%87da-ankrajlari-dogrudan-hebei%cc%87-ci%cc%87ndeki%cc%87-fabri%cc%87kadan\/","title":{"rendered":"Kaynak G\u00fcne\u015f Montaj Sistemi Toprak Zemin Helisel Vidal\u0131 Ankrajlar Do\u011frudan Hebei \u00c7in'deki Fabrikadan"},"content":{"rendered":"<p class=\"ds-markdown-paragraph\">Jiujin Electric Power'\u0131n Helisel Vidal\u0131 Ankrajlar\u0131, g\u00fcne\u015f enerjisi montaj sistemi topraklama uygulamalar\u0131 i\u00e7in \u00f6zel olarak tasarlanm\u0131\u015ft\u0131r. Y\u00fcksek mukavemetli \u00e7elikten \u00fcretilen ve sa\u011flam bir s\u0131cak dald\u0131rma galvaniz kaplamaya sahip olan bu ankrajlar, \u00e7e\u015fitli toprak ko\u015fullar\u0131nda \u00fcst\u00fcn korozyon direnci ve uzun \u00f6m\u00fcrl\u00fcl\u00fck sunar. Helisel tasar\u0131m, standart ekipmanla kolay kurulum sa\u011flayarak saha haz\u0131rl\u0131k s\u00fcresini ve i\u015f\u00e7ilik maliyetlerini en aza indirir. Bu ankrajlar, g\u00fcne\u015f enerjisi tesisatlar\u0131nda etkili y\u0131ld\u0131r\u0131mdan korunma ve elektrik g\u00fcvenli\u011fi i\u00e7in gerekli olan d\u00fc\u015f\u00fck diren\u00e7li toprak ba\u011flant\u0131lar\u0131 sa\u011flar. Hebei fabrikam\u0131zda s\u0131k\u0131 kalite kontrol\u00fc ile \u00fcretilen bu topraklama ankrajlar\u0131, yenilenebilir enerji altyap\u0131s\u0131 i\u00e7in uluslararas\u0131 standartlar\u0131 kar\u015f\u0131lamaktad\u0131r.<\/p>\n<h4><strong>\u00a0 \u00c7e\u015fitler &amp; T\u00fcrler Tablosu<\/strong><\/h4>\n<div class=\"ds-scroll-area _1210dd7\">\n<div class=\"ds-scroll-area__gutters\">\n<div class=\"ds-scroll-area__horizontal-gutter\"><\/div>\n<div class=\"ds-scroll-area__vertical-gutter\"><\/div>\n<\/div>\n<table>\n<thead>\n<tr>\n<th>\u00d6zellik \/ Tip<\/th>\n<th>Jiujin Electric Power Taraf\u0131ndan Sunulan \u00d6zellikler ve Se\u00e7enekler<\/th>\n<\/tr>\n<\/thead>\n<tbody>\n<tr>\n<td><strong>Model\/Tip<\/strong><\/td>\n<td>HSA-50, HSA-60, HSA-75 (mm cinsinden sarmal \u00e7ap\u0131n\u0131 g\u00f6sterir)<\/td>\n<\/tr>\n<tr>\n<td><strong>Malzeme<\/strong><\/td>\n<td>Y\u00fcksek Mukavemetli \u00c7elik (Q235B S\u0131n\u0131f\u0131)<\/td>\n<\/tr>\n<tr>\n<td><strong>Standart<\/strong><\/td>\n<td>IEC 62561-2, UL 467 ve GB\/T 13912 ile uyumludur<\/td>\n<\/tr>\n<tr>\n<td><strong>Kaplama\/Bitirme<\/strong><\/td>\n<td>S\u0131cak Dald\u0131rma Galvaniz (Minimum kaplama kal\u0131nl\u0131\u011f\u0131: 85\u00b5m)<\/td>\n<\/tr>\n<tr>\n<td><strong>Boyut \/ Ebatlar<\/strong><\/td>\n<td>\u015eaft uzunluklar\u0131: 1000-3000mm; Helezon \u00e7aplar\u0131: 50-75mm<\/td>\n<\/tr>\n<tr>\n<td><strong>Montaj Torku<\/strong><\/td>\n<td>100 N-m, 150 N-m, 200 N-m (toprak ko\u015fullar\u0131na g\u00f6re de\u011fi\u015fir)<\/td>\n<\/tr>\n<tr>\n<td><strong>Paketleme<\/strong><\/td>\n<td>Koruyucu kapaklarla paketlenmi\u015f, nakliye i\u00e7in paletlenmi\u015f<\/td>\n<\/tr>\n<\/tbody>\n<\/table>\n<\/div>\n<h4><strong>\u00a0 \u00a0Kullan\u0131m Uygulamalar\u0131<\/strong><\/h4>\n<ul>\n<li>\n<p class=\"ds-markdown-paragraph\"><strong>G\u00fcne\u015f Enerjisi \u00c7iftli\u011fi Topraklamas\u0131:<\/strong>\u00a0\u015eebeke \u00f6l\u00e7ekli g\u00fcne\u015f enerjisi kurulumlar\u0131 i\u00e7in birincil toprak ba\u011flant\u0131lar\u0131<\/p>\n<\/li>\n<li>\n<p class=\"ds-markdown-paragraph\"><strong>\u00c7at\u0131 \u00dcst\u00fc G\u00fcne\u015f Sistemleri:<\/strong>\u00a0Ticari ve konut tipi g\u00fcne\u015f enerjisi dizileri i\u00e7in topraklama<\/p>\n<\/li>\n<li>\n<p class=\"ds-markdown-paragraph\"><strong>Y\u0131ld\u0131r\u0131mdan Korunma:<\/strong>\u00a0G\u00fcne\u015f enerjisi \u00e7iftlikleri i\u00e7in y\u0131ld\u0131r\u0131m \u00f6nleyici sistemlerin temel bile\u015feni<\/p>\n<\/li>\n<li>\n<p class=\"ds-markdown-paragraph\"><strong>Elektrik G\u00fcvenli\u011fi:<\/strong>\u00a0\u0130nvert\u00f6r ve transformat\u00f6r topraklamas\u0131 i\u00e7in g\u00fcvenilir toprak ba\u011flant\u0131lar\u0131n\u0131n sa\u011flanmas\u0131<\/p>\n<\/li>\n<li>\n<p class=\"ds-markdown-paragraph\"><strong>A\u015f\u0131nd\u0131r\u0131c\u0131 Ortamlar:<\/strong>\u00a0K\u0131y\u0131 b\u00f6lgeleri ve y\u00fcksek nemli yerler i\u00e7in uygundur<\/p>\n<\/li>\n<li>\n<p class=\"ds-markdown-paragraph\"><strong>H\u0131zl\u0131 Kurulum Projeleri:<\/strong>\u00a0H\u0131zl\u0131 kurulum ve devreye alma gerektiren projeler i\u00e7in ideal<\/p>\n<\/li>\n<\/ul>","protected":false},"excerpt":{"rendered":"<p class=\"ds-markdown-paragraph\">G\u00fcne\u015f enerjisi montaj sistemlerinin g\u00fcvenli ve verimli bir \u015fekilde topraklanmas\u0131 i\u00e7in tasarlanm\u0131\u015f s\u0131cak dald\u0131rma galvanizli helisel vidal\u0131 ankrajlar. Bu ankrajlar g\u00fcne\u015f enerjisi projeleri i\u00e7in g\u00fcvenilir toprak ba\u011flant\u0131lar\u0131, korozyon direnci ve kolay kurulum sa\u011flar.<\/p>\n<p><b><a href=\"https:\/\/wa.ms\/008619331959787\" target=\"_blank\" rel=\"noopener\">Reach Out Sat\u0131\u015f Ekibi WhatsApp<\/a><\/b><\/p>","protected":false},"featured_media":6876,"comment_status":"open","ping_status":"closed","template":"","meta":{"_seopress_robots_primary_cat":"none","_seopress_titles_title":"%%post_title%%","_seopress_titles_desc":"","_seopress_robots_index":"","site-sidebar-layout":"default","site-content-layout":"","ast-site-content-layout":"default","site-content-style":"default","site-sidebar-style":"default","ast-global-header-display":"","ast-banner-title-visibility":"","ast-main-header-display":"","ast-hfb-above-header-display":"","ast-hfb-below-header-display":"","ast-hfb-mobile-header-display":"","site-post-title":"","ast-breadcrumbs-content":"","ast-featured-img":"","footer-sml-layout":"","ast-disable-related-posts":"","theme-transparent-header-meta":"default","adv-header-id-meta":"","stick-header-meta":"default","header-above-stick-meta":"","header-main-stick-meta":"","header-below-stick-meta":"","astra-migrate-meta-layouts":"set","ast-page-background-enabled":"default","ast-page-background-meta":{"desktop":{"background-color":"var(--ast-global-color-4)","background-image":"","background-repeat":"repeat","background-position":"center center","background-size":"auto","background-attachment":"scroll","background-type":"","background-media":"","overlay-type":"","overlay-color":"","overlay-opacity":"","overlay-gradient":""},"tablet":{"background-color":"","background-image":"","background-repeat":"repeat","background-position":"center center","background-size":"auto","background-attachment":"scroll","background-type":"","background-media":"","overlay-type":"","overlay-color":"","overlay-opacity":"","overlay-gradient":""},"mobile":{"background-color":"","background-image":"","background-repeat":"repeat","background-position":"center center","background-size":"auto","background-attachment":"scroll","background-type":"","background-media":"","overlay-type":"","overlay-color":"","overlay-opacity":"","overlay-gradient":""}},"ast-content-background-meta":{"desktop":{"background-color":"var(--ast-global-color-5)","background-image":"","background-repeat":"repeat","background-position":"center center","background-size":"auto","background-attachment":"scroll","background-type":"","background-media":"","overlay-type":"","overlay-color":"","overlay-opacity":"","overlay-gradient":""},"tablet":{"background-color":"var(--ast-global-color-5)","background-image":"","background-repeat":"repeat","background-position":"center center","background-size":"auto","background-attachment":"scroll","background-type":"","background-media":"","overlay-type":"","overlay-color":"","overlay-opacity":"","overlay-gradient":""},"mobile":{"background-color":"var(--ast-global-color-5)","background-image":"","background-repeat":"repeat","background-position":"center center","background-size":"auto","background-attachment":"scroll","background-type":"","background-media":"","overlay-type":"","overlay-color":"","overlay-opacity":"","overlay-gradient":""}}},"product_brand":[],"product_cat":[44],"product_tag":[],"class_list":{"0":"post-6868","1":"product","2":"type-product","3":"status-publish","4":"has-post-thumbnail","6":"product_cat-brackets","7":"desktop-align-center","8":"tablet-align-left","9":"mobile-align-left","10":"ast-product-gallery-layout-horizontal-slider","11":"ast-product-tabs-layout-horizontal","13":"first","14":"instock","15":"shipping-taxable","16":"product-type-simple"},"_links":{"self":[{"href":"https:\/\/jiujinpower.com\/tr\/wp-json\/wp\/v2\/product\/6868","targetHints":{"allow":["GET"]}}],"collection":[{"href":"https:\/\/jiujinpower.com\/tr\/wp-json\/wp\/v2\/product"}],"about":[{"href":"https:\/\/jiujinpower.com\/tr\/wp-json\/wp\/v2\/types\/product"}],"replies":[{"embeddable":true,"href":"https:\/\/jiujinpower.com\/tr\/wp-json\/wp\/v2\/comments?post=6868"}],"wp:featuredmedia":[{"embeddable":true,"href":"https:\/\/jiujinpower.com\/tr\/wp-json\/wp\/v2\/media\/6876"}],"wp:attachment":[{"href":"https:\/\/jiujinpower.com\/tr\/wp-json\/wp\/v2\/media?parent=6868"}],"wp:term":[{"taxonomy":"product_brand","embeddable":true,"href":"https:\/\/jiujinpower.com\/tr\/wp-json\/wp\/v2\/product_brand?post=6868"},{"taxonomy":"product_cat","embeddable":true,"href":"https:\/\/jiujinpower.com\/tr\/wp-json\/wp\/v2\/product_cat?post=6868"},{"taxonomy":"product_tag","embeddable":true,"href":"https:\/\/jiujinpower.com\/tr\/wp-json\/wp\/v2\/product_tag?post=6868"}],"curies":[{"name":"wp","href":"https:\/\/api.w.org\/{rel}","templated":true}]}}