{"id":6860,"date":"2025-07-15T05:54:59","date_gmt":"2025-07-15T05:54:59","guid":{"rendered":"https:\/\/jiujinpower.com\/?post_type=product&#038;p=6860"},"modified":"2025-10-22T07:35:02","modified_gmt":"2025-10-22T07:35:02","slug":"8-ayarlanabilir-cati-kancasi-paketi-sicak-daldirma-galvanizli-gunes-paneli-montaji-yan-montaj-dogrudan-hebei-cindeki-fabrikadan","status":"publish","type":"product","link":"https:\/\/jiujinpower.com\/tr\/urun\/8-ayarlanabilir-cati-kancasi-paketi-sicak-daldirma-galvanizli-gunes-paneli-montaji-yan-montaj-dogrudan-hebei-cindeki-fabrikadan\/","title":{"rendered":"8 Ayarlanabilir \u00c7at\u0131 Kancas\u0131 Paketi | S\u0131cak Dald\u0131rma Galvanizli G\u00fcne\u015f Paneli Montaj\u0131 | Do\u011frudan Hebei \u00c7in'deki Fabrikadan Yan Montaj"},"content":{"rendered":"<p class=\"ds-markdown-paragraph\">Jiujin Electric Power'\u0131n Ayarlanabilir \u00c7at\u0131 Kancalar\u0131, e\u011fimli \u00e7at\u0131lara g\u00fcvenilir ve \u00e7ok y\u00f6nl\u00fc g\u00fcne\u015f paneli montaj\u0131 i\u00e7in tasarlanm\u0131\u015ft\u0131r. Y\u00fcksek mukavemetli \u00e7elikten \u00fcretilen ve dayan\u0131kl\u0131 s\u0131cak dald\u0131rma galvaniz kaplama ile korunan bu kancalar ya\u011fmur, UV \u0131\u015f\u0131nlar\u0131na maruz kalma ve s\u0131cakl\u0131k dalgalanmalar\u0131 gibi zorlu hava ko\u015fullar\u0131na dayan\u0131r. Ayarlanabilir tasar\u0131m, farkl\u0131 \u00e7at\u0131 a\u00e7\u0131lar\u0131na (0\u00b0 ila 60\u00b0) g\u00f6re \u00f6zelle\u015ftirmeye olanak tan\u0131yarak maksimum enerji verimlili\u011fi i\u00e7in optimum panel e\u011fimi sa\u011flar. \u00d6nceden delinmi\u015f delikler, kiri\u015flere veya kafes kiri\u015flere hizalamay\u0131 ve g\u00fcvenli ba\u011flant\u0131y\u0131 kolayla\u015ft\u0131r\u0131rken, yana montaj konfig\u00fcrasyonu \u00e7o\u011fu solar ray sistemini bar\u0131nd\u0131r\u0131r. Hebei tesisimizde \u00fcretilen bu kancalar, g\u00fcne\u015f enerjisi montaj g\u00fcvenli\u011fi ve performans\u0131 i\u00e7in uluslararas\u0131 standartlar\u0131 kar\u015f\u0131lamaktad\u0131r.<\/p>\n<h4><strong>\u00a0 \u00a0 \u00c7e\u015fitler &amp; T\u00fcrler Tablosu<\/strong><\/h4>\n<div class=\"ds-scroll-area _1210dd7\">\n<div class=\"ds-scroll-area__gutters\">\n<div class=\"ds-scroll-area__horizontal-gutter\"><\/div>\n<div class=\"ds-scroll-area__vertical-gutter\"><\/div>\n<\/div>\n<table>\n<thead>\n<tr>\n<th>\u00d6zellik \/ Tip<\/th>\n<th>Jiujin Electric Power Taraf\u0131ndan Sunulan \u00d6zellikler ve Se\u00e7enekler<\/th>\n<\/tr>\n<\/thead>\n<tbody>\n<tr>\n<td><strong>Model\/Tip<\/strong><\/td>\n<td>ARH-30, ARH-40, ARH-50 (Maksimum kiri\u015f geni\u015fli\u011fini mm cinsinden g\u00f6sterir)<\/td>\n<\/tr>\n<tr>\n<td><strong>Malzeme<\/strong><\/td>\n<td>Y\u00fcksek Mukavemetli \u00c7elik (Q235B S\u0131n\u0131f\u0131)<\/td>\n<\/tr>\n<tr>\n<td><strong>Standart<\/strong><\/td>\n<td>IEC 62548, AS\/NZS 1170 ve GB\/T 13912 ile uyumludur<\/td>\n<\/tr>\n<tr>\n<td><strong>Kaplama\/Bitirme<\/strong><\/td>\n<td>S\u0131cak Dald\u0131rma Galvaniz (Minimum kaplama kal\u0131nl\u0131\u011f\u0131: 80\u00b5m)<\/td>\n<\/tr>\n<tr>\n<td><strong>Ayarlanabilirlik<\/strong><\/td>\n<td>A\u00e7\u0131 aral\u0131\u011f\u0131: 0\u00b0-60\u00b0; Kiri\u015f geni\u015fli\u011fi: 30-50mm<\/td>\n<\/tr>\n<tr>\n<td><strong>Y\u00fck Kapasitesi<\/strong><\/td>\n<td>Kanca ba\u015f\u0131na 2,5 kN (\u00e7o\u011fu g\u00fcne\u015f paneli i\u00e7in uygundur)<\/td>\n<\/tr>\n<tr>\n<td><strong>Paketleme<\/strong><\/td>\n<td>Korozyona dayan\u0131kl\u0131 ambalajda paketlenmi\u015f, 8 kancal\u0131 donan\u0131m paketi<\/td>\n<\/tr>\n<\/tbody>\n<\/table>\n<\/div>\n<h4><strong>\u00a0 \u00a0Kullan\u0131m Uygulamalar\u0131<\/strong><\/h4>\n<ul>\n<li>\n<p class=\"ds-markdown-paragraph\"><strong>Konut Tipi G\u00fcne\u015f Enerjisi Tesisatlar\u0131:<\/strong>\u00a0G\u00fcne\u015f panellerinin kiremitli, metal veya asfalt shingle \u00e7at\u0131lara monte edilmesi<\/p>\n<\/li>\n<li>\n<p class=\"ds-markdown-paragraph\"><strong>Ticari \u00c7at\u0131 Sistemleri:<\/strong>\u00a0Depolarda, fabrikalarda ve ticari binalarda panellerin sabitlenmesi<\/p>\n<\/li>\n<li>\n<p class=\"ds-markdown-paragraph\"><strong>G\u00fc\u00e7lendirme Projeleri:<\/strong>\u00a0Mevcut \u00e7at\u0131 yap\u0131lar\u0131na g\u00fcne\u015f enerjisi dizilerinin kolayca eklenmesi<\/p>\n<\/li>\n<li>\n<p class=\"ds-markdown-paragraph\"><strong>D\u00fc\u015f\u00fck E\u011fimli \u00c7at\u0131lar:<\/strong>\u00a0S\u0131\u011f sahalarda enerji yakalamay\u0131 optimize etmek i\u00e7in ayarlanabilir a\u00e7\u0131lar<\/p>\n<\/li>\n<li>\n<p class=\"ds-markdown-paragraph\"><strong>A\u015f\u0131nd\u0131r\u0131c\u0131 Ortamlar:<\/strong>\u00a0Sa\u011flam galvaniz kaplama sayesinde k\u0131y\u0131 veya end\u00fcstriyel alanlar<\/p>\n<\/li>\n<li>\n<p class=\"ds-markdown-paragraph\"><strong>H\u0131zl\u0131 Kurulum Kitleri:<\/strong>\u00a0Verimlilik ve g\u00fcvenilirlik arayan DIY veya profesyonel kurulumcular i\u00e7in ideal<\/p>\n<\/li>\n<\/ul>","protected":false},"excerpt":{"rendered":"<p class=\"ds-markdown-paragraph\">\u00c7e\u015fitli \u00e7at\u0131 tiplerine g\u00fcne\u015f panellerinin g\u00fcvenli bir \u015fekilde yandan montaj\u0131 i\u00e7in tasarlanm\u0131\u015f 8 adet s\u0131cak dald\u0131rma galvanizli ayarlanabilir \u00e7at\u0131 kancas\u0131 paketi. Bu kancalar korozyon direnci, a\u00e7\u0131 ayar\u0131nda esneklik ve konut ve ticari g\u00fcne\u015f enerjisi projeleri i\u00e7in kolay kurulum sunar.<\/p>\n<p><b><a href=\"https:\/\/wa.ms\/008619331959787\" target=\"_blank\" rel=\"noopener\">Reach Out Sat\u0131\u015f Ekibi WhatsApp<\/a><\/b><\/p>","protected":false},"featured_media":6863,"comment_status":"open","ping_status":"closed","template":"","meta":{"_seopress_robots_primary_cat":"none","_seopress_titles_title":"%%post_title%%","_seopress_titles_desc":"","_seopress_robots_index":"","site-sidebar-layout":"default","site-content-layout":"","ast-site-content-layout":"default","site-content-style":"default","site-sidebar-style":"default","ast-global-header-display":"","ast-banner-title-visibility":"","ast-main-header-display":"","ast-hfb-above-header-display":"","ast-hfb-below-header-display":"","ast-hfb-mobile-header-display":"","site-post-title":"","ast-breadcrumbs-content":"","ast-featured-img":"","footer-sml-layout":"","ast-disable-related-posts":"","theme-transparent-header-meta":"default","adv-header-id-meta":"","stick-header-meta":"default","header-above-stick-meta":"","header-main-stick-meta":"","header-below-stick-meta":"","astra-migrate-meta-layouts":"set","ast-page-background-enabled":"default","ast-page-background-meta":{"desktop":{"background-color":"var(--ast-global-color-4)","background-image":"","background-repeat":"repeat","background-position":"center center","background-size":"auto","background-attachment":"scroll","background-type":"","background-media":"","overlay-type":"","overlay-color":"","overlay-opacity":"","overlay-gradient":""},"tablet":{"background-color":"","background-image":"","background-repeat":"repeat","background-position":"center center","background-size":"auto","background-attachment":"scroll","background-type":"","background-media":"","overlay-type":"","overlay-color":"","overlay-opacity":"","overlay-gradient":""},"mobile":{"background-color":"","background-image":"","background-repeat":"repeat","background-position":"center center","background-size":"auto","background-attachment":"scroll","background-type":"","background-media":"","overlay-type":"","overlay-color":"","overlay-opacity":"","overlay-gradient":""}},"ast-content-background-meta":{"desktop":{"background-color":"var(--ast-global-color-5)","background-image":"","background-repeat":"repeat","background-position":"center center","background-size":"auto","background-attachment":"scroll","background-type":"","background-media":"","overlay-type":"","overlay-color":"","overlay-opacity":"","overlay-gradient":""},"tablet":{"background-color":"var(--ast-global-color-5)","background-image":"","background-repeat":"repeat","background-position":"center center","background-size":"auto","background-attachment":"scroll","background-type":"","background-media":"","overlay-type":"","overlay-color":"","overlay-opacity":"","overlay-gradient":""},"mobile":{"background-color":"var(--ast-global-color-5)","background-image":"","background-repeat":"repeat","background-position":"center center","background-size":"auto","background-attachment":"scroll","background-type":"","background-media":"","overlay-type":"","overlay-color":"","overlay-opacity":"","overlay-gradient":""}}},"product_brand":[],"product_cat":[44],"product_tag":[],"class_list":{"0":"post-6860","1":"product","2":"type-product","3":"status-publish","4":"has-post-thumbnail","6":"product_cat-brackets","7":"desktop-align-center","8":"tablet-align-left","9":"mobile-align-left","10":"ast-product-gallery-layout-horizontal-slider","11":"ast-product-tabs-layout-horizontal","13":"first","14":"instock","15":"shipping-taxable","16":"product-type-simple"},"_links":{"self":[{"href":"https:\/\/jiujinpower.com\/tr\/wp-json\/wp\/v2\/product\/6860","targetHints":{"allow":["GET"]}}],"collection":[{"href":"https:\/\/jiujinpower.com\/tr\/wp-json\/wp\/v2\/product"}],"about":[{"href":"https:\/\/jiujinpower.com\/tr\/wp-json\/wp\/v2\/types\/product"}],"replies":[{"embeddable":true,"href":"https:\/\/jiujinpower.com\/tr\/wp-json\/wp\/v2\/comments?post=6860"}],"wp:featuredmedia":[{"embeddable":true,"href":"https:\/\/jiujinpower.com\/tr\/wp-json\/wp\/v2\/media\/6863"}],"wp:attachment":[{"href":"https:\/\/jiujinpower.com\/tr\/wp-json\/wp\/v2\/media?parent=6860"}],"wp:term":[{"taxonomy":"product_brand","embeddable":true,"href":"https:\/\/jiujinpower.com\/tr\/wp-json\/wp\/v2\/product_brand?post=6860"},{"taxonomy":"product_cat","embeddable":true,"href":"https:\/\/jiujinpower.com\/tr\/wp-json\/wp\/v2\/product_cat?post=6860"},{"taxonomy":"product_tag","embeddable":true,"href":"https:\/\/jiujinpower.com\/tr\/wp-json\/wp\/v2\/product_tag?post=6860"}],"curies":[{"name":"wp","href":"https:\/\/api.w.org\/{rel}","templated":true}]}}