{"id":6823,"date":"2025-07-11T07:45:31","date_gmt":"2025-07-11T07:45:31","guid":{"rendered":"https:\/\/jiujinpower.com\/?post_type=product&#038;p=6823"},"modified":"2025-10-22T07:36:19","modified_gmt":"2025-10-22T07:36:19","slug":"hebei-ci%cc%87ndeki%cc%87-fabri%cc%87kadan-dogrudan-opgw-i%cc%87ci%cc%87n-yuksek-performansli-cikmaz-adam-kavrama-elektri%cc%87k-guc-armaturleri%cc%87","status":"publish","type":"product","link":"https:\/\/jiujinpower.com\/tr\/urun\/hebei-ci%cc%87ndeki%cc%87-fabri%cc%87kadan-dogrudan-opgw-i%cc%87ci%cc%87n-yuksek-performansli-cikmaz-adam-kavrama-elektri%cc%87k-guc-armaturleri%cc%87\/","title":{"rendered":"Hebei \u00c7in'deki Fabrikadan Do\u011frudan OPGW i\u00e7in Y\u00fcksek Performansl\u0131 \u00c7\u0131kmaz Guy Grip Elektrik G\u00fc\u00e7 Ba\u011flant\u0131 Par\u00e7alar\u0131"},"content":{"rendered":"<p class=\"ds-markdown-paragraph\">Jiujin Electric Power'\u0131n OPGW i\u00e7in Dead End Guy Grip'i, elektrik g\u00fc\u00e7 iletim sistemlerinde g\u00fcvenilir performans sa\u011flamak \u00fczere tasarlanm\u0131\u015ft\u0131r. Y\u00fcksek mukavemetli d\u00f6v\u00fclebilir demir veya d\u00f6vme \u00e7elikten \u00fcretilen bu tutamak, gerilimi OPGW kablosu boyunca e\u015fit olarak da\u011f\u0131tan, gerilim yo\u011funla\u015fmas\u0131n\u0131 \u00f6nleyen ve hassas optik fiberleri koruyan hassas tasar\u0131ml\u0131 bir koni ve man\u015fon sistemine sahiptir. S\u0131cak dald\u0131rma galvaniz kaplama, ola\u011fan\u00fcst\u00fc korozyon direnci sa\u011flar ve bu da onu k\u0131y\u0131, end\u00fcstriyel ve y\u00fcksek UV ortamlar\u0131nda d\u0131\u015f mekan kullan\u0131m\u0131 i\u00e7in ideal hale getirir. Tasar\u0131m\u0131, \u00f6zel aletler olmadan kolay kuruluma olanak tan\u0131yarak verimli saha operasyonlar\u0131 sa\u011flar. Hebei, \u00c7in'de s\u0131k\u0131 kalite kontrol alt\u0131nda \u00fcretilen bu tutamak, OPGW uygulamalar\u0131 i\u00e7in uluslararas\u0131 standartlar\u0131 kar\u015f\u0131layarak uzun vadeli g\u00fcvenilirlik ve g\u00fcvenlik sunar.<\/p>\n<h4><strong>3. \u00c7e\u015fitler ve T\u00fcrler Tablosu<\/strong><\/h4>\n<div class=\"ds-scroll-area _1210dd7\">\n<div class=\"ds-scroll-area__gutters\">\n<div class=\"ds-scroll-area__horizontal-gutter\"><\/div>\n<div class=\"ds-scroll-area__vertical-gutter\"><\/div>\n<\/div>\n<table>\n<thead>\n<tr>\n<th>\u00d6zellik \/ Tip<\/th>\n<th>Jiujin Electric Power Taraf\u0131ndan Sunulan \u00d6zellikler ve Se\u00e7enekler<\/th>\n<\/tr>\n<\/thead>\n<tbody>\n<tr>\n<td><strong>Model\/Tip<\/strong><\/td>\n<td>DG-OPGW-10, DG-OPGW-12, DG-OPGW-16 (mm cinsinden kablo \u00e7ap\u0131 aral\u0131\u011f\u0131n\u0131 belirtir)<\/td>\n<\/tr>\n<tr>\n<td><strong>Malzeme<\/strong><\/td>\n<td>Y\u00fcksek Mukavemetli D\u00f6v\u00fclebilir Demir veya D\u00f6vme \u00c7elik (Q235B\/Q345B S\u0131n\u0131f\u0131)<\/td>\n<\/tr>\n<tr>\n<td><strong>Standart<\/strong><\/td>\n<td>IEC 61284, IEEE 1138 ve GB\/T 2314 ile uyumludur<\/td>\n<\/tr>\n<tr>\n<td><strong>Kaplama\/Bitirme<\/strong><\/td>\n<td>S\u0131cak Dald\u0131rma Galvaniz (Minimum kaplama kal\u0131nl\u0131\u011f\u0131: 55\u00b5m)<\/td>\n<\/tr>\n<tr>\n<td><strong>Boyut \/ Ebatlar<\/strong><\/td>\n<td>OPGW \u00e7aplar\u0131 ile uyumludur: 10mm-16mm; Y\u00fck de\u011ferleri: 20kN-50kN<\/td>\n<\/tr>\n<tr>\n<td><strong>Y\u00fck Derecesi<\/strong><\/td>\n<td>20 kN (10mm), 35 kN (12mm), 50 kN (16mm)<\/td>\n<\/tr>\n<tr>\n<td><strong>Paketleme<\/strong><\/td>\n<td>K\u0131l\u0131flarla paketlenmi\u015f bireysel \u00e7eneler; kartonlar veya d\u00f6kme paletlenmi\u015f<\/td>\n<\/tr>\n<\/tbody>\n<\/table>\n<\/div>\n<h4><strong>4. Kullan\u0131m Uygulamalar\u0131<\/strong><\/h4>\n<ul>\n<li>\n<p class=\"ds-markdown-paragraph\"><strong>OPGW \u00c7\u0131kmaz Son:<\/strong>\u00a0Optik Topraklama Teli kablolar\u0131n\u0131n iletim kuleleri ve direklerinde sonland\u0131r\u0131lmas\u0131<\/p>\n<\/li>\n<li>\n<p class=\"ds-markdown-paragraph\"><strong>Fiber Optik Kablo G\u00fcvenli\u011fi:<\/strong>\u00a0Optik fiberleri gerilim ve titre\u015fim hasar\u0131ndan koruma<\/p>\n<\/li>\n<li>\n<p class=\"ds-markdown-paragraph\"><strong>\u0130letim Hatt\u0131 Projeleri:<\/strong>\u00a0Entegre ileti\u015fimli y\u00fcksek voltajl\u0131 elektrik hatlar\u0131 i\u00e7in gerekli<\/p>\n<\/li>\n<li>\n<p class=\"ds-markdown-paragraph\"><strong>Kule Topraklamas\u0131:<\/strong>\u00a0OPGW b\u00fct\u00fcnl\u00fc\u011f\u00fcn\u00fc korurken g\u00fcvenli topraklama noktalar\u0131 sa\u011flama<\/p>\n<\/li>\n<li>\n<p class=\"ds-markdown-paragraph\"><strong>Titre\u015fim S\u00f6n\u00fcmleme:<\/strong>\u00a0OPGW kablolar\u0131nda aeolian titre\u015fim ve yorulman\u0131n azalt\u0131lmas\u0131<\/p>\n<\/li>\n<li>\n<p class=\"ds-markdown-paragraph\"><strong>Mevcut Hatlar\u0131n G\u00fc\u00e7lendirilmesi:<\/strong>\u00a0Geleneksel topraklama kablolar\u0131n\u0131n OPGW sistemlerine y\u00fckseltilmesi<\/p>\n<\/li>\n<li>\n<p class=\"ds-markdown-paragraph\"><strong>Trafo Merkezi Ba\u011flant\u0131lar\u0131:<\/strong>\u00a0Trafo merkezi giri\u015f noktalar\u0131nda OPGW sonland\u0131rmalar\u0131n\u0131n g\u00fcvence alt\u0131na al\u0131nmas\u0131<\/p>\n<\/li>\n<\/ul>","protected":false},"excerpt":{"rendered":"<p class=\"ds-markdown-paragraph\">Optik Topraklama Teli (OPGW) kablolar\u0131 i\u00e7in \u00f6zel olarak tasarlanm\u0131\u015f, g\u00fcvenli sonland\u0131rma, titre\u015fim s\u00f6n\u00fcmleme ve korozyon direnci sa\u011flayan y\u00fcksek performansl\u0131 bir \u00e7\u0131kmaz u\u00e7 tutama\u011f\u0131. Zorlu ortamlarda dayan\u0131kl\u0131l\u0131k i\u00e7in s\u0131cak dald\u0131rma galvanizle kaplanm\u0131\u015ft\u0131r.<\/p>\n<p><b><a href=\"https:\/\/wa.ms\/008619331959787\" target=\"_blank\" rel=\"noopener\">Reach Out Sat\u0131\u015f Ekibi WhatsApp<\/a><\/b><\/p>","protected":false},"featured_media":6826,"comment_status":"open","ping_status":"closed","template":"","meta":{"_seopress_robots_primary_cat":"none","_seopress_titles_title":"%%post_title%%","_seopress_titles_desc":"","_seopress_robots_index":"","site-sidebar-layout":"default","site-content-layout":"","ast-site-content-layout":"default","site-content-style":"default","site-sidebar-style":"default","ast-global-header-display":"","ast-banner-title-visibility":"","ast-main-header-display":"","ast-hfb-above-header-display":"","ast-hfb-below-header-display":"","ast-hfb-mobile-header-display":"","site-post-title":"","ast-breadcrumbs-content":"","ast-featured-img":"","footer-sml-layout":"","ast-disable-related-posts":"","theme-transparent-header-meta":"default","adv-header-id-meta":"","stick-header-meta":"default","header-above-stick-meta":"","header-main-stick-meta":"","header-below-stick-meta":"","astra-migrate-meta-layouts":"set","ast-page-background-enabled":"default","ast-page-background-meta":{"desktop":{"background-color":"var(--ast-global-color-4)","background-image":"","background-repeat":"repeat","background-position":"center center","background-size":"auto","background-attachment":"scroll","background-type":"","background-media":"","overlay-type":"","overlay-color":"","overlay-opacity":"","overlay-gradient":""},"tablet":{"background-color":"","background-image":"","background-repeat":"repeat","background-position":"center center","background-size":"auto","background-attachment":"scroll","background-type":"","background-media":"","overlay-type":"","overlay-color":"","overlay-opacity":"","overlay-gradient":""},"mobile":{"background-color":"","background-image":"","background-repeat":"repeat","background-position":"center center","background-size":"auto","background-attachment":"scroll","background-type":"","background-media":"","overlay-type":"","overlay-color":"","overlay-opacity":"","overlay-gradient":""}},"ast-content-background-meta":{"desktop":{"background-color":"var(--ast-global-color-5)","background-image":"","background-repeat":"repeat","background-position":"center center","background-size":"auto","background-attachment":"scroll","background-type":"","background-media":"","overlay-type":"","overlay-color":"","overlay-opacity":"","overlay-gradient":""},"tablet":{"background-color":"var(--ast-global-color-5)","background-image":"","background-repeat":"repeat","background-position":"center center","background-size":"auto","background-attachment":"scroll","background-type":"","background-media":"","overlay-type":"","overlay-color":"","overlay-opacity":"","overlay-gradient":""},"mobile":{"background-color":"var(--ast-global-color-5)","background-image":"","background-repeat":"repeat","background-position":"center center","background-size":"auto","background-attachment":"scroll","background-type":"","background-media":"","overlay-type":"","overlay-color":"","overlay-opacity":"","overlay-gradient":""}}},"product_brand":[],"product_cat":[41],"product_tag":[],"class_list":{"0":"post-6823","1":"product","2":"type-product","3":"status-publish","4":"has-post-thumbnail","6":"product_cat-electric","7":"desktop-align-center","8":"tablet-align-left","9":"mobile-align-left","10":"ast-product-gallery-layout-horizontal-slider","11":"ast-product-tabs-layout-horizontal","13":"first","14":"instock","15":"shipping-taxable","16":"product-type-simple"},"_links":{"self":[{"href":"https:\/\/jiujinpower.com\/tr\/wp-json\/wp\/v2\/product\/6823","targetHints":{"allow":["GET"]}}],"collection":[{"href":"https:\/\/jiujinpower.com\/tr\/wp-json\/wp\/v2\/product"}],"about":[{"href":"https:\/\/jiujinpower.com\/tr\/wp-json\/wp\/v2\/types\/product"}],"replies":[{"embeddable":true,"href":"https:\/\/jiujinpower.com\/tr\/wp-json\/wp\/v2\/comments?post=6823"}],"wp:featuredmedia":[{"embeddable":true,"href":"https:\/\/jiujinpower.com\/tr\/wp-json\/wp\/v2\/media\/6826"}],"wp:attachment":[{"href":"https:\/\/jiujinpower.com\/tr\/wp-json\/wp\/v2\/media?parent=6823"}],"wp:term":[{"taxonomy":"product_brand","embeddable":true,"href":"https:\/\/jiujinpower.com\/tr\/wp-json\/wp\/v2\/product_brand?post=6823"},{"taxonomy":"product_cat","embeddable":true,"href":"https:\/\/jiujinpower.com\/tr\/wp-json\/wp\/v2\/product_cat?post=6823"},{"taxonomy":"product_tag","embeddable":true,"href":"https:\/\/jiujinpower.com\/tr\/wp-json\/wp\/v2\/product_tag?post=6823"}],"curies":[{"name":"wp","href":"https:\/\/api.w.org\/{rel}","templated":true}]}}