{"id":5230,"date":"2025-04-28T13:29:29","date_gmt":"2025-04-28T13:29:29","guid":{"rendered":"https:\/\/jiujinpower.com\/?post_type=product&#038;p=5230"},"modified":"2025-10-22T08:13:11","modified_gmt":"2025-10-22T08:13:11","slug":"gunes-enerji%cc%87si%cc%87-si%cc%87stemi%cc%87-u-sekli%cc%87nde-celi%cc%87k-konektor-dogrudan-hebei%cc%87-ci%cc%87ndeki%cc%87-fabri%cc%87kadan","status":"publish","type":"product","link":"https:\/\/jiujinpower.com\/tr\/urun\/gunes-enerji%cc%87si%cc%87-si%cc%87stemi%cc%87-u-sekli%cc%87nde-celi%cc%87k-konektor-dogrudan-hebei%cc%87-ci%cc%87ndeki%cc%87-fabri%cc%87kadan\/","title":{"rendered":"G\u00fcne\u015f Enerjisi Sistemi U-\u015eekilli \u00c7elik Ba\u011flay\u0131c\u0131 Do\u011frudan Hebei \u00c7in'deki Fabrikadan"},"content":{"rendered":"<p>Jiujin Electric Power'\u0131n U \u015eeklindeki \u00c7elik Konekt\u00f6r\u00fc, g\u00fcne\u015f enerjisi montaj yap\u0131lar\u0131nda \u00e7ok y\u00f6nl\u00fc ve g\u00fcvenli ba\u011flant\u0131lar sa\u011flamak \u00fczere tasarlanm\u0131\u015ft\u0131r. Y\u00fcksek mukavemetli karbon \u00e7eli\u011finden imal edilen ve a\u011f\u0131r hizmet tipi s\u0131cak dald\u0131rma galvaniz kaplama ile korunan bu konekt\u00f6r, paslanmaya, UV \u0131\u015f\u0131nlar\u0131na ve zorlu hava ko\u015fullar\u0131na kar\u015f\u0131 ola\u011fan\u00fcst\u00fc diren\u00e7 sunar. U \u015feklindeki tasar\u0131m, \u00e7e\u015fitli ray boyutlar\u0131na ve panel konfig\u00fcrasyonlar\u0131na uyum sa\u011flayarak ayarlanabilir ve \u00e7ok y\u00f6nl\u00fc sabitleme sa\u011flar. \u00d6nceden delinmi\u015f delikler kurulumu basitle\u015ftirerek montaj s\u00fcresini azalt\u0131rken r\u00fczgar, kar ve dinamik y\u00fckler alt\u0131nda yap\u0131sal b\u00fct\u00fcnl\u00fc\u011f\u00fc korur. Hebei tesisimizde hassas m\u00fchendislikle \u00fcretilen bu konekt\u00f6r, g\u00fcne\u015f enerjisi kurulumlar\u0131 i\u00e7in uluslararas\u0131 standartlar\u0131 kar\u015f\u0131layarak \u00e7at\u0131 \u00fcst\u00fc, yere monte ve carport projeleri i\u00e7in idealdir.<\/p>\n<h4><strong>\u00a0 \u00c7e\u015fitler &amp; T\u00fcrler Tablosu<\/strong><\/h4>\n<div class=\"ds-scroll-area _1210dd7\">\n<div class=\"ds-scroll-area__gutters\">\n<div class=\"ds-scroll-area__horizontal-gutter\"><\/div>\n<div class=\"ds-scroll-area__vertical-gutter\"><\/div>\n<\/div>\n<table>\n<thead>\n<tr>\n<th>\u00d6zellik \/ Tip<\/th>\n<th>Jiujin Electric Power Taraf\u0131ndan Sunulan \u00d6zellikler ve Se\u00e7enekler<\/th>\n<\/tr>\n<\/thead>\n<tbody>\n<tr>\n<td><strong>Model\/Tip<\/strong><\/td>\n<td>USC-40, USC-50, USC-60 (mm cinsinden uyumlu ray geni\u015fli\u011fini belirtir)<\/td>\n<\/tr>\n<tr>\n<td><strong>Malzeme<\/strong><\/td>\n<td>Y\u00fcksek Mukavemetli Karbon \u00c7elik (Q235B S\u0131n\u0131f\u0131)<\/td>\n<\/tr>\n<tr>\n<td><strong>Standart<\/strong><\/td>\n<td>ISO 1461, ASTM A123 ve GB\/T 13912 ile uyumludur<\/td>\n<\/tr>\n<tr>\n<td><strong>Kaplama\/Bitirme<\/strong><\/td>\n<td>S\u0131cak Dald\u0131rma Galvaniz (Minimum kaplama kal\u0131nl\u0131\u011f\u0131: 80\u00b5m)<\/td>\n<\/tr>\n<tr>\n<td><strong>Boyut \/ Ebatlar<\/strong><\/td>\n<td>U-geni\u015fli\u011fi: 40mm-60mm; Y\u00fckseklik: 50mm-80mm; Kal\u0131nl\u0131k: 4mm-6mm<\/td>\n<\/tr>\n<tr>\n<td><strong>Y\u00fck Kapasitesi<\/strong><\/td>\n<td>5 kN (USC-40), 7 kN (USC-50), 10 kN (USC-60)<\/td>\n<\/tr>\n<tr>\n<td><strong>Paketleme<\/strong><\/td>\n<td>Donan\u0131m (c\u0131vata\/somun) ile birlikte; karton veya d\u00f6kme olarak paketlenmi\u015f<\/td>\n<\/tr>\n<\/tbody>\n<\/table>\n<\/div>\n<h4><strong>\u00a0 \u00a0Kullan\u0131m Uygulamalar\u0131<\/strong><\/h4>\n<ul>\n<li>\n<p class=\"ds-markdown-paragraph\"><strong>Solar Ray Ba\u011flant\u0131lar\u0131:<\/strong>\u00a0Raylar\u0131n montaj yap\u0131lar\u0131na sabitlenmesi (\u00f6rn. \u00e7at\u0131lar, zemin \u00e7er\u00e7eveleri)<\/p>\n<\/li>\n<li>\n<p class=\"ds-markdown-paragraph\"><strong>Panel Montaj\u0131:<\/strong>\u00a0Ayarlanabilir konumland\u0131rma ile g\u00fcne\u015f panellerinin raylara tak\u0131lmas\u0131<\/p>\n<\/li>\n<li>\n<p class=\"ds-markdown-paragraph\"><strong>Carport Sistemleri:<\/strong>\u00a0G\u00fcne\u015f enerjili karavan iskeletlerinin ve desteklerinin montaj\u0131<\/p>\n<\/li>\n<li>\n<p class=\"ds-markdown-paragraph\"><strong>A\u015f\u0131nd\u0131r\u0131c\u0131 Ortamlar:<\/strong>\u00a0Galvaniz koruma sayesinde k\u0131y\u0131 ve end\u00fcstriyel alanlar<\/p>\n<\/li>\n<li>\n<p class=\"ds-markdown-paragraph\"><strong>G\u00fc\u00e7lendirme Projeleri:<\/strong>\u00a0Mevcut g\u00fcne\u015f enerjisi dizilerinin y\u00fckseltilmesi veya geni\u015fletilmesi<\/p>\n<\/li>\n<li>\n<p class=\"ds-markdown-paragraph\"><strong>Ge\u00e7ici Kurulumlar:<\/strong>\u00a0Ta\u015f\u0131nabilir veya ge\u00e7ici g\u00fcne\u015f enerjisi kurulumlar\u0131 i\u00e7in h\u0131zl\u0131 kurulum<\/p>\n<\/li>\n<li>\n<p class=\"ds-markdown-paragraph\"><strong>Tar\u0131msal G\u00fcne\u015f:<\/strong>\u00a0Panellerin ah\u0131rlara, seralara ve a\u00e7\u0131k alanlara montaj\u0131<\/p>\n<\/li>\n<\/ul>","protected":false},"excerpt":{"rendered":"<p class=\"ds-markdown-paragraph\">G\u00fcne\u015f enerjisi sistemlerinde sa\u011flam ve esnek montaj i\u00e7in tasarlanm\u0131\u015f s\u0131cak dald\u0131rma galvanizli U \u015feklinde \u00e7elik konekt\u00f6r. Evrensel tasar\u0131m\u0131, solar raylar\u0131n, panellerin ve yap\u0131sal bile\u015fenlerin kolayca tak\u0131lmas\u0131na olanak tan\u0131yarak dayan\u0131kl\u0131l\u0131k ve korozyon direnci sa\u011flar.<\/p>\n<p><b><a href=\"https:\/\/wa.ms\/008619331959787\" target=\"_blank\" rel=\"noopener\">Reach Out Sat\u0131\u015f Ekibi WhatsApp<\/a><\/b><\/p>","protected":false},"featured_media":6854,"comment_status":"closed","ping_status":"closed","template":"","meta":{"_seopress_robots_primary_cat":"none","_seopress_titles_title":"%%post_title%%","_seopress_titles_desc":"","_seopress_robots_index":"","site-sidebar-layout":"default","site-content-layout":"","ast-site-content-layout":"default","site-content-style":"default","site-sidebar-style":"default","ast-global-header-display":"","ast-banner-title-visibility":"","ast-main-header-display":"","ast-hfb-above-header-display":"","ast-hfb-below-header-display":"","ast-hfb-mobile-header-display":"","site-post-title":"","ast-breadcrumbs-content":"","ast-featured-img":"","footer-sml-layout":"","ast-disable-related-posts":"","theme-transparent-header-meta":"default","adv-header-id-meta":"","stick-header-meta":"default","header-above-stick-meta":"","header-main-stick-meta":"","header-below-stick-meta":"","astra-migrate-meta-layouts":"set","ast-page-background-enabled":"default","ast-page-background-meta":{"desktop":{"background-color":"var(--ast-global-color-4)","background-image":"","background-repeat":"repeat","background-position":"center center","background-size":"auto","background-attachment":"scroll","background-type":"","background-media":"","overlay-type":"","overlay-color":"","overlay-opacity":"","overlay-gradient":""},"tablet":{"background-color":"","background-image":"","background-repeat":"repeat","background-position":"center center","background-size":"auto","background-attachment":"scroll","background-type":"","background-media":"","overlay-type":"","overlay-color":"","overlay-opacity":"","overlay-gradient":""},"mobile":{"background-color":"","background-image":"","background-repeat":"repeat","background-position":"center center","background-size":"auto","background-attachment":"scroll","background-type":"","background-media":"","overlay-type":"","overlay-color":"","overlay-opacity":"","overlay-gradient":""}},"ast-content-background-meta":{"desktop":{"background-color":"var(--ast-global-color-5)","background-image":"","background-repeat":"repeat","background-position":"center center","background-size":"auto","background-attachment":"scroll","background-type":"","background-media":"","overlay-type":"","overlay-color":"","overlay-opacity":"","overlay-gradient":""},"tablet":{"background-color":"var(--ast-global-color-5)","background-image":"","background-repeat":"repeat","background-position":"center center","background-size":"auto","background-attachment":"scroll","background-type":"","background-media":"","overlay-type":"","overlay-color":"","overlay-opacity":"","overlay-gradient":""},"mobile":{"background-color":"var(--ast-global-color-5)","background-image":"","background-repeat":"repeat","background-position":"center center","background-size":"auto","background-attachment":"scroll","background-type":"","background-media":"","overlay-type":"","overlay-color":"","overlay-opacity":"","overlay-gradient":""}}},"product_brand":[],"product_cat":[44],"product_tag":[],"class_list":{"0":"post-5230","1":"product","2":"type-product","3":"status-publish","4":"has-post-thumbnail","6":"product_cat-brackets","7":"desktop-align-center","8":"tablet-align-left","9":"mobile-align-left","10":"ast-product-gallery-layout-horizontal-slider","11":"ast-product-tabs-layout-horizontal","13":"first","14":"instock","15":"featured","16":"shipping-taxable","17":"product-type-simple"},"_links":{"self":[{"href":"https:\/\/jiujinpower.com\/tr\/wp-json\/wp\/v2\/product\/5230","targetHints":{"allow":["GET"]}}],"collection":[{"href":"https:\/\/jiujinpower.com\/tr\/wp-json\/wp\/v2\/product"}],"about":[{"href":"https:\/\/jiujinpower.com\/tr\/wp-json\/wp\/v2\/types\/product"}],"replies":[{"embeddable":true,"href":"https:\/\/jiujinpower.com\/tr\/wp-json\/wp\/v2\/comments?post=5230"}],"wp:featuredmedia":[{"embeddable":true,"href":"https:\/\/jiujinpower.com\/tr\/wp-json\/wp\/v2\/media\/6854"}],"wp:attachment":[{"href":"https:\/\/jiujinpower.com\/tr\/wp-json\/wp\/v2\/media?parent=5230"}],"wp:term":[{"taxonomy":"product_brand","embeddable":true,"href":"https:\/\/jiujinpower.com\/tr\/wp-json\/wp\/v2\/product_brand?post=5230"},{"taxonomy":"product_cat","embeddable":true,"href":"https:\/\/jiujinpower.com\/tr\/wp-json\/wp\/v2\/product_cat?post=5230"},{"taxonomy":"product_tag","embeddable":true,"href":"https:\/\/jiujinpower.com\/tr\/wp-json\/wp\/v2\/product_tag?post=5230"}],"curies":[{"name":"wp","href":"https:\/\/api.w.org\/{rel}","templated":true}]}}