{"id":5196,"date":"2025-04-28T08:01:16","date_gmt":"2025-04-28T08:01:16","guid":{"rendered":"https:\/\/jiujinpower.com\/?post_type=product&#038;p=5196"},"modified":"2025-10-22T08:14:29","modified_gmt":"2025-10-22T08:14:29","slug":"yuksek-kaliteli-sicak-daldirma-galvanizli-baglanti-oval-goz-somunu-dogrudan-hebei-cindeki-fabrikadan","status":"publish","type":"product","link":"https:\/\/jiujinpower.com\/tr\/urun\/yuksek-kaliteli-sicak-daldirma-galvanizli-baglanti-oval-goz-somunu-dogrudan-hebei-cindeki-fabrikadan\/","title":{"rendered":"Hebei \u00c7in'deki Fabrikadan Do\u011frudan Y\u00fcksek Kaliteli S\u0131cak Dald\u0131rma Galvanizli Ba\u011flant\u0131 Oval G\u00f6z Somunu"},"content":{"rendered":"<p class=\"ds-markdown-paragraph\">Jiujin Electric Power'\u0131n S\u0131cak Dald\u0131rma Galvanizli Ba\u011flant\u0131 Oval G\u00f6zl\u00fc Somunu g\u00fc\u00e7, dayan\u0131kl\u0131l\u0131k ve korozyon direncinin kritik oldu\u011fu zorlu uygulamalar i\u00e7in tasarlanm\u0131\u015ft\u0131r. Y\u00fcksek gerilimli karbon \u00e7eli\u011finden d\u00f6v\u00fclen ve kal\u0131n bir s\u0131cak dald\u0131rma galvaniz kaplama ile korunan bu g\u00f6zl\u00fc somun, paslanmaya, UV \u0131\u015f\u0131nlar\u0131na maruz kalmaya ve zorlu \u00e7evre ko\u015fullar\u0131na kar\u015f\u0131 ola\u011fan\u00fcst\u00fc diren\u00e7 sunar. Oval \u015fekilli g\u00f6z, zincirlere, kancalara ve di\u011fer donan\u0131mlara kolay ba\u011flant\u0131 sa\u011flarken, entegre ba\u011flant\u0131 esneklik sa\u011flar ve stres konsantrasyonlar\u0131n\u0131 azalt\u0131r. Hassas kesimli di\u015fler, dinamik kuvvetler alt\u0131nda y\u00fck b\u00fct\u00fcnl\u00fc\u011f\u00fcn\u00fc koruyarak c\u0131vatalara veya \u00e7ubuklara g\u00fcvenli bir \u015fekilde sabitlenmesini sa\u011flar. Hebei'deki tesisimizde titiz kalite kontrol\u00fc ile \u00fcretilen bu delikli somun, in\u015faat, kamu hizmeti ve end\u00fcstriyel sekt\u00f6rlerde g\u00fcvenlik ve performans i\u00e7in uluslararas\u0131 standartlar\u0131 kar\u015f\u0131lar.<\/p>\n<h4><strong>\u00a0 \u00a0\u00c7e\u015fitler &amp; T\u00fcrler Tablosu<\/strong><\/h4>\n<div class=\"ds-scroll-area _1210dd7\">\n<div class=\"ds-scroll-area__gutters\">\n<div class=\"ds-scroll-area__horizontal-gutter\"><\/div>\n<div class=\"ds-scroll-area__vertical-gutter\"><\/div>\n<\/div>\n<table>\n<thead>\n<tr>\n<th>\u00d6zellik \/ Tip<\/th>\n<th>Jiujin Electric Power Taraf\u0131ndan Sunulan \u00d6zellikler ve Se\u00e7enekler<\/th>\n<\/tr>\n<\/thead>\n<tbody>\n<tr>\n<td><strong>Model\/Tip<\/strong><\/td>\n<td>LEN-12, LEN-16, LEN-20 (Di\u015f \u00e7ap\u0131n\u0131 mm cinsinden g\u00f6sterir)<\/td>\n<\/tr>\n<tr>\n<td><strong>Malzeme<\/strong><\/td>\n<td>D\u00f6vme Y\u00fcksek \u00c7ekme Karbon \u00c7eli\u011fi (Q235B\/Q345B S\u0131n\u0131f\u0131)<\/td>\n<\/tr>\n<tr>\n<td><strong>Standart<\/strong><\/td>\n<td>ASTM A489, IEC 61284 ve GB\/T 1228 ile uyumludur<\/td>\n<\/tr>\n<tr>\n<td><strong>Kaplama\/Bitirme<\/strong><\/td>\n<td>S\u0131cak Dald\u0131rma Galvaniz (Minimum kaplama kal\u0131nl\u0131\u011f\u0131: 55\u00b5m)<\/td>\n<\/tr>\n<tr>\n<td><strong>Boyut \/ Ebatlar<\/strong><\/td>\n<td>Di\u015f boyutlar\u0131: M12, M16, M20; G\u00f6z boyutlar\u0131: 30x20mm ila 50x30mm<\/td>\n<\/tr>\n<tr>\n<td><strong>Y\u00fck Derecesi<\/strong><\/td>\n<td>12 kN (M12), 25 kN (M16), 40 kN (M20)<\/td>\n<\/tr>\n<tr>\n<td><strong>Paketleme<\/strong><\/td>\n<td>Korozyon \u00f6nleyici ka\u011f\u0131da sar\u0131lm\u0131\u015f m\u00fcnferit \u00fcniteler; karton veya d\u00f6kme<\/td>\n<\/tr>\n<\/tbody>\n<\/table>\n<\/div>\n<h4><strong>\u00a0 \u00a0Kullan\u0131m Uygulamalar\u0131<\/strong><\/h4>\n<ul>\n<li>\n<p class=\"ds-markdown-paragraph\"><strong>Havai Hat Donan\u0131m\u0131:<\/strong>\u00a0\u0130zolat\u00f6rlerin, gergi tellerinin ve gergi tertibatlar\u0131n\u0131n ba\u011flanmas\u0131<\/p>\n<\/li>\n<li>\n<p class=\"ds-markdown-paragraph\"><strong>Kald\u0131rma ve Arma:<\/strong>\u00a0\u0130n\u015faat, madencilik ve end\u00fcstriyel operasyonlar i\u00e7in g\u00fcvenli kald\u0131rma noktalar\u0131<\/p>\n<\/li>\n<li>\n<p class=\"ds-markdown-paragraph\"><strong>Telekom\u00fcnikasyon Kuleleri:<\/strong>\u00a0Denge i\u00e7in gergi tellerinin ankrajlanmas\u0131 ve gerilmesi<\/p>\n<\/li>\n<li>\n<p class=\"ds-markdown-paragraph\"><strong>Deniz ve K\u0131y\u0131 Uygulamalar\u0131:<\/strong>\u00a0R\u0131ht\u0131m ve tekneler i\u00e7in korozyona dayan\u0131kl\u0131 ba\u011flant\u0131lar<\/p>\n<\/li>\n<li>\n<p class=\"ds-markdown-paragraph\"><strong>Ula\u015f\u0131m Altyap\u0131s\u0131:<\/strong>\u00a0Bariyerlerin, i\u015faretlerin ve g\u00fcvenlik sistemlerinin emniyete al\u0131nmas\u0131<\/p>\n<\/li>\n<li>\n<p class=\"ds-markdown-paragraph\"><strong>Yenilenebilir Enerji Projeleri:<\/strong>\u00a0R\u00fczgar ve g\u00fcne\u015f enerjisi tesislerinde yap\u0131sal ba\u011flant\u0131lar<\/p>\n<\/li>\n<li>\n<p class=\"ds-markdown-paragraph\"><strong>Ge\u00e7ici Kurulumlar:<\/strong>\u00a0Ge\u00e7ici yap\u0131lar ve etkinlikler i\u00e7in g\u00fcvenilir ankraj<\/p>\n<\/li>\n<\/ul>","protected":false},"excerpt":{"rendered":"<p class=\"ds-markdown-paragraph\">Arma, kald\u0131rma ve havai hat uygulamalar\u0131nda g\u00fcvenli ba\u011flant\u0131lar i\u00e7in tasarlanm\u0131\u015f y\u00fcksek kaliteli s\u0131cak dald\u0131rma galvanizli ba\u011flant\u0131 oval g\u00f6zl\u00fc somun. Oval g\u00f6z tasar\u0131m\u0131, geli\u015fmi\u015f y\u00fck da\u011f\u0131l\u0131m\u0131 ve pranga ve kancalarla uyumluluk sa\u011flar.<\/p>\n<p><b><a href=\"https:\/\/wa.ms\/008619331959787\" target=\"_blank\" rel=\"noopener\">Reach Out Sat\u0131\u015f Ekibi WhatsApp<\/a><\/b><\/p>","protected":false},"featured_media":5965,"comment_status":"closed","ping_status":"closed","template":"","meta":{"_seopress_robots_primary_cat":"none","_seopress_titles_title":"%%post_title%%","_seopress_titles_desc":"","_seopress_robots_index":"","site-sidebar-layout":"default","site-content-layout":"","ast-site-content-layout":"default","site-content-style":"default","site-sidebar-style":"default","ast-global-header-display":"","ast-banner-title-visibility":"","ast-main-header-display":"","ast-hfb-above-header-display":"","ast-hfb-below-header-display":"","ast-hfb-mobile-header-display":"","site-post-title":"","ast-breadcrumbs-content":"","ast-featured-img":"","footer-sml-layout":"","ast-disable-related-posts":"","theme-transparent-header-meta":"default","adv-header-id-meta":"","stick-header-meta":"default","header-above-stick-meta":"","header-main-stick-meta":"","header-below-stick-meta":"","astra-migrate-meta-layouts":"set","ast-page-background-enabled":"default","ast-page-background-meta":{"desktop":{"background-color":"var(--ast-global-color-4)","background-image":"","background-repeat":"repeat","background-position":"center center","background-size":"auto","background-attachment":"scroll","background-type":"","background-media":"","overlay-type":"","overlay-color":"","overlay-opacity":"","overlay-gradient":""},"tablet":{"background-color":"","background-image":"","background-repeat":"repeat","background-position":"center center","background-size":"auto","background-attachment":"scroll","background-type":"","background-media":"","overlay-type":"","overlay-color":"","overlay-opacity":"","overlay-gradient":""},"mobile":{"background-color":"","background-image":"","background-repeat":"repeat","background-position":"center center","background-size":"auto","background-attachment":"scroll","background-type":"","background-media":"","overlay-type":"","overlay-color":"","overlay-opacity":"","overlay-gradient":""}},"ast-content-background-meta":{"desktop":{"background-color":"var(--ast-global-color-5)","background-image":"","background-repeat":"repeat","background-position":"center center","background-size":"auto","background-attachment":"scroll","background-type":"","background-media":"","overlay-type":"","overlay-color":"","overlay-opacity":"","overlay-gradient":""},"tablet":{"background-color":"var(--ast-global-color-5)","background-image":"","background-repeat":"repeat","background-position":"center center","background-size":"auto","background-attachment":"scroll","background-type":"","background-media":"","overlay-type":"","overlay-color":"","overlay-opacity":"","overlay-gradient":""},"mobile":{"background-color":"var(--ast-global-color-5)","background-image":"","background-repeat":"repeat","background-position":"center center","background-size":"auto","background-attachment":"scroll","background-type":"","background-media":"","overlay-type":"","overlay-color":"","overlay-opacity":"","overlay-gradient":""}}},"product_brand":[],"product_cat":[43],"product_tag":[],"class_list":{"0":"post-5196","1":"product","2":"type-product","3":"status-publish","4":"has-post-thumbnail","6":"product_cat-fasteners","7":"desktop-align-center","8":"tablet-align-left","9":"mobile-align-left","10":"ast-product-gallery-layout-horizontal-slider","11":"ast-product-tabs-layout-horizontal","13":"first","14":"instock","15":"featured","16":"shipping-taxable","17":"product-type-simple"},"_links":{"self":[{"href":"https:\/\/jiujinpower.com\/tr\/wp-json\/wp\/v2\/product\/5196","targetHints":{"allow":["GET"]}}],"collection":[{"href":"https:\/\/jiujinpower.com\/tr\/wp-json\/wp\/v2\/product"}],"about":[{"href":"https:\/\/jiujinpower.com\/tr\/wp-json\/wp\/v2\/types\/product"}],"replies":[{"embeddable":true,"href":"https:\/\/jiujinpower.com\/tr\/wp-json\/wp\/v2\/comments?post=5196"}],"wp:featuredmedia":[{"embeddable":true,"href":"https:\/\/jiujinpower.com\/tr\/wp-json\/wp\/v2\/media\/5965"}],"wp:attachment":[{"href":"https:\/\/jiujinpower.com\/tr\/wp-json\/wp\/v2\/media?parent=5196"}],"wp:term":[{"taxonomy":"product_brand","embeddable":true,"href":"https:\/\/jiujinpower.com\/tr\/wp-json\/wp\/v2\/product_brand?post=5196"},{"taxonomy":"product_cat","embeddable":true,"href":"https:\/\/jiujinpower.com\/tr\/wp-json\/wp\/v2\/product_cat?post=5196"},{"taxonomy":"product_tag","embeddable":true,"href":"https:\/\/jiujinpower.com\/tr\/wp-json\/wp\/v2\/product_tag?post=5196"}],"curies":[{"name":"wp","href":"https:\/\/api.w.org\/{rel}","templated":true}]}}