{"id":5178,"date":"2025-04-28T07:53:37","date_gmt":"2025-04-28T07:53:37","guid":{"rendered":"https:\/\/jiujinpower.com\/?post_type=product&#038;p=5178"},"modified":"2025-11-27T01:31:52","modified_gmt":"2025-11-27T01:31:52","slug":"hebei-ci%cc%87ndeki%cc%87-fabri%cc%87kadan-dogrudan-alumi%cc%87nyum-suspansi%cc%87yon-kelepceleri%cc%87","status":"publish","type":"product","link":"https:\/\/jiujinpower.com\/tr\/urun\/hebei-ci%cc%87ndeki%cc%87-fabri%cc%87kadan-dogrudan-alumi%cc%87nyum-suspansi%cc%87yon-kelepceleri%cc%87\/","title":{"rendered":"Hebei \u00c7in'deki Fabrikadan Do\u011frudan Al\u00fcminyum S\u00fcspansiyon Kelep\u00e7eleri"},"content":{"rendered":"<p class=\"ds-markdown-paragraph\">Jiujin Electric Power'\u0131n Al\u00fcminyum S\u00fcspansiyon Kelep\u00e7esi, havai g\u00fc\u00e7 iletkenleri i\u00e7in g\u00fcvenli ve esnek destek sa\u011flamak \u00fczere tasarlanm\u0131\u015ft\u0131r. Y\u00fcksek mukavemetli al\u00fcminyum ala\u015f\u0131mdan \u00fcretilen bu kelep\u00e7e, m\u00fckemmel korozyon direnci, elektrik iletkenli\u011fi ve hafif kullan\u0131m sunar. Tasar\u0131m, iletkenin kelep\u00e7e i\u00e7inde serbest\u00e7e hareket etmesini sa\u011flayarak r\u00fczgar, s\u0131cakl\u0131k de\u011fi\u015fiklikleri ve mekanik y\u00fcklerden kaynaklanan stresi azaltan mente\u015feli veya mafsall\u0131 bir mekanizma i\u00e7erir. Bu esneklik, iletken ve kule ba\u011flant\u0131lar\u0131n\u0131n hasar g\u00f6rmesini \u00f6nlemeye yard\u0131mc\u0131 olur. Kelep\u00e7enin p\u00fcr\u00fczs\u00fcz, yuvarlat\u0131lm\u0131\u015f kenarlar\u0131 iletkeni a\u015f\u0131nmaya ve kesilmeye kar\u015f\u0131 korur. Hebei tesisimizde hassas kalite kontrol\u00fc ile \u00fcretilen bu kelep\u00e7e, havai enerji hatt\u0131 uygulamalar\u0131 i\u00e7in uluslararas\u0131 standartlar\u0131 kar\u015f\u0131layarak uzun vadeli g\u00fcvenilirlik ve g\u00fcvenlik sa\u011flar.<\/p>\n<h4><strong>\u00a0 \u00a0\u00c7e\u015fitler &amp; T\u00fcrler Tablosu<\/strong><\/h4>\n<div class=\"ds-scroll-area _1210dd7\">\n<div class=\"ds-scroll-area__gutters\">\n<div class=\"ds-scroll-area__horizontal-gutter\"><\/div>\n<div class=\"ds-scroll-area__vertical-gutter\"><\/div>\n<\/div>\n<table>\n<thead>\n<tr>\n<th>\u00d6zellik \/ Tip<\/th>\n<th>Jiujin Electric Power Taraf\u0131ndan Sunulan \u00d6zellikler ve Se\u00e7enekler<\/th>\n<\/tr>\n<\/thead>\n<tbody>\n<tr>\n<td><strong>Model\/Tip<\/strong><\/td>\n<td>SC-95, SC-120, SC-150 (mm\u00b2 cinsinden uyumlu iletken boyutunu belirtir)<\/td>\n<\/tr>\n<tr>\n<td><strong>Malzeme<\/strong><\/td>\n<td>Y\u00fcksek Mukavemetli Al\u00fcminyum Ala\u015f\u0131m (S\u0131n\u0131f 6063-T5 veya e\u015fde\u011feri)<\/td>\n<\/tr>\n<tr>\n<td><strong>Standart<\/strong><\/td>\n<td>IEC 61284, ASTM F855 ve GB\/T 2314 ile uyumludur<\/td>\n<\/tr>\n<tr>\n<td><strong>Kaplama\/Bitirme<\/strong><\/td>\n<td>Eloksall\u0131 veya Do\u011fal Kaplama<\/td>\n<\/tr>\n<tr>\n<td><strong>Boyut \/ Ebatlar<\/strong><\/td>\n<td>\u0130letken boyutlar\u0131na uyar: 95mm\u00b2-150mm\u00b2; Kelep\u00e7e uzunlu\u011fu: 150mm-250mm<\/td>\n<\/tr>\n<tr>\n<td><strong>Y\u00fck Derecesi<\/strong><\/td>\n<td>20 kN (95mm\u00b2), 30 kN (120mm\u00b2), 40 kN (150mm\u00b2)<\/td>\n<\/tr>\n<tr>\n<td><strong>Paketleme<\/strong><\/td>\n<td>Donan\u0131ml\u0131 bireysel kelep\u00e7eler; kutularda veya d\u00f6kme olarak paketlenmi\u015ftir<\/td>\n<\/tr>\n<\/tbody>\n<\/table>\n<\/div>\n<h4><strong>\u00a0 \u00a0Kullan\u0131m Uygulamalar\u0131<\/strong><\/h4>\n<ul>\n<li>\n<p class=\"ds-markdown-paragraph\"><strong>Havai Elektrik Hatlar\u0131:<\/strong>\u00a0\u0130letim ve da\u011f\u0131t\u0131m kulelerinde iletkenlerin ask\u0131ya al\u0131nmas\u0131<\/p>\n<\/li>\n<li>\n<p class=\"ds-markdown-paragraph\"><strong>Da\u011f\u0131t\u0131m A\u011flar\u0131:<\/strong>\u00a0Kentsel ve k\u0131rsal g\u00fc\u00e7 sistemlerinde iletkenlerin desteklenmesi<\/p>\n<\/li>\n<li>\n<p class=\"ds-markdown-paragraph\"><strong>Esnek Destek:<\/strong>\u00a0Stresi azaltmak ve hasar\u0131 \u00f6nlemek i\u00e7in iletken hareketine izin vermek<\/p>\n<\/li>\n<li>\n<p class=\"ds-markdown-paragraph\"><strong>Korozyona E\u011filimli Ortamlar:<\/strong>\u00a0Al\u00fcminyumun paslanmaya kar\u015f\u0131 dayan\u0131kl\u0131l\u0131\u011f\u0131 nedeniyle k\u0131y\u0131 ve end\u00fcstriyel alanlar<\/p>\n<\/li>\n<li>\n<p class=\"ds-markdown-paragraph\"><strong>Yenilenebilir Enerji Projeleri:<\/strong>\u00a0G\u00fcne\u015f ve r\u00fczgar enerjisi tesislerinde iletkenlerin desteklenmesi<\/p>\n<\/li>\n<li>\n<p class=\"ds-markdown-paragraph\"><strong>Telekom\u00fcnikasyon Hatlar\u0131:<\/strong>\u00a0\u0130leti\u015fim kablolar\u0131n\u0131n minimum parazitle ask\u0131ya al\u0131nmas\u0131<\/p>\n<\/li>\n<li>\n<p class=\"ds-markdown-paragraph\"><strong>Demiryolu Elektrifikasyonu:<\/strong>\u00a0Trenler i\u00e7in ba\u015f \u00fcst\u00fc katener sistemlerinin desteklenmesi<\/p>\n<\/li>\n<\/ul>","protected":false},"excerpt":{"rendered":"<p class=\"ds-markdown-paragraph\">Esneklik ve harekete izin verirken havai elektrik iletkenlerini g\u00fcvenli bir \u015fekilde desteklemek i\u00e7in tasarlanm\u0131\u015f bir al\u00fcminyum ask\u0131 kelep\u00e7esi. Hafif, korozyona dayan\u0131kl\u0131 yap\u0131s\u0131, g\u00fc\u00e7 da\u011f\u0131t\u0131m sistemlerinde dayan\u0131kl\u0131l\u0131k ve g\u00fcvenilir performans sa\u011flar.<\/p>\n<p><b><a href=\"https:\/\/wa.ms\/008619331959787\" target=\"_blank\" rel=\"noopener\">Reach Out Sat\u0131\u015f Ekibi WhatsApp<\/a><\/b><\/p>","protected":false},"featured_media":6781,"comment_status":"closed","ping_status":"closed","template":"","meta":{"_seopress_robots_primary_cat":"none","_seopress_titles_title":"%%post_title%%","_seopress_titles_desc":"","_seopress_robots_index":"","site-sidebar-layout":"default","site-content-layout":"","ast-site-content-layout":"default","site-content-style":"default","site-sidebar-style":"default","ast-global-header-display":"","ast-banner-title-visibility":"","ast-main-header-display":"","ast-hfb-above-header-display":"","ast-hfb-below-header-display":"","ast-hfb-mobile-header-display":"","site-post-title":"","ast-breadcrumbs-content":"","ast-featured-img":"","footer-sml-layout":"","ast-disable-related-posts":"","theme-transparent-header-meta":"default","adv-header-id-meta":"","stick-header-meta":"default","header-above-stick-meta":"","header-main-stick-meta":"","header-below-stick-meta":"","astra-migrate-meta-layouts":"set","ast-page-background-enabled":"default","ast-page-background-meta":{"desktop":{"background-color":"var(--ast-global-color-4)","background-image":"","background-repeat":"repeat","background-position":"center center","background-size":"auto","background-attachment":"scroll","background-type":"","background-media":"","overlay-type":"","overlay-color":"","overlay-opacity":"","overlay-gradient":""},"tablet":{"background-color":"","background-image":"","background-repeat":"repeat","background-position":"center center","background-size":"auto","background-attachment":"scroll","background-type":"","background-media":"","overlay-type":"","overlay-color":"","overlay-opacity":"","overlay-gradient":""},"mobile":{"background-color":"","background-image":"","background-repeat":"repeat","background-position":"center center","background-size":"auto","background-attachment":"scroll","background-type":"","background-media":"","overlay-type":"","overlay-color":"","overlay-opacity":"","overlay-gradient":""}},"ast-content-background-meta":{"desktop":{"background-color":"var(--ast-global-color-5)","background-image":"","background-repeat":"repeat","background-position":"center center","background-size":"auto","background-attachment":"scroll","background-type":"","background-media":"","overlay-type":"","overlay-color":"","overlay-opacity":"","overlay-gradient":""},"tablet":{"background-color":"var(--ast-global-color-5)","background-image":"","background-repeat":"repeat","background-position":"center center","background-size":"auto","background-attachment":"scroll","background-type":"","background-media":"","overlay-type":"","overlay-color":"","overlay-opacity":"","overlay-gradient":""},"mobile":{"background-color":"var(--ast-global-color-5)","background-image":"","background-repeat":"repeat","background-position":"center center","background-size":"auto","background-attachment":"scroll","background-type":"","background-media":"","overlay-type":"","overlay-color":"","overlay-opacity":"","overlay-gradient":""}}},"product_brand":[],"product_cat":[45,47],"product_tag":[],"class_list":{"0":"post-5178","1":"product","2":"type-product","3":"status-publish","4":"has-post-thumbnail","6":"product_cat-strain","7":"product_cat-suspended","8":"desktop-align-center","9":"tablet-align-left","10":"mobile-align-left","11":"ast-product-gallery-layout-horizontal-slider","12":"ast-product-tabs-layout-horizontal","14":"first","15":"instock","16":"shipping-taxable","17":"product-type-simple"},"_links":{"self":[{"href":"https:\/\/jiujinpower.com\/tr\/wp-json\/wp\/v2\/product\/5178","targetHints":{"allow":["GET"]}}],"collection":[{"href":"https:\/\/jiujinpower.com\/tr\/wp-json\/wp\/v2\/product"}],"about":[{"href":"https:\/\/jiujinpower.com\/tr\/wp-json\/wp\/v2\/types\/product"}],"replies":[{"embeddable":true,"href":"https:\/\/jiujinpower.com\/tr\/wp-json\/wp\/v2\/comments?post=5178"}],"wp:featuredmedia":[{"embeddable":true,"href":"https:\/\/jiujinpower.com\/tr\/wp-json\/wp\/v2\/media\/6781"}],"wp:attachment":[{"href":"https:\/\/jiujinpower.com\/tr\/wp-json\/wp\/v2\/media?parent=5178"}],"wp:term":[{"taxonomy":"product_brand","embeddable":true,"href":"https:\/\/jiujinpower.com\/tr\/wp-json\/wp\/v2\/product_brand?post=5178"},{"taxonomy":"product_cat","embeddable":true,"href":"https:\/\/jiujinpower.com\/tr\/wp-json\/wp\/v2\/product_cat?post=5178"},{"taxonomy":"product_tag","embeddable":true,"href":"https:\/\/jiujinpower.com\/tr\/wp-json\/wp\/v2\/product_tag?post=5178"}],"curies":[{"name":"wp","href":"https:\/\/api.w.org\/{rel}","templated":true}]}}