{"id":339,"date":"2025-03-17T11:59:28","date_gmt":"2025-03-17T11:59:28","guid":{"rendered":"https:\/\/jiujinpower.com\/product\/almond-milk-lotion\/"},"modified":"2025-10-22T08:48:18","modified_gmt":"2025-10-22T08:48:18","slug":"nx-ti%cc%87pi%cc%87-elektri%cc%87k-i%cc%87leti%cc%87m-hatti-kama-gergi%cc%87nli%cc%87k-kelepcesi%cc%87-ci%cc%87nko-kapli-alumi%cc%87nyum-cikmaz-kelepce-dogrudan-hebei%cc%87-ci%cc%87ndeki%cc%87-fabri","status":"publish","type":"product","link":"https:\/\/jiujinpower.com\/tr\/urun\/nx-ti%cc%87pi%cc%87-elektri%cc%87k-i%cc%87leti%cc%87m-hatti-kama-gergi%cc%87nli%cc%87k-kelepcesi%cc%87-ci%cc%87nko-kapli-alumi%cc%87nyum-cikmaz-kelepce-dogrudan-hebei%cc%87-ci%cc%87ndeki%cc%87-fabri\/","title":{"rendered":"NX Tipi Elektrik \u0130letim Hatt\u0131 Kama Gerinim Kelep\u00e7esi \u00c7inko Kaplamal\u0131 Al\u00fcminyum \u00c7\u0131kmaz Kelep\u00e7e Do\u011frudan Hebei \u00c7in'deki Fabrikadan"},"content":{"rendered":"<p class=\"ds-markdown-paragraph\">Jiujin Electric Power'\u0131n NX-Tipi Kama Gerinim Kelep\u00e7esi, havai iletim hatlar\u0131n\u0131n g\u00fcvenilir bir \u015fekilde sonland\u0131r\u0131lmas\u0131 i\u00e7in tasarlanm\u0131\u015ft\u0131r. Korozyona dayan\u0131kl\u0131 al\u00fcminyum ala\u015f\u0131mdan \u00fcretilen bu kelep\u00e7e, iletkene e\u015fit bas\u0131n\u00e7 uygulayan ve gerilim y\u00fck\u00fcyle birlikte artan optimum kavrama g\u00fcc\u00fc sa\u011flayan hassas tasar\u0131ml\u0131 bir kama ve g\u00f6vde sistemine sahiptir. \u00c7inko kaplamal\u0131 \u00e7elik bile\u015fenler daha fazla dayan\u0131kl\u0131l\u0131k ve korozyon korumas\u0131 sa\u011flarken, al\u00fcminyum yap\u0131 al\u00fcminyum iletkenlerle kullan\u0131ld\u0131\u011f\u0131nda galvanik korozyonu en aza indirir. Hafif tasar\u0131m\u0131 kurulumu basitle\u015ftirir ve kama mekanizmas\u0131 \u00f6zel aletler olmadan h\u0131zl\u0131 montaj sa\u011flar. Hebei tesisimizde \u00fcretilen bu kelep\u00e7e, y\u00fcksek gerilim iletim projeleri i\u00e7in uluslararas\u0131 standartlar\u0131 kar\u015f\u0131lar ve \u00e7e\u015fitli \u00e7evre ko\u015fullar\u0131nda ola\u011fan\u00fcst\u00fc performans sunar.<\/p>\n<h4><strong>\u00a0 \u00c7e\u015fitler &amp; T\u00fcrler Tablosu<\/strong><\/h4>\n<div class=\"ds-scroll-area _1210dd7\">\n<div class=\"ds-scroll-area__gutters\">\n<div class=\"ds-scroll-area__horizontal-gutter\"><\/div>\n<div class=\"ds-scroll-area__vertical-gutter\"><\/div>\n<\/div>\n<table>\n<thead>\n<tr>\n<th>\u00d6zellik \/ Tip<\/th>\n<th>Jiujin Electric Power Taraf\u0131ndan Sunulan \u00d6zellikler ve Se\u00e7enekler<\/th>\n<\/tr>\n<\/thead>\n<tbody>\n<tr>\n<td><strong>Model\/Tip<\/strong><\/td>\n<td>NX-95, NX-120, NX-150 (mm\u00b2 cinsinden uyumlu iletken boyutunu belirtir)<\/td>\n<\/tr>\n<tr>\n<td><strong>Malzeme<\/strong><\/td>\n<td>Y\u00fcksek Mukavemetli Al\u00fcminyum Ala\u015f\u0131m (G\u00f6vde), \u00c7inko Kaplama \u00c7elik (Kama\/C\u0131vata)<\/td>\n<\/tr>\n<tr>\n<td><strong>Standart<\/strong><\/td>\n<td>IEC 61284, ASTM F855 ve GB\/T 2314 ile uyumludur<\/td>\n<\/tr>\n<tr>\n<td><strong>Kaplama\/Bitirme<\/strong><\/td>\n<td>\u00c7inko Kaplama (\u00c7elik Bile\u015fenler); Eloksal (Al\u00fcminyum Bile\u015fenler)<\/td>\n<\/tr>\n<tr>\n<td><strong>Boyut \/ Ebatlar<\/strong><\/td>\n<td>\u0130letken boyutlar\u0131na uyar: 95mm\u00b2-150mm\u00b2; Kelep\u00e7e uzunlu\u011fu: 200mm-300mm<\/td>\n<\/tr>\n<tr>\n<td><strong>Y\u00fck Derecesi<\/strong><\/td>\n<td>25 kN (95mm\u00b2), 35 kN (120mm\u00b2), 50 kN (150mm\u00b2)<\/td>\n<\/tr>\n<tr>\n<td><strong>Paketleme<\/strong><\/td>\n<td>Takozlu ve c\u0131vatal\u0131 m\u00fcnferit kelep\u00e7eler; kutulu veya paletli<\/td>\n<\/tr>\n<\/tbody>\n<\/table>\n<\/div>\n<h4><strong>\u00a0 \u00a0Kullan\u0131m Uygulamalar\u0131<\/strong><\/h4>\n<ul>\n<li>\n<p class=\"ds-markdown-paragraph\"><strong>\u0130letim Hatt\u0131 \u00c7\u0131kmaz\u0131:<\/strong>\u00a0Al\u00fcminyum ve ACSR iletkenlerin sonland\u0131r\u0131lmas\u0131 ve gerilmesi<\/p>\n<\/li>\n<li>\n<p class=\"ds-markdown-paragraph\"><strong>Da\u011f\u0131t\u0131m Hatt\u0131 Projeleri:<\/strong>\u00a0Orta gerilim elektrik hatlar\u0131 i\u00e7in g\u00fcvenli sonland\u0131rma<\/p>\n<\/li>\n<li>\n<p class=\"ds-markdown-paragraph\"><strong>\u0130letken Onar\u0131m\u0131:<\/strong>\u00a0Bak\u0131m ve onar\u0131mlar s\u0131ras\u0131nda hasarl\u0131 b\u00f6l\u00fcmlerin izole edilmesi<\/p>\n<\/li>\n<li>\n<p class=\"ds-markdown-paragraph\"><strong>Titre\u015fim Direnci:<\/strong>\u00a0Dinamik y\u00fckler ve aeolian titre\u015fimler alt\u0131nda tutu\u015fun korunmas\u0131<\/p>\n<\/li>\n<li>\n<p class=\"ds-markdown-paragraph\"><strong>A\u015f\u0131nd\u0131r\u0131c\u0131 Ortamlar:<\/strong>\u00a0Korozyona dayan\u0131kl\u0131 malzemeler sayesinde k\u0131y\u0131 ve end\u00fcstriyel alanlar i\u00e7in uygundur<\/p>\n<\/li>\n<li>\n<p class=\"ds-markdown-paragraph\"><strong>H\u0131zl\u0131 Kurulum:<\/strong>\u00a0Verimli da\u011f\u0131t\u0131m ve daha az i\u015f\u00e7ilik s\u00fcresi gerektiren projeler i\u00e7in ideal<\/p>\n<\/li>\n<li>\n<p class=\"ds-markdown-paragraph\"><strong>Mevcut Hatlar\u0131n G\u00fc\u00e7lendirilmesi:<\/strong>\u00a0Eski \u00e7\u0131kmaz sistemlerin modern, g\u00fcvenilir kelep\u00e7elerle y\u00fckseltilmesi<\/p>\n<\/li>\n<\/ul>","protected":false},"excerpt":{"rendered":"<p class=\"ds-markdown-paragraph\">Al\u00fcminyum ve ACSR iletkenleri sonland\u0131rmak ve germek i\u00e7in tasarlanm\u0131\u015f, \u00e7inko kaplamal\u0131, y\u00fcksek mukavemetli al\u00fcminyum ala\u015f\u0131mdan \u00fcretilmi\u015f NX tipi bir kama gergi kelep\u00e7esi. Kama mekanizmas\u0131, iletkene zarar vermeden g\u00fcvenli, titre\u015fime dayan\u0131kl\u0131 bir kavrama sa\u011flar.<\/p>\n<p><b><a href=\"https:\/\/wa.ms\/008619331959787\" target=\"_blank\" rel=\"noopener\">Reach Out Sat\u0131\u015f Ekibi WhatsApp<\/a><\/b><\/p>","protected":false},"featured_media":5900,"comment_status":"closed","ping_status":"closed","template":"","meta":{"_seopress_robots_primary_cat":"none","_seopress_titles_title":"%%post_title%%","_seopress_titles_desc":"","_seopress_robots_index":"","site-sidebar-layout":"default","site-content-layout":"content-boxed-container","ast-site-content-layout":"normal-width-container","site-content-style":"boxed","site-sidebar-style":"unboxed","ast-global-header-display":"","ast-banner-title-visibility":"","ast-main-header-display":"","ast-hfb-above-header-display":"","ast-hfb-below-header-display":"","ast-hfb-mobile-header-display":"","site-post-title":"","ast-breadcrumbs-content":"","ast-featured-img":"","footer-sml-layout":"","ast-disable-related-posts":"","theme-transparent-header-meta":"default","adv-header-id-meta":"","stick-header-meta":"default","header-above-stick-meta":"","header-main-stick-meta":"","header-below-stick-meta":"","astra-migrate-meta-layouts":"set","ast-page-background-enabled":"default","ast-page-background-meta":{"desktop":{"background-color":"var(--ast-global-color-4)","background-image":"","background-repeat":"repeat","background-position":"center center","background-size":"auto","background-attachment":"scroll","background-type":"","background-media":"","overlay-type":"","overlay-color":"","overlay-opacity":"","overlay-gradient":""},"tablet":{"background-color":"","background-image":"","background-repeat":"repeat","background-position":"center center","background-size":"auto","background-attachment":"scroll","background-type":"","background-media":"","overlay-type":"","overlay-color":"","overlay-opacity":"","overlay-gradient":""},"mobile":{"background-color":"","background-image":"","background-repeat":"repeat","background-position":"center center","background-size":"auto","background-attachment":"scroll","background-type":"","background-media":"","overlay-type":"","overlay-color":"","overlay-opacity":"","overlay-gradient":""}},"ast-content-background-meta":{"desktop":{"background-color":"var(--ast-global-color-5)","background-image":"","background-repeat":"repeat","background-position":"center center","background-size":"auto","background-attachment":"scroll","background-type":"","background-media":"","overlay-type":"","overlay-color":"","overlay-opacity":"","overlay-gradient":""},"tablet":{"background-color":"var(--ast-global-color-5)","background-image":"","background-repeat":"repeat","background-position":"center center","background-size":"auto","background-attachment":"scroll","background-type":"","background-media":"","overlay-type":"","overlay-color":"","overlay-opacity":"","overlay-gradient":""},"mobile":{"background-color":"var(--ast-global-color-5)","background-image":"","background-repeat":"repeat","background-position":"center center","background-size":"auto","background-attachment":"scroll","background-type":"","background-media":"","overlay-type":"","overlay-color":"","overlay-opacity":"","overlay-gradient":""}}},"product_brand":[],"product_cat":[45],"product_tag":[],"class_list":{"0":"post-339","1":"product","2":"type-product","3":"status-publish","4":"has-post-thumbnail","6":"product_cat-strain","7":"desktop-align-center","8":"tablet-align-left","9":"mobile-align-left","10":"ast-product-gallery-layout-horizontal-slider","11":"ast-product-tabs-layout-horizontal","13":"first","14":"instock","15":"shipping-taxable","16":"product-type-simple"},"_links":{"self":[{"href":"https:\/\/jiujinpower.com\/tr\/wp-json\/wp\/v2\/product\/339","targetHints":{"allow":["GET"]}}],"collection":[{"href":"https:\/\/jiujinpower.com\/tr\/wp-json\/wp\/v2\/product"}],"about":[{"href":"https:\/\/jiujinpower.com\/tr\/wp-json\/wp\/v2\/types\/product"}],"replies":[{"embeddable":true,"href":"https:\/\/jiujinpower.com\/tr\/wp-json\/wp\/v2\/comments?post=339"}],"wp:featuredmedia":[{"embeddable":true,"href":"https:\/\/jiujinpower.com\/tr\/wp-json\/wp\/v2\/media\/5900"}],"wp:attachment":[{"href":"https:\/\/jiujinpower.com\/tr\/wp-json\/wp\/v2\/media?parent=339"}],"wp:term":[{"taxonomy":"product_brand","embeddable":true,"href":"https:\/\/jiujinpower.com\/tr\/wp-json\/wp\/v2\/product_brand?post=339"},{"taxonomy":"product_cat","embeddable":true,"href":"https:\/\/jiujinpower.com\/tr\/wp-json\/wp\/v2\/product_cat?post=339"},{"taxonomy":"product_tag","embeddable":true,"href":"https:\/\/jiujinpower.com\/tr\/wp-json\/wp\/v2\/product_tag?post=339"}],"curies":[{"name":"wp","href":"https:\/\/api.w.org\/{rel}","templated":true}]}}