{"id":7817,"date":"2025-11-13T06:55:16","date_gmt":"2025-11-13T06:55:16","guid":{"rendered":"https:\/\/jiujinpower.com\/?post_type=product&#038;p=7817"},"modified":"2025-11-18T01:32:02","modified_gmt":"2025-11-18T01:32:02","slug":"pole-and-line-silicone-rubber-composite-rod-insulator-tension-pin-crossarm-suspension-type","status":"publish","type":"product","link":"https:\/\/jiujinpower.com\/pt\/produto\/pole-and-line-silicone-rubber-composite-rod-insulator-tension-pin-crossarm-suspension-type\/","title":{"rendered":"Pole and Line Silicone Rubber Composite Rod Insulator &#8211; Tension\/Pin\/Crossarm\/Suspension Type"},"content":{"rendered":"<div class=\"dad65929\">\n<div class=\"_4f9bf79 d7dc56a8 _43c05b5\">\n<div class=\"ds-message _63c77b1\">\n<div class=\"ds-markdown\">\n<div class=\"dad65929\">\n<div class=\"_4f9bf79 d7dc56a8 _43c05b5\">\n<div class=\"ds-message _63c77b1\">\n<div class=\"ds-markdown\">\n<div class=\"dad65929\">\n<div class=\"_4f9bf79 d7dc56a8 _43c05b5\">\n<div class=\"ds-message _63c77b1\">\n<div class=\"ds-markdown\">\n<div class=\"dad65929\">\n<div class=\"_4f9bf79 d7dc56a8 _43c05b5\">\n<div class=\"ds-message _63c77b1\">\n<div class=\"ds-markdown\">\n<div class=\"dad65929\">\n<div class=\"_4f9bf79 d7dc56a8 _43c05b5\">\n<div class=\"ds-message _63c77b1\">\n<div class=\"ds-markdown\">\n<ul>\n<li>\n<div class=\"ds-message _63c77b1\">\n<div class=\"ds-markdown\">\n<div class=\"dad65929\">\n<div class=\"_4f9bf79 d7dc56a8 _43c05b5\">\n<div class=\"ds-message _63c77b1\">\n<div class=\"ds-markdown\">\n<div class=\"dad65929\">\n<div class=\"_4f9bf79 d7dc56a8 _43c05b5\">\n<div class=\"ds-message _63c77b1\">\n<div class=\"ds-markdown\">\n<div class=\"dad65929\">\n<div class=\"_4f9bf79 d7dc56a8 _43c05b5\">\n<div class=\"ds-message _63c77b1\">\n<div class=\"ds-markdown\">\n<div class=\"dad65929\">\n<div class=\"_4f9bf79 d7dc56a8 _43c05b5\">\n<div class=\"ds-message _63c77b1\">\n<div class=\"ds-markdown\">\n<p class=\"ds-markdown-paragraph\">Jiujin Electric Power&#8217;s Silicone Rubber Composite Rod Insulators represent advanced insulation technology for modern power distribution systems. Manufactured with high-temperature vulcanized (HTV) silicone rubber sheds and high-strength fiberglass epoxy resin rods, these insulators provide exceptional mechanical strength and electrical performance. The composite design offers superior resistance to UV radiation, pollution, and harsh environmental conditions compared to traditional ceramic or glass insulators. With excellent hydrophobic properties and anti-aging characteristics, these insulators maintain reliable performance throughout their service life. Available in multiple configurations including tension, pin, crossarm, and suspension types to meet various application requirements in overhead power lines.<\/p>\n<h3><strong>Tabela de variedades e tipos:<\/strong><\/h3>\n<div class=\"ds-scroll-area _1210dd7 c03cafe9\">\n<div class=\"ds-scroll-area__gutters\">\n<div class=\"ds-scroll-area__horizontal-gutter\"><\/div>\n<div class=\"ds-scroll-area__vertical-gutter\"><\/div>\n<\/div>\n<table>\n<thead>\n<tr>\n<th>Recurso \/ Tipo<\/th>\n<th>Especifica\u00e7\u00f5es e op\u00e7\u00f5es<\/th>\n<\/tr>\n<\/thead>\n<tbody>\n<tr>\n<td><strong>Core Material<\/strong><\/td>\n<td>High-Strength Fiberglass Epoxy Rod<\/td>\n<\/tr>\n<tr>\n<td><strong>Shed Material<\/strong><\/td>\n<td>HTV Silicone Rubber<\/td>\n<\/tr>\n<tr>\n<td><strong>Types Available<\/strong><\/td>\n<td>Tension, Pin, Crossarm, Suspension<\/td>\n<\/tr>\n<tr>\n<td><strong>Voltage Rating<\/strong><\/td>\n<td>11kV, 33kV, 66kV, 132kV<\/td>\n<\/tr>\n<tr>\n<td><strong>Mechanical Load<\/strong><\/td>\n<td>70kN, 120kN, 160kN, 210kN<\/td>\n<\/tr>\n<tr>\n<td><strong>Creepage Distance<\/strong><\/td>\n<td>280mm to 600mm<\/td>\n<\/tr>\n<tr>\n<td><strong>Standards<\/strong><\/td>\n<td>IEC 61109, ANSI 29.11, GB\/T 19519<\/td>\n<\/tr>\n<tr>\n<td><strong>Embalagem<\/strong><\/td>\n<td>Wooden Crates with Protective Packaging<\/td>\n<\/tr>\n<\/tbody>\n<\/table>\n<\/div>\n<h3><strong>Aplica\u00e7\u00f5es de uso:<\/strong><\/h3>\n<ul>\n<li>\n<p class=\"ds-markdown-paragraph\"><strong>Distribution Lines:<\/strong>\u00a0Pin-type insulators for pole-mounted distribution systems<\/p>\n<\/li>\n<li>\n<p class=\"ds-markdown-paragraph\"><strong>Transmission Lines:<\/strong>\u00a0Suspension insulators for high-voltage transmission towers<\/p>\n<\/li>\n<li>\n<p class=\"ds-markdown-paragraph\"><strong>Tension Applications:<\/strong>\u00a0Dead-end insulators for line termination points<\/p>\n<\/li>\n<li>\n<p class=\"ds-markdown-paragraph\"><strong>Crossarm Mounting:<\/strong>\u00a0Insulators for crossarm installation on utility poles<\/p>\n<\/li>\n<li>\n<p class=\"ds-markdown-paragraph\"><strong>Estruturas de subesta\u00e7\u00e3o:<\/strong>\u00a0Insulation for busbars and switchgear equipment<\/p>\n<\/li>\n<li>\n<p class=\"ds-markdown-paragraph\"><strong>Eletrifica\u00e7\u00e3o de ferrovias:<\/strong>\u00a0Insulators for overhead catenary systems<\/p>\n<\/li>\n<li>\n<p class=\"ds-markdown-paragraph\"><strong>Energia renov\u00e1vel:<\/strong> Grid connection insulation for solar and wind farms<\/p>\n<\/li>\n<\/ul>\n<\/div>\n<\/div>\n<div class=\"ds-flex _0a3d93b\">\n<div class=\"ds-flex _965abe9 _54866f7\"><\/div>\n<\/div>\n<\/div>\n<\/div>\n<\/div>\n<\/div>\n<\/div>\n<\/div>\n<\/div>\n<\/div>\n<\/div>\n<\/div>\n<\/div>\n<\/div>\n<\/div>\n<\/div>\n<\/div>\n<\/div>\n<\/li>\n<\/ul>\n<\/div>\n<\/div>\n<\/div>\n<\/div>\n<\/div>\n<\/div>\n<\/div>\n<\/div>\n<\/div>\n<\/div>\n<\/div>\n<\/div>\n<\/div>\n<\/div>\n<\/div>\n<\/div>\n<\/div>\n<\/div>\n<\/div>\n<\/div>","protected":false},"excerpt":{"rendered":"<p class=\"ds-markdown-paragraph\">High-performance silicone rubber composite rod insulators available in tension, pin, crossarm, and suspension types for pole and line applications. Features excellent weather resistance, lightweight design, and superior electrical insulation properties.<\/p>\n<p><b><a href=\"https:\/\/wa.ms\/008619331959787\" target=\"_blank\" rel=\"noopener\">Equipe de vendas do Reach Out WhatsApp<\/a><\/b><\/p>","protected":false},"featured_media":7820,"comment_status":"open","ping_status":"closed","template":"","meta":{"_seopress_robots_primary_cat":"none","_seopress_titles_title":"","_seopress_titles_desc":"","_seopress_robots_index":"","site-sidebar-layout":"default","site-content-layout":"","ast-site-content-layout":"default","site-content-style":"default","site-sidebar-style":"default","ast-global-header-display":"","ast-banner-title-visibility":"","ast-main-header-display":"","ast-hfb-above-header-display":"","ast-hfb-below-header-display":"","ast-hfb-mobile-header-display":"","site-post-title":"","ast-breadcrumbs-content":"","ast-featured-img":"","footer-sml-layout":"","ast-disable-related-posts":"","theme-transparent-header-meta":"default","adv-header-id-meta":"","stick-header-meta":"default","header-above-stick-meta":"","header-main-stick-meta":"","header-below-stick-meta":"","astra-migrate-meta-layouts":"set","ast-page-background-enabled":"default","ast-page-background-meta":{"desktop":{"background-color":"var(--ast-global-color-4)","background-image":"","background-repeat":"repeat","background-position":"center center","background-size":"auto","background-attachment":"scroll","background-type":"","background-media":"","overlay-type":"","overlay-color":"","overlay-opacity":"","overlay-gradient":""},"tablet":{"background-color":"","background-image":"","background-repeat":"repeat","background-position":"center center","background-size":"auto","background-attachment":"scroll","background-type":"","background-media":"","overlay-type":"","overlay-color":"","overlay-opacity":"","overlay-gradient":""},"mobile":{"background-color":"","background-image":"","background-repeat":"repeat","background-position":"center center","background-size":"auto","background-attachment":"scroll","background-type":"","background-media":"","overlay-type":"","overlay-color":"","overlay-opacity":"","overlay-gradient":""}},"ast-content-background-meta":{"desktop":{"background-color":"var(--ast-global-color-5)","background-image":"","background-repeat":"repeat","background-position":"center center","background-size":"auto","background-attachment":"scroll","background-type":"","background-media":"","overlay-type":"","overlay-color":"","overlay-opacity":"","overlay-gradient":""},"tablet":{"background-color":"var(--ast-global-color-5)","background-image":"","background-repeat":"repeat","background-position":"center center","background-size":"auto","background-attachment":"scroll","background-type":"","background-media":"","overlay-type":"","overlay-color":"","overlay-opacity":"","overlay-gradient":""},"mobile":{"background-color":"var(--ast-global-color-5)","background-image":"","background-repeat":"repeat","background-position":"center center","background-size":"auto","background-attachment":"scroll","background-type":"","background-media":"","overlay-type":"","overlay-color":"","overlay-opacity":"","overlay-gradient":""}}},"product_brand":[],"product_cat":[47],"product_tag":[],"class_list":{"0":"post-7817","1":"product","2":"type-product","3":"status-publish","4":"has-post-thumbnail","6":"product_cat-suspended","7":"desktop-align-center","8":"tablet-align-left","9":"mobile-align-left","10":"ast-product-gallery-layout-horizontal-slider","11":"ast-product-tabs-layout-horizontal","13":"first","14":"instock","15":"shipping-taxable","16":"product-type-simple"},"_links":{"self":[{"href":"https:\/\/jiujinpower.com\/pt\/wp-json\/wp\/v2\/product\/7817","targetHints":{"allow":["GET"]}}],"collection":[{"href":"https:\/\/jiujinpower.com\/pt\/wp-json\/wp\/v2\/product"}],"about":[{"href":"https:\/\/jiujinpower.com\/pt\/wp-json\/wp\/v2\/types\/product"}],"replies":[{"embeddable":true,"href":"https:\/\/jiujinpower.com\/pt\/wp-json\/wp\/v2\/comments?post=7817"}],"wp:featuredmedia":[{"embeddable":true,"href":"https:\/\/jiujinpower.com\/pt\/wp-json\/wp\/v2\/media\/7820"}],"wp:attachment":[{"href":"https:\/\/jiujinpower.com\/pt\/wp-json\/wp\/v2\/media?parent=7817"}],"wp:term":[{"taxonomy":"product_brand","embeddable":true,"href":"https:\/\/jiujinpower.com\/pt\/wp-json\/wp\/v2\/product_brand?post=7817"},{"taxonomy":"product_cat","embeddable":true,"href":"https:\/\/jiujinpower.com\/pt\/wp-json\/wp\/v2\/product_cat?post=7817"},{"taxonomy":"product_tag","embeddable":true,"href":"https:\/\/jiujinpower.com\/pt\/wp-json\/wp\/v2\/product_tag?post=7817"}],"curies":[{"name":"wp","href":"https:\/\/api.w.org\/{rel}","templated":true}]}}