{"id":7761,"date":"2025-11-11T06:22:51","date_gmt":"2025-11-11T06:22:51","guid":{"rendered":"https:\/\/jiujinpower.com\/?post_type=product&#038;p=7761"},"modified":"2025-11-18T01:38:45","modified_gmt":"2025-11-18T01:38:45","slug":"q-type-galvanized-steel-mid-span-aerial-drop-cable-suspension-clamp-with-hook-and-hex-nut","status":"publish","type":"product","link":"https:\/\/jiujinpower.com\/pt\/produto\/q-type-galvanized-steel-mid-span-aerial-drop-cable-suspension-clamp-with-hook-and-hex-nut\/","title":{"rendered":"Grampo de suspens\u00e3o de cabo suspenso de queda a\u00e9rea de a\u00e7o galvanizado tipo Q com gancho e porca sextavada"},"content":{"rendered":"<div class=\"dad65929\">\n<div class=\"_4f9bf79 d7dc56a8 _43c05b5\">\n<div class=\"ds-message _63c77b1\">\n<div class=\"ds-markdown\">\n<div class=\"dad65929\">\n<div class=\"_4f9bf79 d7dc56a8 _43c05b5\">\n<div class=\"ds-message _63c77b1\">\n<div class=\"ds-markdown\">\n<div class=\"dad65929\">\n<div class=\"_4f9bf79 d7dc56a8 _43c05b5\">\n<div class=\"ds-message _63c77b1\">\n<div class=\"ds-markdown\">\n<div class=\"dad65929\">\n<div class=\"_4f9bf79 d7dc56a8 _43c05b5\">\n<div class=\"ds-message _63c77b1\">\n<div class=\"ds-markdown\">\n<div class=\"dad65929\">\n<div class=\"_4f9bf79 d7dc56a8 _43c05b5\">\n<div class=\"ds-message _63c77b1\">\n<div class=\"ds-markdown\">\n<ul>\n<li>\n<div class=\"_4f9bf79 d7dc56a8 _43c05b5\">\n<div class=\"ds-message _63c77b1\">\n<div class=\"ds-markdown\">\n<div class=\"dad65929\">\n<div class=\"_4f9bf79 d7dc56a8 _43c05b5\">\n<div class=\"ds-message _63c77b1\">\n<div class=\"ds-markdown\">\n<div class=\"dad65929\">\n<div class=\"_4f9bf79 d7dc56a8 _43c05b5\">\n<div class=\"ds-message _63c77b1\">\n<div class=\"ds-markdown\">\n<div class=\"dad65929\">\n<div class=\"_4f9bf79 d7dc56a8 _43c05b5\">\n<div class=\"ds-message _63c77b1\">\n<div class=\"ds-markdown\">\n<p class=\"ds-markdown-paragraph\">Jiujin Electric Power&#8217;s Q Type Mid-Span Suspension Clamp is engineered for reliable performance in aerial cable applications. Manufactured from high-strength carbon steel (Q235B) with a thick hot-dip galvanized coating (\u226585\u00b5m), this clamp provides maximum protection against rust, UV degradation, and harsh weather conditions. The Q-shaped design ensures optimal cable retention while preventing damage to insulation, and the integrated hook allows for easy attachment to messenger wires or support structures. The included hex nut ensures secure fastening and easy installation with standard tools. Ideal for power distribution, telecommunications, and street lighting applications, this clamp maintains consistent performance under various environmental stresses and mechanical loads.<\/p>\n<h3><strong>Tabela de variedades e tipos:<\/strong><\/h3>\n<div class=\"ds-scroll-area _1210dd7 c03cafe9\">\n<div class=\"ds-scroll-area__gutters\">\n<div class=\"ds-scroll-area__horizontal-gutter\"><\/div>\n<div class=\"ds-scroll-area__vertical-gutter\"><\/div>\n<\/div>\n<table>\n<thead>\n<tr>\n<th>Recurso \/ Tipo<\/th>\n<th>Especifica\u00e7\u00f5es e op\u00e7\u00f5es<\/th>\n<\/tr>\n<\/thead>\n<tbody>\n<tr>\n<td><strong>Material<\/strong><\/td>\n<td>A\u00e7o carbono Q235B<\/td>\n<\/tr>\n<tr>\n<td><strong>Coating<\/strong><\/td>\n<td>Galvanizado por imers\u00e3o a quente (\u226585\u00b5m)<\/td>\n<\/tr>\n<tr>\n<td><strong>Compatibilidade de cabos<\/strong><\/td>\n<td>8-20mm diameter aerial cables<\/td>\n<\/tr>\n<tr>\n<td><strong>Capacidade de carga<\/strong><\/td>\n<td>5kN to 15kN<\/td>\n<\/tr>\n<tr>\n<td><strong>Standards<\/strong><\/td>\n<td>IEC 61284, ASTM A123, GB\/T 2317<\/td>\n<\/tr>\n<tr>\n<td><strong>Finish<\/strong><\/td>\n<td>Hot-Dip Galvanized<\/td>\n<\/tr>\n<tr>\n<td><strong>Embalagem<\/strong><\/td>\n<td>Individual Poly Bags, Carton Boxes<\/td>\n<\/tr>\n<\/tbody>\n<\/table>\n<\/div>\n<h3><strong>Aplica\u00e7\u00f5es de uso:<\/strong><\/h3>\n<ul>\n<li>\n<p class=\"ds-markdown-paragraph\"><strong>Aerial Power Distribution:<\/strong>\u00a0Mid-span support for power cables on utility poles<\/p>\n<\/li>\n<li>\n<p class=\"ds-markdown-paragraph\"><strong>Linhas de telecomunica\u00e7\u00f5es:<\/strong>\u00a0Suspending communication cables between poles<\/p>\n<\/li>\n<li>\n<p class=\"ds-markdown-paragraph\"><strong>Sistemas de ilumina\u00e7\u00e3o p\u00fablica:<\/strong>\u00a0Supporting power cables for municipal lighting<\/p>\n<\/li>\n<li>\n<p class=\"ds-markdown-paragraph\"><strong>Service Drop Applications:<\/strong>\u00a0Aerial cable support for residential and commercial services<\/p>\n<\/li>\n<li>\n<p class=\"ds-markdown-paragraph\"><strong>Temporary Power Installations:<\/strong>\u00a0Quick deployment for construction sites<\/p>\n<\/li>\n<li>\n<p class=\"ds-markdown-paragraph\"><strong>Sistemas de caten\u00e1ria ferrovi\u00e1ria:<\/strong>\u00a0Supporting auxiliary cables in railway electrification<\/p>\n<\/li>\n<li>\n<p class=\"ds-markdown-paragraph\"><strong>Projetos de energia renov\u00e1vel:<\/strong>\u00a0Aerial cable management in solar and wind farms<\/p>\n<\/li>\n<\/ul>\n<\/div>\n<\/div>\n<\/div>\n<\/div>\n<\/div>\n<\/div>\n<\/div>\n<\/div>\n<\/div>\n<\/div>\n<\/div>\n<\/div>\n<\/div>\n<\/div>\n<\/div>\n<\/li>\n<\/ul>\n<\/div>\n<\/div>\n<\/div>\n<\/div>\n<\/div>\n<\/div>\n<\/div>\n<\/div>\n<\/div>\n<\/div>\n<\/div>\n<\/div>\n<\/div>\n<\/div>\n<\/div>\n<\/div>\n<\/div>\n<\/div>\n<\/div>\n<\/div>","protected":false},"excerpt":{"rendered":"<p class=\"ds-markdown-paragraph\">Heavy-duty Q type galvanized steel suspension clamp designed for mid-span aerial cable support in power distribution systems. Features integrated hook and hex nut for secure installation and excellent corrosion resistance.<\/p>\n<p><b><a href=\"https:\/\/wa.ms\/008619331959787\" target=\"_blank\" rel=\"noopener\">Equipe de vendas do Reach Out WhatsApp<\/a><\/b><\/p>","protected":false},"featured_media":7763,"comment_status":"open","ping_status":"closed","template":"","meta":{"_seopress_robots_primary_cat":"none","_seopress_titles_title":"","_seopress_titles_desc":"","_seopress_robots_index":"","site-sidebar-layout":"default","site-content-layout":"","ast-site-content-layout":"default","site-content-style":"default","site-sidebar-style":"default","ast-global-header-display":"","ast-banner-title-visibility":"","ast-main-header-display":"","ast-hfb-above-header-display":"","ast-hfb-below-header-display":"","ast-hfb-mobile-header-display":"","site-post-title":"","ast-breadcrumbs-content":"","ast-featured-img":"","footer-sml-layout":"","ast-disable-related-posts":"","theme-transparent-header-meta":"default","adv-header-id-meta":"","stick-header-meta":"default","header-above-stick-meta":"","header-main-stick-meta":"","header-below-stick-meta":"","astra-migrate-meta-layouts":"set","ast-page-background-enabled":"default","ast-page-background-meta":{"desktop":{"background-color":"var(--ast-global-color-4)","background-image":"","background-repeat":"repeat","background-position":"center center","background-size":"auto","background-attachment":"scroll","background-type":"","background-media":"","overlay-type":"","overlay-color":"","overlay-opacity":"","overlay-gradient":""},"tablet":{"background-color":"","background-image":"","background-repeat":"repeat","background-position":"center center","background-size":"auto","background-attachment":"scroll","background-type":"","background-media":"","overlay-type":"","overlay-color":"","overlay-opacity":"","overlay-gradient":""},"mobile":{"background-color":"","background-image":"","background-repeat":"repeat","background-position":"center center","background-size":"auto","background-attachment":"scroll","background-type":"","background-media":"","overlay-type":"","overlay-color":"","overlay-opacity":"","overlay-gradient":""}},"ast-content-background-meta":{"desktop":{"background-color":"var(--ast-global-color-5)","background-image":"","background-repeat":"repeat","background-position":"center center","background-size":"auto","background-attachment":"scroll","background-type":"","background-media":"","overlay-type":"","overlay-color":"","overlay-opacity":"","overlay-gradient":""},"tablet":{"background-color":"var(--ast-global-color-5)","background-image":"","background-repeat":"repeat","background-position":"center center","background-size":"auto","background-attachment":"scroll","background-type":"","background-media":"","overlay-type":"","overlay-color":"","overlay-opacity":"","overlay-gradient":""},"mobile":{"background-color":"var(--ast-global-color-5)","background-image":"","background-repeat":"repeat","background-position":"center center","background-size":"auto","background-attachment":"scroll","background-type":"","background-media":"","overlay-type":"","overlay-color":"","overlay-opacity":"","overlay-gradient":""}}},"product_brand":[],"product_cat":[44,45,47],"product_tag":[],"class_list":{"0":"post-7761","1":"product","2":"type-product","3":"status-publish","4":"has-post-thumbnail","6":"product_cat-brackets","7":"product_cat-strain","8":"product_cat-suspended","9":"desktop-align-center","10":"tablet-align-left","11":"mobile-align-left","12":"ast-product-gallery-layout-horizontal-slider","13":"ast-product-tabs-layout-horizontal","15":"first","16":"instock","17":"shipping-taxable","18":"product-type-simple"},"_links":{"self":[{"href":"https:\/\/jiujinpower.com\/pt\/wp-json\/wp\/v2\/product\/7761","targetHints":{"allow":["GET"]}}],"collection":[{"href":"https:\/\/jiujinpower.com\/pt\/wp-json\/wp\/v2\/product"}],"about":[{"href":"https:\/\/jiujinpower.com\/pt\/wp-json\/wp\/v2\/types\/product"}],"replies":[{"embeddable":true,"href":"https:\/\/jiujinpower.com\/pt\/wp-json\/wp\/v2\/comments?post=7761"}],"wp:featuredmedia":[{"embeddable":true,"href":"https:\/\/jiujinpower.com\/pt\/wp-json\/wp\/v2\/media\/7763"}],"wp:attachment":[{"href":"https:\/\/jiujinpower.com\/pt\/wp-json\/wp\/v2\/media?parent=7761"}],"wp:term":[{"taxonomy":"product_brand","embeddable":true,"href":"https:\/\/jiujinpower.com\/pt\/wp-json\/wp\/v2\/product_brand?post=7761"},{"taxonomy":"product_cat","embeddable":true,"href":"https:\/\/jiujinpower.com\/pt\/wp-json\/wp\/v2\/product_cat?post=7761"},{"taxonomy":"product_tag","embeddable":true,"href":"https:\/\/jiujinpower.com\/pt\/wp-json\/wp\/v2\/product_tag?post=7761"}],"curies":[{"name":"wp","href":"https:\/\/api.w.org\/{rel}","templated":true}]}}