{"id":7654,"date":"2025-11-04T06:35:59","date_gmt":"2025-11-04T06:35:59","guid":{"rendered":"https:\/\/jiujinpower.com\/?post_type=product&#038;p=7654"},"modified":"2025-11-18T02:10:39","modified_gmt":"2025-11-18T02:10:39","slug":"ansi-standard-cross-arm-strap-for-overhead-line-fitting-and-electric-power-cable-support","status":"publish","type":"product","link":"https:\/\/jiujinpower.com\/pt\/produto\/ansi-standard-cross-arm-strap-for-overhead-line-fitting-and-electric-power-cable-support\/","title":{"rendered":"ANSI Standard Cross Arm Strap for Overhead Line Fitting and Electric Power Cable Support"},"content":{"rendered":"<div class=\"dad65929\">\n<div class=\"_4f9bf79 d7dc56a8 _43c05b5\">\n<div class=\"ds-message _63c77b1\">\n<div class=\"ds-markdown\">\n<div class=\"dad65929\">\n<div class=\"_4f9bf79 d7dc56a8 _43c05b5\">\n<div class=\"ds-message _63c77b1\">\n<div class=\"ds-markdown\">\n<div class=\"dad65929\">\n<div class=\"_4f9bf79 d7dc56a8 _43c05b5\">\n<div class=\"ds-message _63c77b1\">\n<div class=\"ds-markdown\">\n<div class=\"dad65929\">\n<div class=\"_4f9bf79 d7dc56a8 _43c05b5\">\n<div class=\"ds-message _63c77b1\">\n<div class=\"ds-markdown\">\n<div class=\"dad65929\">\n<div class=\"_4f9bf79 d7dc56a8 _43c05b5\">\n<div class=\"ds-message _63c77b1\">\n<div class=\"ds-markdown\">\n<ul>\n<li>\n<div class=\"_4f9bf79 d7dc56a8 _43c05b5\">\n<div class=\"ds-message _63c77b1\">\n<div class=\"ds-markdown\">\n<p class=\"ds-markdown-paragraph\">Jiujin Electric Power&#8217;s ANSI Cross Arm Strap is engineered to meet rigorous standards for overhead power line installations. Manufactured from high-strength carbon steel (Grade Q235B) with a thick hot-dip galvanized coating (\u226585\u00b5m), this strap provides exceptional durability and protection against rust, UV exposure, and harsh environmental conditions. The precision-designed contour ensures a perfect fit on standard cross arms, while the pre-punched holes facilitate easy installation of insulators, conductors, and other hardware. Ideal for distribution lines, transmission systems, and telecommunication networks, this cross arm strap undergoes strict quality control to ensure consistent performance and compliance with ANSI specifications.<\/p>\n<h3><strong>Tabela de variedades e tipos:<\/strong><\/h3>\n<div class=\"ds-scroll-area _1210dd7 c03cafe9\">\n<div class=\"ds-scroll-area__gutters\">\n<div class=\"ds-scroll-area__horizontal-gutter\"><\/div>\n<div class=\"ds-scroll-area__vertical-gutter\"><\/div>\n<\/div>\n<table>\n<thead>\n<tr>\n<th>Recurso \/ Tipo<\/th>\n<th>Especifica\u00e7\u00f5es e op\u00e7\u00f5es<\/th>\n<\/tr>\n<\/thead>\n<tbody>\n<tr>\n<td><strong>Material<\/strong><\/td>\n<td>A\u00e7o carbono Q235B<\/td>\n<\/tr>\n<tr>\n<td><strong>Coating<\/strong><\/td>\n<td>Galvanizado por imers\u00e3o a quente (\u226585\u00b5m)<\/td>\n<\/tr>\n<tr>\n<td><strong>Standards<\/strong><\/td>\n<td>ANSI C29, IEC 61284, GB\/T 3098.1<\/td>\n<\/tr>\n<tr>\n<td><strong>Size Range<\/strong><\/td>\n<td>1\/2&#8243;, 5\/8&#8243;, 3\/4&#8243; (Width)<\/td>\n<\/tr>\n<tr>\n<td><strong>Capacidade de carga<\/strong><\/td>\n<td>10kN to 25kN<\/td>\n<\/tr>\n<tr>\n<td><strong>Embalagem<\/strong><\/td>\n<td>Carton Boxes or Bulk Wooden Crates<\/td>\n<\/tr>\n<\/tbody>\n<\/table>\n<\/div>\n<h3><strong>Aplica\u00e7\u00f5es de uso:<\/strong><\/h3>\n<ul>\n<li>\n<p class=\"ds-markdown-paragraph\"><strong>Overhead Power Distribution:<\/strong>\u00a0Securing conductors and insulators on utility poles<\/p>\n<\/li>\n<li>\n<p class=\"ds-markdown-paragraph\"><strong>Transmission Line Support:<\/strong>\u00a0Providing stable mounting for high-voltage lines<\/p>\n<\/li>\n<li>\n<p class=\"ds-markdown-paragraph\"><strong>Telecommunication Cables:<\/strong>\u00a0Supporting communication lines on cross arms<\/p>\n<\/li>\n<li>\n<p class=\"ds-markdown-paragraph\"><strong>Montagem de luz de rua:<\/strong>\u00a0Fixing luminaires and electrical components<\/p>\n<\/li>\n<li>\n<p class=\"ds-markdown-paragraph\"><strong>Service Drop Connections:<\/strong>\u00a0Supporting service wires from main distribution lines<\/p>\n<\/li>\n<li>\n<p class=\"ds-markdown-paragraph\"><strong>Sistemas de caten\u00e1ria ferrovi\u00e1ria:<\/strong>\u00a0Overhead line equipment installation<\/p>\n<\/li>\n<li>\n<p class=\"ds-markdown-paragraph\"><strong>Projetos de energia renov\u00e1vel:<\/strong> Grid connection support for solar and wind farms<\/p>\n<\/li>\n<\/ul>\n<\/div>\n<\/div>\n<div class=\"ds-flex _0a3d93b\">\n<div class=\"ds-flex _965abe9 _54866f7\"><\/div>\n<\/div>\n<\/div>\n<\/li>\n<\/ul>\n<\/div>\n<\/div>\n<\/div>\n<\/div>\n<\/div>\n<\/div>\n<\/div>\n<\/div>\n<\/div>\n<\/div>\n<\/div>\n<\/div>\n<\/div>\n<\/div>\n<\/div>\n<\/div>\n<\/div>\n<\/div>\n<\/div>\n<\/div>","protected":false},"excerpt":{"rendered":"<p class=\"ds-markdown-paragraph\">Heavy-duty ANSI standard cross arm strap designed for secure mounting and support of electrical power cables on utility poles. Features hot-dip galvanized steel construction for superior corrosion resistance and long-term reliability in overhead line applications.<\/p>\n<p><b><a href=\"https:\/\/wa.ms\/008619331959787\" target=\"_blank\" rel=\"noopener\">Equipe de vendas do Reach Out WhatsApp<\/a><\/b><\/p>","protected":false},"featured_media":7662,"comment_status":"open","ping_status":"closed","template":"","meta":{"_seopress_robots_primary_cat":"none","_seopress_titles_title":"","_seopress_titles_desc":"","_seopress_robots_index":"","site-sidebar-layout":"default","site-content-layout":"","ast-site-content-layout":"default","site-content-style":"default","site-sidebar-style":"default","ast-global-header-display":"","ast-banner-title-visibility":"","ast-main-header-display":"","ast-hfb-above-header-display":"","ast-hfb-below-header-display":"","ast-hfb-mobile-header-display":"","site-post-title":"","ast-breadcrumbs-content":"","ast-featured-img":"","footer-sml-layout":"","ast-disable-related-posts":"","theme-transparent-header-meta":"default","adv-header-id-meta":"","stick-header-meta":"default","header-above-stick-meta":"","header-main-stick-meta":"","header-below-stick-meta":"","astra-migrate-meta-layouts":"set","ast-page-background-enabled":"default","ast-page-background-meta":{"desktop":{"background-color":"var(--ast-global-color-4)","background-image":"","background-repeat":"repeat","background-position":"center center","background-size":"auto","background-attachment":"scroll","background-type":"","background-media":"","overlay-type":"","overlay-color":"","overlay-opacity":"","overlay-gradient":""},"tablet":{"background-color":"","background-image":"","background-repeat":"repeat","background-position":"center center","background-size":"auto","background-attachment":"scroll","background-type":"","background-media":"","overlay-type":"","overlay-color":"","overlay-opacity":"","overlay-gradient":""},"mobile":{"background-color":"","background-image":"","background-repeat":"repeat","background-position":"center center","background-size":"auto","background-attachment":"scroll","background-type":"","background-media":"","overlay-type":"","overlay-color":"","overlay-opacity":"","overlay-gradient":""}},"ast-content-background-meta":{"desktop":{"background-color":"var(--ast-global-color-5)","background-image":"","background-repeat":"repeat","background-position":"center center","background-size":"auto","background-attachment":"scroll","background-type":"","background-media":"","overlay-type":"","overlay-color":"","overlay-opacity":"","overlay-gradient":""},"tablet":{"background-color":"var(--ast-global-color-5)","background-image":"","background-repeat":"repeat","background-position":"center center","background-size":"auto","background-attachment":"scroll","background-type":"","background-media":"","overlay-type":"","overlay-color":"","overlay-opacity":"","overlay-gradient":""},"mobile":{"background-color":"var(--ast-global-color-5)","background-image":"","background-repeat":"repeat","background-position":"center center","background-size":"auto","background-attachment":"scroll","background-type":"","background-media":"","overlay-type":"","overlay-color":"","overlay-opacity":"","overlay-gradient":""}}},"product_brand":[],"product_cat":[48,41,42,47],"product_tag":[],"class_list":{"0":"post-7654","1":"product","2":"type-product","3":"status-publish","4":"has-post-thumbnail","6":"product_cat-connection","7":"product_cat-electric","8":"product_cat-pole-line-hardware","9":"product_cat-suspended","10":"desktop-align-center","11":"tablet-align-left","12":"mobile-align-left","13":"ast-product-gallery-layout-horizontal-slider","14":"ast-product-tabs-layout-horizontal","16":"first","17":"instock","18":"shipping-taxable","19":"product-type-simple"},"_links":{"self":[{"href":"https:\/\/jiujinpower.com\/pt\/wp-json\/wp\/v2\/product\/7654","targetHints":{"allow":["GET"]}}],"collection":[{"href":"https:\/\/jiujinpower.com\/pt\/wp-json\/wp\/v2\/product"}],"about":[{"href":"https:\/\/jiujinpower.com\/pt\/wp-json\/wp\/v2\/types\/product"}],"replies":[{"embeddable":true,"href":"https:\/\/jiujinpower.com\/pt\/wp-json\/wp\/v2\/comments?post=7654"}],"wp:featuredmedia":[{"embeddable":true,"href":"https:\/\/jiujinpower.com\/pt\/wp-json\/wp\/v2\/media\/7662"}],"wp:attachment":[{"href":"https:\/\/jiujinpower.com\/pt\/wp-json\/wp\/v2\/media?parent=7654"}],"wp:term":[{"taxonomy":"product_brand","embeddable":true,"href":"https:\/\/jiujinpower.com\/pt\/wp-json\/wp\/v2\/product_brand?post=7654"},{"taxonomy":"product_cat","embeddable":true,"href":"https:\/\/jiujinpower.com\/pt\/wp-json\/wp\/v2\/product_cat?post=7654"},{"taxonomy":"product_tag","embeddable":true,"href":"https:\/\/jiujinpower.com\/pt\/wp-json\/wp\/v2\/product_tag?post=7654"}],"curies":[{"name":"wp","href":"https:\/\/api.w.org\/{rel}","templated":true}]}}