{"id":6913,"date":"2025-09-01T07:20:58","date_gmt":"2025-09-01T07:20:58","guid":{"rendered":"https:\/\/jiujinpower.com\/?post_type=product&#038;p=6913"},"modified":"2025-10-22T05:40:28","modified_gmt":"2025-10-22T05:40:28","slug":"bracadeira-de-suporte-de-montagem-de-aro-de-linha-de-poste-galvanizado-por-imersao-a-quente-para-hardware-de-poste-de-servicos-publicos-direto-da-fabrica-em-hebei-china","status":"publish","type":"product","link":"https:\/\/jiujinpower.com\/pt\/produto\/bracadeira-de-suporte-de-montagem-de-aro-de-linha-de-poste-galvanizado-por-imersao-a-quente-para-hardware-de-poste-de-servicos-publicos-direto-da-fabrica-em-hebei-china\/","title":{"rendered":"Bra\u00e7adeira de suporte de montagem de arco de linha de poste galvanizado por imers\u00e3o a quente para hardware de poste utilit\u00e1rio direto da f\u00e1brica em Hebei, China"},"content":{"rendered":"<p class=\"ds-markdown-paragraph\">A bra\u00e7adeira de suporte para montagem em aro da Jiujin foi projetada para montagem robusta e vers\u00e1til em postes de madeira, concreto ou a\u00e7o. Fabricada em a\u00e7o carbono de alta resist\u00eancia e protegida com um espesso revestimento galvanizado por imers\u00e3o a quente (m\u00edn. 85 \u00b5m), essa bra\u00e7adeira resiste \u00e0 ferrugem, \u00e0 exposi\u00e7\u00e3o aos raios UV e \u00e0s condi\u00e7\u00f5es clim\u00e1ticas adversas. O design do aro garante uma distribui\u00e7\u00e3o uniforme da press\u00e3o, evitando danos ao poste enquanto suporta cargas pesadas. Os furos pr\u00e9-perfurados permitem a f\u00e1cil instala\u00e7\u00e3o de parafusos e acess\u00f3rios. Ideal para aplica\u00e7\u00f5es de distribui\u00e7\u00e3o el\u00e9trica, telecomunica\u00e7\u00f5es e ilumina\u00e7\u00e3o p\u00fablica.<\/p>\n<p class=\"ds-markdown-paragraph\"><strong>Tabela de variedades e tipos:<\/strong><\/p>\n<div class=\"ds-scroll-area _1210dd7\">\n<div class=\"ds-scroll-area__gutters\">\n<div class=\"ds-scroll-area__horizontal-gutter\"><\/div>\n<div class=\"ds-scroll-area__vertical-gutter\"><\/div>\n<\/div>\n<table>\n<thead>\n<tr>\n<th>Recurso \/ Tipo<\/th>\n<th>Especifica\u00e7\u00f5es e op\u00e7\u00f5es<\/th>\n<\/tr>\n<\/thead>\n<tbody>\n<tr>\n<td><strong>Modelo\/Tipo<\/strong><\/td>\n<td>HM-100, HM-150, HM-200 (di\u00e2metro do polo em mm)<\/td>\n<\/tr>\n<tr>\n<td><strong>Material<\/strong><\/td>\n<td>A\u00e7o carbono Q235B<\/td>\n<\/tr>\n<tr>\n<td><strong>Revestimento\/acabamento<\/strong><\/td>\n<td>Galvanizado por imers\u00e3o a quente (\u226585\u00b5m)<\/td>\n<\/tr>\n<tr>\n<td><strong>Capacidade de carga<\/strong><\/td>\n<td>10kN (HM-100), 15kN (HM-150), 20kN (HM-200)<\/td>\n<\/tr>\n<tr>\n<td><strong>Compatibilidade de polos<\/strong><\/td>\n<td>Madeira, concreto, a\u00e7o (100-200 mm de di\u00e2metro)<\/td>\n<\/tr>\n<tr>\n<td><strong>Embalagem<\/strong><\/td>\n<td>Caixas de papel\u00e3o ou caixotes de madeira (op\u00e7\u00f5es a granel)<\/td>\n<\/tr>\n<\/tbody>\n<\/table>\n<\/div>\n<p class=\"ds-markdown-paragraph\"><strong>Aplica\u00e7\u00f5es de uso:<\/strong><\/p>\n<ul>\n<li>\n<p class=\"ds-markdown-paragraph\"><strong>Bra\u00e7os cruzados de postes de utilidade p\u00fablica:<\/strong>\u00a0Montagem segura de bra\u00e7os cruzados e bra\u00e7adeiras.<\/p>\n<\/li>\n<li>\n<p class=\"ds-markdown-paragraph\"><strong>Instala\u00e7\u00e3o do transformador:<\/strong>\u00a0Suporte a transformadores e interruptores montados em postes.<\/p>\n<\/li>\n<li>\n<p class=\"ds-markdown-paragraph\"><strong>Hardware de telecomunica\u00e7\u00f5es:<\/strong>\u00a0Fixa\u00e7\u00e3o de antenas e sistemas de suporte de cabos.<\/p>\n<\/li>\n<li>\n<p class=\"ds-markdown-paragraph\"><strong>Montagem de luz de rua:<\/strong>\u00a0Fixa\u00e7\u00e3o de lumin\u00e1rias em postes.<\/p>\n<\/li>\n<li>\n<p class=\"ds-markdown-paragraph\"><strong>Fixa\u00e7\u00e3o do cabo de sustenta\u00e7\u00e3o:<\/strong>\u00a0Ancoragem de fios de sustenta\u00e7\u00e3o para estabiliza\u00e7\u00e3o de postes.<\/p>\n<\/li>\n<li>\n<p class=\"ds-markdown-paragraph\"><strong>Infraestrutura de grade:<\/strong>\u00a0Usado em projetos de transmiss\u00e3o e distribui\u00e7\u00e3o de energia.<\/p>\n<\/li>\n<\/ul>","protected":false},"excerpt":{"rendered":"<p class=\"ds-markdown-paragraph\">Grampo de suporte de montagem de aro galvanizado por imers\u00e3o a quente para servi\u00e7os pesados, projetado para fixa\u00e7\u00e3o segura de cruzetas, transformadores e ferragens em postes de servi\u00e7os p\u00fablicos. Apresenta revestimento resistente \u00e0 corros\u00e3o e tens\u00e3o ajust\u00e1vel para desempenho confi\u00e1vel em sistemas de distribui\u00e7\u00e3o de energia.<\/p>\n<p><b><a href=\"https:\/\/wa.ms\/008619331959787\" target=\"_blank\" rel=\"noopener\">Equipe de vendas do Reach Out WhatsApp<\/a><\/b><\/p>","protected":false},"featured_media":6916,"comment_status":"open","ping_status":"closed","template":"","meta":{"_seopress_robots_primary_cat":"none","_seopress_titles_title":"%%post_title%%","_seopress_titles_desc":"","_seopress_robots_index":"","site-sidebar-layout":"default","site-content-layout":"","ast-site-content-layout":"default","site-content-style":"default","site-sidebar-style":"default","ast-global-header-display":"","ast-banner-title-visibility":"","ast-main-header-display":"","ast-hfb-above-header-display":"","ast-hfb-below-header-display":"","ast-hfb-mobile-header-display":"","site-post-title":"","ast-breadcrumbs-content":"","ast-featured-img":"","footer-sml-layout":"","ast-disable-related-posts":"","theme-transparent-header-meta":"default","adv-header-id-meta":"","stick-header-meta":"default","header-above-stick-meta":"","header-main-stick-meta":"","header-below-stick-meta":"","astra-migrate-meta-layouts":"set","ast-page-background-enabled":"default","ast-page-background-meta":{"desktop":{"background-color":"var(--ast-global-color-4)","background-image":"","background-repeat":"repeat","background-position":"center center","background-size":"auto","background-attachment":"scroll","background-type":"","background-media":"","overlay-type":"","overlay-color":"","overlay-opacity":"","overlay-gradient":""},"tablet":{"background-color":"","background-image":"","background-repeat":"repeat","background-position":"center center","background-size":"auto","background-attachment":"scroll","background-type":"","background-media":"","overlay-type":"","overlay-color":"","overlay-opacity":"","overlay-gradient":""},"mobile":{"background-color":"","background-image":"","background-repeat":"repeat","background-position":"center center","background-size":"auto","background-attachment":"scroll","background-type":"","background-media":"","overlay-type":"","overlay-color":"","overlay-opacity":"","overlay-gradient":""}},"ast-content-background-meta":{"desktop":{"background-color":"var(--ast-global-color-5)","background-image":"","background-repeat":"repeat","background-position":"center center","background-size":"auto","background-attachment":"scroll","background-type":"","background-media":"","overlay-type":"","overlay-color":"","overlay-opacity":"","overlay-gradient":""},"tablet":{"background-color":"var(--ast-global-color-5)","background-image":"","background-repeat":"repeat","background-position":"center center","background-size":"auto","background-attachment":"scroll","background-type":"","background-media":"","overlay-type":"","overlay-color":"","overlay-opacity":"","overlay-gradient":""},"mobile":{"background-color":"var(--ast-global-color-5)","background-image":"","background-repeat":"repeat","background-position":"center center","background-size":"auto","background-attachment":"scroll","background-type":"","background-media":"","overlay-type":"","overlay-color":"","overlay-opacity":"","overlay-gradient":""}}},"product_brand":[],"product_cat":[42],"product_tag":[],"class_list":{"0":"post-6913","1":"product","2":"type-product","3":"status-publish","4":"has-post-thumbnail","6":"product_cat-pole-line-hardware","7":"desktop-align-center","8":"tablet-align-left","9":"mobile-align-left","10":"ast-product-gallery-layout-horizontal-slider","11":"ast-product-gallery-with-no-image","12":"ast-product-tabs-layout-horizontal","14":"first","15":"instock","16":"shipping-taxable","17":"product-type-simple"},"_links":{"self":[{"href":"https:\/\/jiujinpower.com\/pt\/wp-json\/wp\/v2\/product\/6913","targetHints":{"allow":["GET"]}}],"collection":[{"href":"https:\/\/jiujinpower.com\/pt\/wp-json\/wp\/v2\/product"}],"about":[{"href":"https:\/\/jiujinpower.com\/pt\/wp-json\/wp\/v2\/types\/product"}],"replies":[{"embeddable":true,"href":"https:\/\/jiujinpower.com\/pt\/wp-json\/wp\/v2\/comments?post=6913"}],"wp:featuredmedia":[{"embeddable":true,"href":"https:\/\/jiujinpower.com\/pt\/wp-json\/wp\/v2\/media\/6916"}],"wp:attachment":[{"href":"https:\/\/jiujinpower.com\/pt\/wp-json\/wp\/v2\/media?parent=6913"}],"wp:term":[{"taxonomy":"product_brand","embeddable":true,"href":"https:\/\/jiujinpower.com\/pt\/wp-json\/wp\/v2\/product_brand?post=6913"},{"taxonomy":"product_cat","embeddable":true,"href":"https:\/\/jiujinpower.com\/pt\/wp-json\/wp\/v2\/product_cat?post=6913"},{"taxonomy":"product_tag","embeddable":true,"href":"https:\/\/jiujinpower.com\/pt\/wp-json\/wp\/v2\/product_tag?post=6913"}],"curies":[{"name":"wp","href":"https:\/\/api.w.org\/{rel}","templated":true}]}}