{"id":6860,"date":"2025-07-15T05:54:59","date_gmt":"2025-07-15T05:54:59","guid":{"rendered":"https:\/\/jiujinpower.com\/?post_type=product&#038;p=6860"},"modified":"2025-10-22T07:35:02","modified_gmt":"2025-10-22T07:35:02","slug":"pacote-de-8-ganchos-de-teto-ajustaveis-galvanizados-por-imersao-a-quente-para-montagem-de-painel-solar-montagem-lateral-direto-da-fabrica-em-hebei-china","status":"publish","type":"product","link":"https:\/\/jiujinpower.com\/pt\/produto\/pacote-de-8-ganchos-de-teto-ajustaveis-galvanizados-por-imersao-a-quente-para-montagem-de-painel-solar-montagem-lateral-direto-da-fabrica-em-hebei-china\/","title":{"rendered":"Pacote de 8 ganchos ajust\u00e1veis para telhado | Montagem de painel solar galvanizado por imers\u00e3o a quente | Montagem lateral Direto da f\u00e1brica em Hebei, China"},"content":{"rendered":"<p class=\"ds-markdown-paragraph\">Os ganchos ajust\u00e1veis para telhado da Jiujin Electric Power s\u00e3o projetados para a montagem confi\u00e1vel e vers\u00e1til de pain\u00e9is solares em telhados inclinados. Fabricados em a\u00e7o de alta resist\u00eancia e protegidos com um revestimento dur\u00e1vel galvanizado por imers\u00e3o a quente, esses ganchos resistem a condi\u00e7\u00f5es clim\u00e1ticas adversas, incluindo chuva, exposi\u00e7\u00e3o a raios UV e flutua\u00e7\u00f5es de temperatura. O design ajust\u00e1vel permite a personaliza\u00e7\u00e3o para diferentes \u00e2ngulos de telhado (0\u00b0 a 60\u00b0), garantindo a inclina\u00e7\u00e3o ideal do painel para m\u00e1xima efici\u00eancia energ\u00e9tica. Os furos pr\u00e9-perfurados simplificam o alinhamento e a fixa\u00e7\u00e3o segura em caibros ou treli\u00e7as, enquanto a configura\u00e7\u00e3o de montagem lateral acomoda a maioria dos sistemas de trilhos solares. Fabricados em nossas instala\u00e7\u00f5es em Hebei, esses ganchos atendem aos padr\u00f5es internacionais de seguran\u00e7a e desempenho de montagem solar.<\/p>\n<h4><strong>\u00a0 \u00a0 Tabela de variedades e tipos<\/strong><\/h4>\n<div class=\"ds-scroll-area _1210dd7\">\n<div class=\"ds-scroll-area__gutters\">\n<div class=\"ds-scroll-area__horizontal-gutter\"><\/div>\n<div class=\"ds-scroll-area__vertical-gutter\"><\/div>\n<\/div>\n<table>\n<thead>\n<tr>\n<th>Recurso \/ Tipo<\/th>\n<th>Especifica\u00e7\u00f5es e op\u00e7\u00f5es dispon\u00edveis pela Jiujin Electric Power<\/th>\n<\/tr>\n<\/thead>\n<tbody>\n<tr>\n<td><strong>Modelo\/Tipo<\/strong><\/td>\n<td>ARH-30, ARH-40, ARH-50 (indica a largura m\u00e1xima da viga em mm)<\/td>\n<\/tr>\n<tr>\n<td><strong>Material<\/strong><\/td>\n<td>A\u00e7o de alta resist\u00eancia (grau Q235B)<\/td>\n<\/tr>\n<tr>\n<td><strong>Padr\u00e3o<\/strong><\/td>\n<td>Em conformidade com as normas IEC 62548, AS\/NZS 1170 e GB\/T 13912<\/td>\n<\/tr>\n<tr>\n<td><strong>Revestimento\/acabamento<\/strong><\/td>\n<td>Galvanizado por imers\u00e3o a quente (espessura m\u00ednima do revestimento: 80 \u00b5m)<\/td>\n<\/tr>\n<tr>\n<td><strong>Ajustabilidade<\/strong><\/td>\n<td>Faixa de \u00e2ngulo: 0\u00b0-60\u00b0; largura da viga: 30-50mm<\/td>\n<\/tr>\n<tr>\n<td><strong>Capacidade de carga<\/strong><\/td>\n<td>2,5 kN por gancho (adequado para a maioria dos pain\u00e9is solares)<\/td>\n<\/tr>\n<tr>\n<td><strong>Embalagem<\/strong><\/td>\n<td>Pacote de 8 ganchos com ferragens, embalados em uma embalagem resistente \u00e0 corros\u00e3o<\/td>\n<\/tr>\n<\/tbody>\n<\/table>\n<\/div>\n<h4><strong>\u00a0 \u00a0Aplica\u00e7\u00f5es de uso<\/strong><\/h4>\n<ul>\n<li>\n<p class=\"ds-markdown-paragraph\"><strong>Instala\u00e7\u00f5es solares residenciais:<\/strong>\u00a0Montagem de pain\u00e9is solares em telhados de telha, metal ou asfalto<\/p>\n<\/li>\n<li>\n<p class=\"ds-markdown-paragraph\"><strong>Sistemas de telhado comerciais:<\/strong>\u00a0Prote\u00e7\u00e3o de pain\u00e9is em armaz\u00e9ns, f\u00e1bricas e edif\u00edcios comerciais<\/p>\n<\/li>\n<li>\n<p class=\"ds-markdown-paragraph\"><strong>Projetos de moderniza\u00e7\u00e3o:<\/strong>\u00a0F\u00e1cil adi\u00e7\u00e3o de pain\u00e9is solares a estruturas de telhado existentes<\/p>\n<\/li>\n<li>\n<p class=\"ds-markdown-paragraph\"><strong>Telhados de baixa inclina\u00e7\u00e3o:<\/strong>\u00a0\u00c2ngulos ajust\u00e1veis para otimizar a capta\u00e7\u00e3o de energia em arremessos rasos<\/p>\n<\/li>\n<li>\n<p class=\"ds-markdown-paragraph\"><strong>Ambientes corrosivos:<\/strong>\u00a0\u00c1reas costeiras ou industriais devido ao revestimento galvanizado robusto<\/p>\n<\/li>\n<li>\n<p class=\"ds-markdown-paragraph\"><strong>Kits de instala\u00e7\u00e3o r\u00e1pida:<\/strong>\u00a0Ideal para instaladores profissionais ou aut\u00f4nomos que buscam efici\u00eancia e confiabilidade<\/p>\n<\/li>\n<\/ul>","protected":false},"excerpt":{"rendered":"<p class=\"ds-markdown-paragraph\">Um pacote de 8 ganchos de telhado ajust\u00e1veis galvanizados por imers\u00e3o a quente, projetados para a instala\u00e7\u00e3o segura de pain\u00e9is solares de montagem lateral em v\u00e1rios tipos de telhado. Esses ganchos oferecem resist\u00eancia \u00e0 corros\u00e3o, flexibilidade no ajuste do \u00e2ngulo e f\u00e1cil instala\u00e7\u00e3o para projetos solares residenciais e comerciais.<\/p>\n<p><b><a href=\"https:\/\/wa.ms\/008619331959787\" target=\"_blank\" rel=\"noopener\">Equipe de vendas do Reach Out WhatsApp<\/a><\/b><\/p>","protected":false},"featured_media":6863,"comment_status":"open","ping_status":"closed","template":"","meta":{"_seopress_robots_primary_cat":"none","_seopress_titles_title":"%%post_title%%","_seopress_titles_desc":"","_seopress_robots_index":"","site-sidebar-layout":"default","site-content-layout":"","ast-site-content-layout":"default","site-content-style":"default","site-sidebar-style":"default","ast-global-header-display":"","ast-banner-title-visibility":"","ast-main-header-display":"","ast-hfb-above-header-display":"","ast-hfb-below-header-display":"","ast-hfb-mobile-header-display":"","site-post-title":"","ast-breadcrumbs-content":"","ast-featured-img":"","footer-sml-layout":"","ast-disable-related-posts":"","theme-transparent-header-meta":"default","adv-header-id-meta":"","stick-header-meta":"default","header-above-stick-meta":"","header-main-stick-meta":"","header-below-stick-meta":"","astra-migrate-meta-layouts":"set","ast-page-background-enabled":"default","ast-page-background-meta":{"desktop":{"background-color":"var(--ast-global-color-4)","background-image":"","background-repeat":"repeat","background-position":"center center","background-size":"auto","background-attachment":"scroll","background-type":"","background-media":"","overlay-type":"","overlay-color":"","overlay-opacity":"","overlay-gradient":""},"tablet":{"background-color":"","background-image":"","background-repeat":"repeat","background-position":"center center","background-size":"auto","background-attachment":"scroll","background-type":"","background-media":"","overlay-type":"","overlay-color":"","overlay-opacity":"","overlay-gradient":""},"mobile":{"background-color":"","background-image":"","background-repeat":"repeat","background-position":"center center","background-size":"auto","background-attachment":"scroll","background-type":"","background-media":"","overlay-type":"","overlay-color":"","overlay-opacity":"","overlay-gradient":""}},"ast-content-background-meta":{"desktop":{"background-color":"var(--ast-global-color-5)","background-image":"","background-repeat":"repeat","background-position":"center center","background-size":"auto","background-attachment":"scroll","background-type":"","background-media":"","overlay-type":"","overlay-color":"","overlay-opacity":"","overlay-gradient":""},"tablet":{"background-color":"var(--ast-global-color-5)","background-image":"","background-repeat":"repeat","background-position":"center center","background-size":"auto","background-attachment":"scroll","background-type":"","background-media":"","overlay-type":"","overlay-color":"","overlay-opacity":"","overlay-gradient":""},"mobile":{"background-color":"var(--ast-global-color-5)","background-image":"","background-repeat":"repeat","background-position":"center center","background-size":"auto","background-attachment":"scroll","background-type":"","background-media":"","overlay-type":"","overlay-color":"","overlay-opacity":"","overlay-gradient":""}}},"product_brand":[],"product_cat":[44],"product_tag":[],"class_list":{"0":"post-6860","1":"product","2":"type-product","3":"status-publish","4":"has-post-thumbnail","6":"product_cat-brackets","7":"desktop-align-center","8":"tablet-align-left","9":"mobile-align-left","10":"ast-product-gallery-layout-horizontal-slider","11":"ast-product-tabs-layout-horizontal","13":"first","14":"instock","15":"shipping-taxable","16":"product-type-simple"},"_links":{"self":[{"href":"https:\/\/jiujinpower.com\/pt\/wp-json\/wp\/v2\/product\/6860","targetHints":{"allow":["GET"]}}],"collection":[{"href":"https:\/\/jiujinpower.com\/pt\/wp-json\/wp\/v2\/product"}],"about":[{"href":"https:\/\/jiujinpower.com\/pt\/wp-json\/wp\/v2\/types\/product"}],"replies":[{"embeddable":true,"href":"https:\/\/jiujinpower.com\/pt\/wp-json\/wp\/v2\/comments?post=6860"}],"wp:featuredmedia":[{"embeddable":true,"href":"https:\/\/jiujinpower.com\/pt\/wp-json\/wp\/v2\/media\/6863"}],"wp:attachment":[{"href":"https:\/\/jiujinpower.com\/pt\/wp-json\/wp\/v2\/media?parent=6860"}],"wp:term":[{"taxonomy":"product_brand","embeddable":true,"href":"https:\/\/jiujinpower.com\/pt\/wp-json\/wp\/v2\/product_brand?post=6860"},{"taxonomy":"product_cat","embeddable":true,"href":"https:\/\/jiujinpower.com\/pt\/wp-json\/wp\/v2\/product_cat?post=6860"},{"taxonomy":"product_tag","embeddable":true,"href":"https:\/\/jiujinpower.com\/pt\/wp-json\/wp\/v2\/product_tag?post=6860"}],"curies":[{"name":"wp","href":"https:\/\/api.w.org\/{rel}","templated":true}]}}