{"id":6959,"date":"2025-09-02T06:41:40","date_gmt":"2025-09-02T06:41:40","guid":{"rendered":"https:\/\/jiujinpower.com\/?post_type=product&#038;p=6959"},"modified":"2025-10-22T05:38:00","modified_gmt":"2025-10-22T05:38:00","slug":"ancrage-au-sol-a-helice-galvanise-a-chaud-pour-la-quincaillerie-de-ligne-de-poteau-directement-de-lusine-a-hebei-china","status":"publish","type":"product","link":"https:\/\/jiujinpower.com\/fr\/produit\/ancrage-au-sol-a-helice-galvanise-a-chaud-pour-la-quincaillerie-de-ligne-de-poteau-directement-de-lusine-a-hebei-china\/","title":{"rendered":"Helix Ground Anchor Hot Dip Galvanized for Pole Line Hardware Direct From Factory in Hebei China (Ancrage au sol Helix galvanis\u00e9 \u00e0 chaud pour quincaillerie de ligne de poteaux)"},"content":{"rendered":"<p class=\"ds-markdown-paragraph\">L'ancrage au sol Jiujin Helix est une solution de fondation con\u00e7ue avec pr\u00e9cision, fabriqu\u00e9e en acier de haute qualit\u00e9 et recouverte d'un robuste rev\u00eatement galvanis\u00e9 \u00e0 chaud pour garantir une r\u00e9sistance maximale \u00e0 la corrosion et une grande long\u00e9vit\u00e9. Sa conception unique de plaque h\u00e9lico\u00efdale permet une installation facile avec une perturbation minimale du sol tout en fournissant une immense puissance de maintien contre le soul\u00e8vement et les forces lat\u00e9rales. Fabriqu\u00e9 directement dans notre usine de Hebei, cet ancrage est con\u00e7u pour r\u00e9sister aux conditions environnementales les plus difficiles, offrant une alternative fiable, rentable et sans entretien aux fondations en b\u00e9ton pour les applications de haubanage de poteaux et d'ancrage de pyl\u00f4nes.<\/p>\n<h4><strong>\u00a0 Tableau des vari\u00e9t\u00e9s et des types<\/strong><\/h4>\n<div class=\"ds-scroll-area _1210dd7\">\n<div class=\"ds-scroll-area__gutters\">\n<div class=\"ds-scroll-area__horizontal-gutter\"><\/div>\n<div class=\"ds-scroll-area__vertical-gutter\"><\/div>\n<\/div>\n<table>\n<thead>\n<tr>\n<th>Caract\u00e9ristique \/ Type<\/th>\n<th>Sp\u00e9cifications et options disponibles par Jiujin Electric Power<\/th>\n<\/tr>\n<\/thead>\n<tbody>\n<tr>\n<td><strong>Mod\u00e8le\/Type<\/strong><\/td>\n<td>HA-15, HA-20, HA-25 (Diam\u00e8tre de l'arbre en mm)<\/td>\n<\/tr>\n<tr>\n<td><strong>Mat\u00e9riau<\/strong><\/td>\n<td>Acier au carbone \u00e0 haute r\u00e9sistance (Q235B\/Q345B)<\/td>\n<\/tr>\n<tr>\n<td><strong>Standard<\/strong><\/td>\n<td>Conforme aux normes ASTM A153, IEC 61284 et aux normes GB pertinentes<\/td>\n<\/tr>\n<tr>\n<td><strong>Rev\u00eatement\/finition<\/strong><\/td>\n<td>Galvanis\u00e9 \u00e0 chaud (\u00e9paisseur standard du rev\u00eatement : \u226585\u00b5m)<\/td>\n<\/tr>\n<tr>\n<td><strong>Taille \/ Dimensions<\/strong><\/td>\n<td>Diff\u00e9rentes longueurs d'arbre (1m-3m) et diff\u00e9rents diam\u00e8tres d'h\u00e9lice (100mm-300mm)<\/td>\n<\/tr>\n<tr>\n<td><strong>Capacit\u00e9 de charge<\/strong><\/td>\n<td>20 kN, 50 kN, 100 kN (varie selon le mod\u00e8le et les conditions du sol)<\/td>\n<\/tr>\n<tr>\n<td><strong>Emballage<\/strong><\/td>\n<td>Emball\u00e9s dans des paquets cercl\u00e9s d'acier ou dans des caisses en bois<\/td>\n<\/tr>\n<\/tbody>\n<\/table>\n<\/div>\n<h4><strong>\u00a0 Applications de l'utilisation<\/strong><\/h4>\n<ul>\n<li>\n<p class=\"ds-markdown-paragraph\"><strong>Guidage des poteaux \u00e9lectriques :<\/strong>\u00a0Application principale pour l'ancrage des haubans supportant les poteaux dans les r\u00e9seaux de distribution \u00e9lectrique<\/p>\n<\/li>\n<li>\n<p class=\"ds-markdown-paragraph\"><strong>Fondations de la tour :<\/strong>\u00a0Assurer la stabilit\u00e9 des tours de t\u00e9l\u00e9communication et de transmission<\/p>\n<\/li>\n<li>\n<p class=\"ds-markdown-paragraph\"><strong>Stabilisation des pentes :<\/strong>\u00a0Applications de contr\u00f4le de l'\u00e9rosion et de r\u00e9tention des sols<\/p>\n<\/li>\n<li>\n<p class=\"ds-markdown-paragraph\"><strong>Balises pour murs de sout\u00e8nement :<\/strong>\u00a0Syst\u00e8mes d'ancrage pour les projets de g\u00e9nie civil<\/p>\n<\/li>\n<li>\n<p class=\"ds-markdown-paragraph\"><strong>Montage du panneau solaire :<\/strong>\u00a0Ancrage au sol pour les installations de fermes solaires<\/p>\n<\/li>\n<\/ul>","protected":false},"excerpt":{"rendered":"<p>Ancrage h\u00e9lico\u00efdal en acier galvanis\u00e9 \u00e0 chaud \u00e0 haute r\u00e9sistance, con\u00e7u pour une p\u00e9n\u00e9tration profonde dans le sol et une capacit\u00e9 de maintien exceptionnelle dans les syst\u00e8mes de haubanage de poteaux \u00e9lectriques. Sa conception h\u00e9lico\u00efdale offre une r\u00e9sistance \u00e0 la traction et une stabilit\u00e9 sup\u00e9rieures, ce qui la rend id\u00e9ale pour fixer les poteaux et les tours dans diverses conditions de sol sans avoir recours au b\u00e9ton.<br \/>\n<b><a href=\"https:\/\/wa.ms\/008619331959787\" target=\"_blank\" rel=\"noopener\">Reach Out Sales Team WhatsApp<\/a><\/b><\/p>","protected":false},"featured_media":6962,"comment_status":"open","ping_status":"closed","template":"","meta":{"_seopress_robots_primary_cat":"none","_seopress_titles_title":"","_seopress_titles_desc":"","_seopress_robots_index":"","site-sidebar-layout":"default","site-content-layout":"","ast-site-content-layout":"default","site-content-style":"default","site-sidebar-style":"default","ast-global-header-display":"","ast-banner-title-visibility":"","ast-main-header-display":"","ast-hfb-above-header-display":"","ast-hfb-below-header-display":"","ast-hfb-mobile-header-display":"","site-post-title":"","ast-breadcrumbs-content":"","ast-featured-img":"","footer-sml-layout":"","ast-disable-related-posts":"","theme-transparent-header-meta":"default","adv-header-id-meta":"","stick-header-meta":"default","header-above-stick-meta":"","header-main-stick-meta":"","header-below-stick-meta":"","astra-migrate-meta-layouts":"set","ast-page-background-enabled":"default","ast-page-background-meta":{"desktop":{"background-color":"var(--ast-global-color-4)","background-image":"","background-repeat":"repeat","background-position":"center center","background-size":"auto","background-attachment":"scroll","background-type":"","background-media":"","overlay-type":"","overlay-color":"","overlay-opacity":"","overlay-gradient":""},"tablet":{"background-color":"","background-image":"","background-repeat":"repeat","background-position":"center center","background-size":"auto","background-attachment":"scroll","background-type":"","background-media":"","overlay-type":"","overlay-color":"","overlay-opacity":"","overlay-gradient":""},"mobile":{"background-color":"","background-image":"","background-repeat":"repeat","background-position":"center center","background-size":"auto","background-attachment":"scroll","background-type":"","background-media":"","overlay-type":"","overlay-color":"","overlay-opacity":"","overlay-gradient":""}},"ast-content-background-meta":{"desktop":{"background-color":"var(--ast-global-color-5)","background-image":"","background-repeat":"repeat","background-position":"center center","background-size":"auto","background-attachment":"scroll","background-type":"","background-media":"","overlay-type":"","overlay-color":"","overlay-opacity":"","overlay-gradient":""},"tablet":{"background-color":"var(--ast-global-color-5)","background-image":"","background-repeat":"repeat","background-position":"center center","background-size":"auto","background-attachment":"scroll","background-type":"","background-media":"","overlay-type":"","overlay-color":"","overlay-opacity":"","overlay-gradient":""},"mobile":{"background-color":"var(--ast-global-color-5)","background-image":"","background-repeat":"repeat","background-position":"center center","background-size":"auto","background-attachment":"scroll","background-type":"","background-media":"","overlay-type":"","overlay-color":"","overlay-opacity":"","overlay-gradient":""}}},"product_brand":[],"product_cat":[42],"product_tag":[],"class_list":{"0":"post-6959","1":"product","2":"type-product","3":"status-publish","4":"has-post-thumbnail","6":"product_cat-pole-line-hardware","7":"desktop-align-center","8":"tablet-align-left","9":"mobile-align-left","10":"ast-product-gallery-layout-horizontal-slider","11":"ast-product-gallery-with-no-image","12":"ast-product-tabs-layout-horizontal","14":"first","15":"instock","16":"shipping-taxable","17":"product-type-simple"},"_links":{"self":[{"href":"https:\/\/jiujinpower.com\/fr\/wp-json\/wp\/v2\/product\/6959","targetHints":{"allow":["GET"]}}],"collection":[{"href":"https:\/\/jiujinpower.com\/fr\/wp-json\/wp\/v2\/product"}],"about":[{"href":"https:\/\/jiujinpower.com\/fr\/wp-json\/wp\/v2\/types\/product"}],"replies":[{"embeddable":true,"href":"https:\/\/jiujinpower.com\/fr\/wp-json\/wp\/v2\/comments?post=6959"}],"wp:featuredmedia":[{"embeddable":true,"href":"https:\/\/jiujinpower.com\/fr\/wp-json\/wp\/v2\/media\/6962"}],"wp:attachment":[{"href":"https:\/\/jiujinpower.com\/fr\/wp-json\/wp\/v2\/media?parent=6959"}],"wp:term":[{"taxonomy":"product_brand","embeddable":true,"href":"https:\/\/jiujinpower.com\/fr\/wp-json\/wp\/v2\/product_brand?post=6959"},{"taxonomy":"product_cat","embeddable":true,"href":"https:\/\/jiujinpower.com\/fr\/wp-json\/wp\/v2\/product_cat?post=6959"},{"taxonomy":"product_tag","embeddable":true,"href":"https:\/\/jiujinpower.com\/fr\/wp-json\/wp\/v2\/product_tag?post=6959"}],"curies":[{"name":"wp","href":"https:\/\/api.w.org\/{rel}","templated":true}]}}