{"id":6884,"date":"2025-08-11T03:28:35","date_gmt":"2025-08-11T03:28:35","guid":{"rendered":"https:\/\/jiujinpower.com\/?post_type=product&#038;p=6884"},"modified":"2025-10-22T07:34:08","modified_gmt":"2025-10-22T07:34:08","slug":"anneau-de-tete-de-poteau-universel-galvanise-a-chaud-pour-ligne-de-poteau-accessoires-denergie-electrique-direct-de-lusine-en-hebei-chine","status":"publish","type":"product","link":"https:\/\/jiujinpower.com\/fr\/produit\/anneau-de-tete-de-poteau-universel-galvanise-a-chaud-pour-ligne-de-poteau-accessoires-denergie-electrique-direct-de-lusine-en-hebei-chine\/","title":{"rendered":"Anneau de t\u00eate de poteau universel galvanis\u00e9 \u00e0 chaud pour la quincaillerie de ligne de poteau Accessoires d'\u00e9nergie \u00e9lectrique Directement de l'usine \u00e0 Hebei, Chine"},"content":{"rendered":"<p class=\"ds-markdown-paragraph\">L'anneau de t\u00eate de poteau \u00e0 pince universelle de Jiujin Electric Power est con\u00e7u pour une fonctionnalit\u00e9 et une durabilit\u00e9 sup\u00e9rieures dans les applications de lignes \u00e9lectriques a\u00e9riennes. Fabriqu\u00e9 en acier au carbone tr\u00e8s r\u00e9sistant et prot\u00e9g\u00e9 par un rev\u00eatement galvanis\u00e9 \u00e0 chaud, cet anneau de t\u00eate offre une r\u00e9sistance exceptionnelle \u00e0 la corrosion, \u00e0 l'exposition aux UV et aux conditions m\u00e9t\u00e9orologiques extr\u00eames. La conception universelle comporte un m\u00e9canisme de serrage r\u00e9glable qui s'adapte \u00e0 diff\u00e9rents diam\u00e8tres et types de poteaux, y compris le bois, le b\u00e9ton et l'acier. L'anneau int\u00e9gr\u00e9 fournit un point de fixation s\u00fbr pour les isolateurs, les transformateurs et autres \u00e9quipements de ligne, garantissant ainsi des performances stables et fiables. Fabriqu\u00e9 avec pr\u00e9cision dans notre usine de Hebei, cet anneau de t\u00eate de poteau r\u00e9pond aux normes rigoureuses de l'industrie en mati\u00e8re de s\u00e9curit\u00e9 et d'efficacit\u00e9 dans les projets d'infrastructure \u00e9lectrique.<\/p>\n<h4><strong>3. Tableau des vari\u00e9t\u00e9s et des types<\/strong><\/h4>\n<div class=\"ds-scroll-area _1210dd7\">\n<div class=\"ds-scroll-area__gutters\">\n<div class=\"ds-scroll-area__horizontal-gutter\"><\/div>\n<div class=\"ds-scroll-area__vertical-gutter\"><\/div>\n<\/div>\n<table>\n<thead>\n<tr>\n<th>Caract\u00e9ristique \/ Type<\/th>\n<th>Sp\u00e9cifications et options disponibles par Jiujin Electric Power<\/th>\n<\/tr>\n<\/thead>\n<tbody>\n<tr>\n<td><strong>Mod\u00e8le\/Type<\/strong><\/td>\n<td>UCPHR-150, UCPHR-200, UCPHR-250 (Diam\u00e8tre maximal du poteau en mm)<\/td>\n<\/tr>\n<tr>\n<td><strong>Mat\u00e9riau<\/strong><\/td>\n<td>Acier au carbone \u00e0 haute r\u00e9sistance (grade Q235B\/Q345B)<\/td>\n<\/tr>\n<tr>\n<td><strong>Standard<\/strong><\/td>\n<td>Conforme aux normes IEC 61284, ASTM A123 et GB\/T 13912<\/td>\n<\/tr>\n<tr>\n<td><strong>Rev\u00eatement\/finition<\/strong><\/td>\n<td>Galvanis\u00e9 \u00e0 chaud (\u00e9paisseur minimale du rev\u00eatement : 85\u00b5m)<\/td>\n<\/tr>\n<tr>\n<td><strong>Taille \/ Dimensions<\/strong><\/td>\n<td>R\u00e9glable pour les diam\u00e8tres de poteaux : 150mm-250mm ; diam\u00e8tre de l'anneau : 50mm-80mm<\/td>\n<\/tr>\n<tr>\n<td><strong>Capacit\u00e9 de charge<\/strong><\/td>\n<td>10 kN, 15 kN, 20 kN (varie selon le mod\u00e8le et l'application)<\/td>\n<\/tr>\n<tr>\n<td><strong>Emballage<\/strong><\/td>\n<td>Sacs en poly\u00e9thyl\u00e8ne individuels, cartons ou emballages palettis\u00e9s en vrac<\/td>\n<\/tr>\n<\/tbody>\n<\/table>\n<\/div>\n<h4><strong>4. Applications de l'utilisation<\/strong><\/h4>\n<ul>\n<li>\n<p class=\"ds-markdown-paragraph\"><strong>Montage sur poteau :<\/strong>\u00a0Fixation s\u00e9curis\u00e9e des isolateurs, transformateurs et autres \u00e9quipements au sommet des poteaux \u00e9lectriques<\/p>\n<\/li>\n<li>\n<p class=\"ds-markdown-paragraph\"><strong>Support de bras transversal :<\/strong>\u00a0Fournir un support et une stabilit\u00e9 suppl\u00e9mentaires pour les traverses dans les syst\u00e8mes de distribution d'\u00e9lectricit\u00e9<\/p>\n<\/li>\n<li>\n<p class=\"ds-markdown-paragraph\"><strong>Installation du mat\u00e9riel de ligne :<\/strong>\u00a0Montage de divers composants \u00e9lectriques sur des poteaux pour lignes \u00e9lectriques a\u00e9riennes<\/p>\n<\/li>\n<li>\n<p class=\"ds-markdown-paragraph\"><strong>\u00c9quipement de t\u00e9l\u00e9communication :<\/strong>\u00a0Soutenir les dispositifs de communication et les antennes sur les poteaux \u00e9lectriques<\/p>\n<\/li>\n<li>\n<p class=\"ds-markdown-paragraph\"><strong>Installation de l'\u00e9clairage public :<\/strong>\u00a0Fixation des appareils d'\u00e9clairage sur les poteaux \u00e0 l'aide d'un dispositif de serrage r\u00e9glable<\/p>\n<\/li>\n<li>\n<p class=\"ds-markdown-paragraph\"><strong>Installations \u00e9lectriques temporaires :<\/strong>\u00a0Montage rapide et fiable pour les installations \u00e9lectriques temporaires<\/p>\n<\/li>\n<li>\n<p class=\"ds-markdown-paragraph\"><strong>Fixation du fil de haubanage :<\/strong>\u00a0Offrir des points d'ancrage pour la stabilisation des poteaux et des syst\u00e8mes de haubanage<\/p>\n<\/li>\n<\/ul>","protected":false},"excerpt":{"rendered":"<p class=\"ds-markdown-paragraph\">Anneau de t\u00eate de poteau \u00e0 pince universelle galvanis\u00e9 \u00e0 chaud, con\u00e7u pour une fixation polyvalente et s\u00fbre du mat\u00e9riel \u00e9lectrique au sommet des poteaux \u00e9lectriques. Sa conception r\u00e9glable et son rev\u00eatement r\u00e9sistant \u00e0 la corrosion garantissent des performances fiables dans les syst\u00e8mes de distribution d'\u00e9nergie.<\/p>\n<p><b><a href=\"https:\/\/wa.ms\/008619331959787\" target=\"_blank\" rel=\"noopener\">Reach Out Sales Team WhatsApp<\/a><\/b><\/p>","protected":false},"featured_media":6887,"comment_status":"open","ping_status":"closed","template":"","meta":{"_seopress_robots_primary_cat":"none","_seopress_titles_title":"","_seopress_titles_desc":"","_seopress_robots_index":"","site-sidebar-layout":"default","site-content-layout":"","ast-site-content-layout":"default","site-content-style":"default","site-sidebar-style":"default","ast-global-header-display":"","ast-banner-title-visibility":"","ast-main-header-display":"","ast-hfb-above-header-display":"","ast-hfb-below-header-display":"","ast-hfb-mobile-header-display":"","site-post-title":"","ast-breadcrumbs-content":"","ast-featured-img":"","footer-sml-layout":"","ast-disable-related-posts":"","theme-transparent-header-meta":"default","adv-header-id-meta":"","stick-header-meta":"default","header-above-stick-meta":"","header-main-stick-meta":"","header-below-stick-meta":"","astra-migrate-meta-layouts":"set","ast-page-background-enabled":"default","ast-page-background-meta":{"desktop":{"background-color":"var(--ast-global-color-4)","background-image":"","background-repeat":"repeat","background-position":"center center","background-size":"auto","background-attachment":"scroll","background-type":"","background-media":"","overlay-type":"","overlay-color":"","overlay-opacity":"","overlay-gradient":""},"tablet":{"background-color":"","background-image":"","background-repeat":"repeat","background-position":"center center","background-size":"auto","background-attachment":"scroll","background-type":"","background-media":"","overlay-type":"","overlay-color":"","overlay-opacity":"","overlay-gradient":""},"mobile":{"background-color":"","background-image":"","background-repeat":"repeat","background-position":"center center","background-size":"auto","background-attachment":"scroll","background-type":"","background-media":"","overlay-type":"","overlay-color":"","overlay-opacity":"","overlay-gradient":""}},"ast-content-background-meta":{"desktop":{"background-color":"var(--ast-global-color-5)","background-image":"","background-repeat":"repeat","background-position":"center center","background-size":"auto","background-attachment":"scroll","background-type":"","background-media":"","overlay-type":"","overlay-color":"","overlay-opacity":"","overlay-gradient":""},"tablet":{"background-color":"var(--ast-global-color-5)","background-image":"","background-repeat":"repeat","background-position":"center center","background-size":"auto","background-attachment":"scroll","background-type":"","background-media":"","overlay-type":"","overlay-color":"","overlay-opacity":"","overlay-gradient":""},"mobile":{"background-color":"var(--ast-global-color-5)","background-image":"","background-repeat":"repeat","background-position":"center center","background-size":"auto","background-attachment":"scroll","background-type":"","background-media":"","overlay-type":"","overlay-color":"","overlay-opacity":"","overlay-gradient":""}}},"product_brand":[],"product_cat":[42],"product_tag":[],"class_list":{"0":"post-6884","1":"product","2":"type-product","3":"status-publish","4":"has-post-thumbnail","6":"product_cat-pole-line-hardware","7":"desktop-align-center","8":"tablet-align-left","9":"mobile-align-left","10":"ast-product-gallery-layout-horizontal-slider","11":"ast-product-tabs-layout-horizontal","13":"first","14":"instock","15":"shipping-taxable","16":"product-type-simple"},"_links":{"self":[{"href":"https:\/\/jiujinpower.com\/fr\/wp-json\/wp\/v2\/product\/6884","targetHints":{"allow":["GET"]}}],"collection":[{"href":"https:\/\/jiujinpower.com\/fr\/wp-json\/wp\/v2\/product"}],"about":[{"href":"https:\/\/jiujinpower.com\/fr\/wp-json\/wp\/v2\/types\/product"}],"replies":[{"embeddable":true,"href":"https:\/\/jiujinpower.com\/fr\/wp-json\/wp\/v2\/comments?post=6884"}],"wp:featuredmedia":[{"embeddable":true,"href":"https:\/\/jiujinpower.com\/fr\/wp-json\/wp\/v2\/media\/6887"}],"wp:attachment":[{"href":"https:\/\/jiujinpower.com\/fr\/wp-json\/wp\/v2\/media?parent=6884"}],"wp:term":[{"taxonomy":"product_brand","embeddable":true,"href":"https:\/\/jiujinpower.com\/fr\/wp-json\/wp\/v2\/product_brand?post=6884"},{"taxonomy":"product_cat","embeddable":true,"href":"https:\/\/jiujinpower.com\/fr\/wp-json\/wp\/v2\/product_cat?post=6884"},{"taxonomy":"product_tag","embeddable":true,"href":"https:\/\/jiujinpower.com\/fr\/wp-json\/wp\/v2\/product_tag?post=6884"}],"curies":[{"name":"wp","href":"https:\/\/api.w.org\/{rel}","templated":true}]}}