{"id":6823,"date":"2025-07-11T07:45:31","date_gmt":"2025-07-11T07:45:31","guid":{"rendered":"https:\/\/jiujinpower.com\/?post_type=product&#038;p=6823"},"modified":"2025-10-22T07:36:19","modified_gmt":"2025-10-22T07:36:19","slug":"raccords-electriques-de-haute-performance-pour-opgw-direct-from-factory-in-hebei-china","status":"publish","type":"product","link":"https:\/\/jiujinpower.com\/fr\/produit\/raccords-electriques-de-haute-performance-pour-opgw-direct-from-factory-in-hebei-china\/","title":{"rendered":"Raccords de haubanage \u00e0 haute performance pour OPGW Direct From Factory in Hebei China"},"content":{"rendered":"<p class=\"ds-markdown-paragraph\">La poign\u00e9e pour c\u00e2ble OPGW de Jiujin Electric Power est con\u00e7ue pour offrir des performances fiables dans les syst\u00e8mes de transmission d'\u00e9nergie \u00e9lectrique. Fabriqu\u00e9e en fonte mall\u00e9able ou en acier forg\u00e9 \u00e0 haute r\u00e9sistance, cette poign\u00e9e est dot\u00e9e d'un syst\u00e8me de c\u00f4ne et de manchon con\u00e7u avec pr\u00e9cision qui r\u00e9partit uniform\u00e9ment la tension sur le c\u00e2ble OPGW, \u00e9vitant ainsi la concentration des contraintes et prot\u00e9geant les fibres optiques d\u00e9licates. La finition galvanis\u00e9e \u00e0 chaud garantit une r\u00e9sistance exceptionnelle \u00e0 la corrosion, ce qui la rend id\u00e9ale pour une utilisation en ext\u00e9rieur dans des environnements c\u00f4tiers, industriels et \u00e0 forte exposition aux UV. Sa conception permet une installation facile sans outils sp\u00e9ciaux, ce qui garantit l'efficacit\u00e9 des op\u00e9rations sur le terrain. Fabriqu\u00e9e sous un contr\u00f4le de qualit\u00e9 strict \u00e0 Hebei, en Chine, cette pince r\u00e9pond aux normes internationales pour les applications OPGW, offrant une fiabilit\u00e9 et une s\u00e9curit\u00e9 \u00e0 long terme.<\/p>\n<h4><strong>3. Tableau des vari\u00e9t\u00e9s et des types<\/strong><\/h4>\n<div class=\"ds-scroll-area _1210dd7\">\n<div class=\"ds-scroll-area__gutters\">\n<div class=\"ds-scroll-area__horizontal-gutter\"><\/div>\n<div class=\"ds-scroll-area__vertical-gutter\"><\/div>\n<\/div>\n<table>\n<thead>\n<tr>\n<th>Caract\u00e9ristique \/ Type<\/th>\n<th>Sp\u00e9cifications et options disponibles par Jiujin Electric Power<\/th>\n<\/tr>\n<\/thead>\n<tbody>\n<tr>\n<td><strong>Mod\u00e8le\/Type<\/strong><\/td>\n<td>DG-OPGW-10, DG-OPGW-12, DG-OPGW-16 (indique le diam\u00e8tre du c\u00e2ble en mm)<\/td>\n<\/tr>\n<tr>\n<td><strong>Mat\u00e9riau<\/strong><\/td>\n<td>Fonte mall\u00e9able \u00e0 haute r\u00e9sistance ou acier forg\u00e9 (grade Q235B\/Q345B)<\/td>\n<\/tr>\n<tr>\n<td><strong>Standard<\/strong><\/td>\n<td>Conforme aux normes IEC 61284, IEEE 1138 et GB\/T 2314<\/td>\n<\/tr>\n<tr>\n<td><strong>Rev\u00eatement\/finition<\/strong><\/td>\n<td>Galvanis\u00e9 \u00e0 chaud (\u00e9paisseur minimale du rev\u00eatement : 55\u00b5m)<\/td>\n<\/tr>\n<tr>\n<td><strong>Taille \/ Dimensions<\/strong><\/td>\n<td>Compatible avec les diam\u00e8tres OPGW : 10mm-16mm ; Charges nominales : 20kN-50kN<\/td>\n<\/tr>\n<tr>\n<td><strong>Capacit\u00e9 de charge<\/strong><\/td>\n<td>20 kN (10mm), 35 kN (12mm), 50 kN (16mm)<\/td>\n<\/tr>\n<tr>\n<td><strong>Emballage<\/strong><\/td>\n<td>Poign\u00e9es individuelles emball\u00e9es avec des manchons ; cartons ou palettes en vrac<\/td>\n<\/tr>\n<\/tbody>\n<\/table>\n<\/div>\n<h4><strong>4. Applications de l'utilisation<\/strong><\/h4>\n<ul>\n<li>\n<p class=\"ds-markdown-paragraph\"><strong>L'impasse de l'OPGW :<\/strong>\u00a0Terminaison des c\u00e2bles de terre optique sur les tours et les poteaux de transmission<\/p>\n<\/li>\n<li>\n<p class=\"ds-markdown-paragraph\"><strong>C\u00e2ble en fibre optique S\u00e9curit\u00e9 :<\/strong>\u00a0Protection des fibres optiques contre les dommages dus \u00e0 la tension et aux vibrations<\/p>\n<\/li>\n<li>\n<p class=\"ds-markdown-paragraph\"><strong>Projets de lignes de transmission :<\/strong>\u00a0Essentiel pour les lignes \u00e0 haute tension avec communications int\u00e9gr\u00e9es<\/p>\n<\/li>\n<li>\n<p class=\"ds-markdown-paragraph\"><strong>Mise \u00e0 la terre de la tour :<\/strong>\u00a0Fournir des points de mise \u00e0 la terre s\u00fbrs tout en pr\u00e9servant l'int\u00e9grit\u00e9 de l'OPGW<\/p>\n<\/li>\n<li>\n<p class=\"ds-markdown-paragraph\"><strong>Amortissement des vibrations :<\/strong>\u00a0R\u00e9duction des vibrations \u00e9oliennes et de la fatigue des c\u00e2bles OPGW<\/p>\n<\/li>\n<li>\n<p class=\"ds-markdown-paragraph\"><strong>Modernisation des lignes existantes :<\/strong>\u00a0Mise \u00e0 niveau des fils de terre traditionnels vers des syst\u00e8mes OPGW<\/p>\n<\/li>\n<li>\n<p class=\"ds-markdown-paragraph\"><strong>Connexions de la sous-station :<\/strong>\u00a0S\u00e9curisation des terminaisons de l'OPGW aux points d'entr\u00e9e des sous-stations<\/p>\n<\/li>\n<\/ul>","protected":false},"excerpt":{"rendered":"<p class=\"ds-markdown-paragraph\">Une poign\u00e9e de haubanage haute performance sp\u00e9cialement con\u00e7ue pour les c\u00e2bles de terre optiques (OPGW), offrant une terminaison s\u00fbre, un amortissement des vibrations et une r\u00e9sistance \u00e0 la corrosion. Galvanis\u00e9 \u00e0 chaud pour une durabilit\u00e9 dans les environnements difficiles.<\/p>\n<p><b><a href=\"https:\/\/wa.ms\/008619331959787\" target=\"_blank\" rel=\"noopener\">Reach Out Sales Team WhatsApp<\/a><\/b><\/p>","protected":false},"featured_media":6826,"comment_status":"open","ping_status":"closed","template":"","meta":{"_seopress_robots_primary_cat":"none","_seopress_titles_title":"%%post_title%%","_seopress_titles_desc":"","_seopress_robots_index":"","site-sidebar-layout":"default","site-content-layout":"","ast-site-content-layout":"default","site-content-style":"default","site-sidebar-style":"default","ast-global-header-display":"","ast-banner-title-visibility":"","ast-main-header-display":"","ast-hfb-above-header-display":"","ast-hfb-below-header-display":"","ast-hfb-mobile-header-display":"","site-post-title":"","ast-breadcrumbs-content":"","ast-featured-img":"","footer-sml-layout":"","ast-disable-related-posts":"","theme-transparent-header-meta":"default","adv-header-id-meta":"","stick-header-meta":"default","header-above-stick-meta":"","header-main-stick-meta":"","header-below-stick-meta":"","astra-migrate-meta-layouts":"set","ast-page-background-enabled":"default","ast-page-background-meta":{"desktop":{"background-color":"var(--ast-global-color-4)","background-image":"","background-repeat":"repeat","background-position":"center center","background-size":"auto","background-attachment":"scroll","background-type":"","background-media":"","overlay-type":"","overlay-color":"","overlay-opacity":"","overlay-gradient":""},"tablet":{"background-color":"","background-image":"","background-repeat":"repeat","background-position":"center center","background-size":"auto","background-attachment":"scroll","background-type":"","background-media":"","overlay-type":"","overlay-color":"","overlay-opacity":"","overlay-gradient":""},"mobile":{"background-color":"","background-image":"","background-repeat":"repeat","background-position":"center center","background-size":"auto","background-attachment":"scroll","background-type":"","background-media":"","overlay-type":"","overlay-color":"","overlay-opacity":"","overlay-gradient":""}},"ast-content-background-meta":{"desktop":{"background-color":"var(--ast-global-color-5)","background-image":"","background-repeat":"repeat","background-position":"center center","background-size":"auto","background-attachment":"scroll","background-type":"","background-media":"","overlay-type":"","overlay-color":"","overlay-opacity":"","overlay-gradient":""},"tablet":{"background-color":"var(--ast-global-color-5)","background-image":"","background-repeat":"repeat","background-position":"center center","background-size":"auto","background-attachment":"scroll","background-type":"","background-media":"","overlay-type":"","overlay-color":"","overlay-opacity":"","overlay-gradient":""},"mobile":{"background-color":"var(--ast-global-color-5)","background-image":"","background-repeat":"repeat","background-position":"center center","background-size":"auto","background-attachment":"scroll","background-type":"","background-media":"","overlay-type":"","overlay-color":"","overlay-opacity":"","overlay-gradient":""}}},"product_brand":[],"product_cat":[41],"product_tag":[],"class_list":{"0":"post-6823","1":"product","2":"type-product","3":"status-publish","4":"has-post-thumbnail","6":"product_cat-electric","7":"desktop-align-center","8":"tablet-align-left","9":"mobile-align-left","10":"ast-product-gallery-layout-horizontal-slider","11":"ast-product-tabs-layout-horizontal","13":"first","14":"instock","15":"shipping-taxable","16":"product-type-simple"},"_links":{"self":[{"href":"https:\/\/jiujinpower.com\/fr\/wp-json\/wp\/v2\/product\/6823","targetHints":{"allow":["GET"]}}],"collection":[{"href":"https:\/\/jiujinpower.com\/fr\/wp-json\/wp\/v2\/product"}],"about":[{"href":"https:\/\/jiujinpower.com\/fr\/wp-json\/wp\/v2\/types\/product"}],"replies":[{"embeddable":true,"href":"https:\/\/jiujinpower.com\/fr\/wp-json\/wp\/v2\/comments?post=6823"}],"wp:featuredmedia":[{"embeddable":true,"href":"https:\/\/jiujinpower.com\/fr\/wp-json\/wp\/v2\/media\/6826"}],"wp:attachment":[{"href":"https:\/\/jiujinpower.com\/fr\/wp-json\/wp\/v2\/media?parent=6823"}],"wp:term":[{"taxonomy":"product_brand","embeddable":true,"href":"https:\/\/jiujinpower.com\/fr\/wp-json\/wp\/v2\/product_brand?post=6823"},{"taxonomy":"product_cat","embeddable":true,"href":"https:\/\/jiujinpower.com\/fr\/wp-json\/wp\/v2\/product_cat?post=6823"},{"taxonomy":"product_tag","embeddable":true,"href":"https:\/\/jiujinpower.com\/fr\/wp-json\/wp\/v2\/product_tag?post=6823"}],"curies":[{"name":"wp","href":"https:\/\/api.w.org\/{rel}","templated":true}]}}