{"id":7517,"date":"2025-10-30T06:48:10","date_gmt":"2025-10-30T06:48:10","guid":{"rendered":"https:\/\/jiujinpower.com\/?post_type=product&#038;p=7517"},"modified":"2025-10-31T03:39:06","modified_gmt":"2025-10-31T03:39:06","slug":"accesorios-de-energia-para-lineas-aereas-de-transmision","status":"publish","type":"product","link":"https:\/\/jiujinpower.com\/es_pe\/product\/accesorios-de-energia-para-lineas-aereas-de-transmision\/","title":{"rendered":"Guardacabos galvanizado Accesorios de energ\u00eda para l\u00edneas a\u00e9reas de transmisi\u00f3n"},"content":{"rendered":"<div class=\"dad65929\">\n<div class=\"_4f9bf79 d7dc56a8 _43c05b5\">\n<div class=\"ds-message _63c77b1\">\n<div class=\"ds-markdown\">\n<div class=\"dad65929\">\n<div class=\"_4f9bf79 d7dc56a8 _43c05b5\">\n<div class=\"ds-message _63c77b1\">\n<div class=\"ds-markdown\">\n<div class=\"dad65929\">\n<div class=\"_4f9bf79 d7dc56a8 _43c05b5\">\n<div class=\"ds-message _63c77b1\">\n<div class=\"ds-markdown\">\n<p class=\"ds-markdown-paragraph\">Los accesorios de horquilla\/eslab\u00f3n de Jiujin Electric Power est\u00e1n dise\u00f1ados con precisi\u00f3n para aplicaciones cr\u00edticas en redes a\u00e9reas de transmisi\u00f3n y distribuci\u00f3n. Fabricados en acero al carbono de alta resistencia (Grado Q235B\/Q345B) y protegidos con un grueso revestimiento galvanizado en caliente (\u226585\u00b5m), estos racores ofrecen una resistencia excepcional a la corrosi\u00f3n, la exposici\u00f3n a los rayos UV y las duras condiciones ambientales. El dise\u00f1o de guardacabos integrado evita el desgaste y la abrasi\u00f3n del cable, mientras que la configuraci\u00f3n de horquilla\/eslab\u00f3n garantiza una instalaci\u00f3n sencilla y conexiones seguras. Ideales para cordones aislantes, montajes sin salida y sistemas de cables tensores, estos racores se someten a rigurosas pruebas de calidad para cumplir las normas internacionales de seguridad y rendimiento.<\/p>\n<h3><strong>Tabla de variedades y tipos:<\/strong><\/h3>\n<div class=\"ds-scroll-area _1210dd7\">\n<div class=\"ds-scroll-area__gutters\">\n<div class=\"ds-scroll-area__horizontal-gutter\"><\/div>\n<div class=\"ds-scroll-area__vertical-gutter\"><\/div>\n<\/div>\n<table>\n<thead>\n<tr>\n<th>Caracter\u00edstica \/ Tipo<\/th>\n<th>Especificaciones y opciones<\/th>\n<\/tr>\n<\/thead>\n<tbody>\n<tr>\n<td><strong>Material<\/strong><\/td>\n<td>Acero al carbono Q235B\/Q345B<\/td>\n<\/tr>\n<tr>\n<td><strong>Revestimiento<\/strong><\/td>\n<td>Galvanizado en caliente (\u226585\u00b5m)<\/td>\n<\/tr>\n<tr>\n<td><strong>Tama\u00f1os<\/strong><\/td>\n<td>12 mm, 16 mm, 20 mm, 24 mm (di\u00e1metro del pasador)<\/td>\n<\/tr>\n<tr>\n<td><strong>Capacidad de carga<\/strong><\/td>\n<td>De 20 kN (12 mm) a 60 kN (24 mm)<\/td>\n<\/tr>\n<tr>\n<td><strong>Normas<\/strong><\/td>\n<td>IEC 61284, ASTM A123, GB\/T 1228<\/td>\n<\/tr>\n<tr>\n<td><strong>Embalaje<\/strong><\/td>\n<td>Cajas de cart\u00f3n o de madera<\/td>\n<\/tr>\n<\/tbody>\n<\/table>\n<\/div>\n<h3><strong>Aplicaciones de uso:<\/strong><\/h3>\n<ul>\n<li>\n<p class=\"ds-markdown-paragraph\"><strong>L\u00edneas a\u00e9reas de transmisi\u00f3n:<\/strong>\u00a0Conexi\u00f3n de cadenas de aisladores y herrajes en sistemas de alta tensi\u00f3n<\/p>\n<\/li>\n<li>\n<p class=\"ds-markdown-paragraph\"><strong>Redes de distribuci\u00f3n:<\/strong>\u00a0Sujeci\u00f3n de conductores y equipos en postes de servicios p\u00fablicos<\/p>\n<\/li>\n<li>\n<p class=\"ds-markdown-paragraph\"><strong>Sistemas de cables:<\/strong>\u00a0Proporcionar puntos de anclaje fiables para la estabilizaci\u00f3n de postes y torres<\/p>\n<\/li>\n<li>\n<p class=\"ds-markdown-paragraph\"><strong>Torres de telecomunicaciones:<\/strong>\u00a0Sujeci\u00f3n y tensado de cables de comunicaci\u00f3n<\/p>\n<\/li>\n<li>\n<p class=\"ds-markdown-paragraph\"><strong>Electrificaci\u00f3n ferroviaria:<\/strong>\u00a0Instalaci\u00f3n y mantenimiento de catenarias a\u00e9reas<\/p>\n<\/li>\n<li>\n<p class=\"ds-markdown-paragraph\"><strong>Estructuras de subestaci\u00f3n:<\/strong>\u00a0Conexi\u00f3n y fijaci\u00f3n de componentes en subestaciones el\u00e9ctricas<\/p>\n<\/li>\n<li>\n<p class=\"ds-markdown-paragraph\"><strong>Proyectos de energ\u00edas renovables:<\/strong>\u00a0Apoyo a las l\u00edneas a\u00e9reas en instalaciones de energ\u00eda solar y e\u00f3lica<\/p>\n<\/li>\n<\/ul>\n<\/div>\n<\/div>\n<\/div>\n<\/div>\n<\/div>\n<\/div>\n<\/div>\n<\/div>\n<\/div>\n<\/div>\n<\/div>\n<\/div>","protected":false},"excerpt":{"rendered":"<p class=\"ds-markdown-paragraph\">Accesorios de conexi\u00f3n y horquilla de guardacabos galvanizados en caliente para servicio pesado dise\u00f1ados para conexiones seguras en l\u00edneas de transmisi\u00f3n a\u00e9reas. Estos accesorios el\u00e9ctricos ofrecen una resistencia superior a la corrosi\u00f3n, alta resistencia a la tracci\u00f3n y un rendimiento fiable en sistemas de distribuci\u00f3n el\u00e9ctrica.<\/p>\n<p><b><a href=\"https:\/\/wa.ms\/008619331959787\" target=\"_blank\" rel=\"noopener\">Equipo de ventas Reach Out WhatsApp<\/a><\/b><\/p>","protected":false},"featured_media":7518,"comment_status":"open","ping_status":"closed","template":"","meta":{"_seopress_robots_primary_cat":"none","_seopress_titles_title":"","_seopress_titles_desc":"","_seopress_robots_index":"","site-sidebar-layout":"default","site-content-layout":"","ast-site-content-layout":"default","site-content-style":"default","site-sidebar-style":"default","ast-global-header-display":"","ast-banner-title-visibility":"","ast-main-header-display":"","ast-hfb-above-header-display":"","ast-hfb-below-header-display":"","ast-hfb-mobile-header-display":"","site-post-title":"","ast-breadcrumbs-content":"","ast-featured-img":"","footer-sml-layout":"","ast-disable-related-posts":"","theme-transparent-header-meta":"default","adv-header-id-meta":"","stick-header-meta":"default","header-above-stick-meta":"","header-main-stick-meta":"","header-below-stick-meta":"","astra-migrate-meta-layouts":"set","ast-page-background-enabled":"default","ast-page-background-meta":{"desktop":{"background-color":"var(--ast-global-color-4)","background-image":"","background-repeat":"repeat","background-position":"center center","background-size":"auto","background-attachment":"scroll","background-type":"","background-media":"","overlay-type":"","overlay-color":"","overlay-opacity":"","overlay-gradient":""},"tablet":{"background-color":"","background-image":"","background-repeat":"repeat","background-position":"center center","background-size":"auto","background-attachment":"scroll","background-type":"","background-media":"","overlay-type":"","overlay-color":"","overlay-opacity":"","overlay-gradient":""},"mobile":{"background-color":"","background-image":"","background-repeat":"repeat","background-position":"center center","background-size":"auto","background-attachment":"scroll","background-type":"","background-media":"","overlay-type":"","overlay-color":"","overlay-opacity":"","overlay-gradient":""}},"ast-content-background-meta":{"desktop":{"background-color":"var(--ast-global-color-5)","background-image":"","background-repeat":"repeat","background-position":"center center","background-size":"auto","background-attachment":"scroll","background-type":"","background-media":"","overlay-type":"","overlay-color":"","overlay-opacity":"","overlay-gradient":""},"tablet":{"background-color":"var(--ast-global-color-5)","background-image":"","background-repeat":"repeat","background-position":"center center","background-size":"auto","background-attachment":"scroll","background-type":"","background-media":"","overlay-type":"","overlay-color":"","overlay-opacity":"","overlay-gradient":""},"mobile":{"background-color":"var(--ast-global-color-5)","background-image":"","background-repeat":"repeat","background-position":"center center","background-size":"auto","background-attachment":"scroll","background-type":"","background-media":"","overlay-type":"","overlay-color":"","overlay-opacity":"","overlay-gradient":""}}},"product_brand":[],"product_cat":[42,53],"product_tag":[],"class_list":{"0":"post-7517","1":"product","2":"type-product","3":"status-publish","4":"has-post-thumbnail","6":"product_cat-pole-line-hardware","7":"product_cat-power-accessories","8":"desktop-align-center","9":"tablet-align-left","10":"mobile-align-left","11":"ast-product-gallery-layout-horizontal-slider","12":"ast-product-tabs-layout-horizontal","14":"first","15":"instock","16":"shipping-taxable","17":"product-type-simple"},"_links":{"self":[{"href":"https:\/\/jiujinpower.com\/es_pe\/wp-json\/wp\/v2\/product\/7517","targetHints":{"allow":["GET"]}}],"collection":[{"href":"https:\/\/jiujinpower.com\/es_pe\/wp-json\/wp\/v2\/product"}],"about":[{"href":"https:\/\/jiujinpower.com\/es_pe\/wp-json\/wp\/v2\/types\/product"}],"replies":[{"embeddable":true,"href":"https:\/\/jiujinpower.com\/es_pe\/wp-json\/wp\/v2\/comments?post=7517"}],"wp:featuredmedia":[{"embeddable":true,"href":"https:\/\/jiujinpower.com\/es_pe\/wp-json\/wp\/v2\/media\/7518"}],"wp:attachment":[{"href":"https:\/\/jiujinpower.com\/es_pe\/wp-json\/wp\/v2\/media?parent=7517"}],"wp:term":[{"taxonomy":"product_brand","embeddable":true,"href":"https:\/\/jiujinpower.com\/es_pe\/wp-json\/wp\/v2\/product_brand?post=7517"},{"taxonomy":"product_cat","embeddable":true,"href":"https:\/\/jiujinpower.com\/es_pe\/wp-json\/wp\/v2\/product_cat?post=7517"},{"taxonomy":"product_tag","embeddable":true,"href":"https:\/\/jiujinpower.com\/es_pe\/wp-json\/wp\/v2\/product_tag?post=7517"}],"curies":[{"name":"wp","href":"https:\/\/api.w.org\/{rel}","templated":true}]}}