{"id":6959,"date":"2025-09-02T06:41:40","date_gmt":"2025-09-02T06:41:40","guid":{"rendered":"https:\/\/jiujinpower.com\/?post_type=product&#038;p=6959"},"modified":"2025-10-22T05:38:00","modified_gmt":"2025-10-22T05:38:00","slug":"ancla-de-tierra-helice-galvanizado-en-caliente-para-el-hardware-de-la-linea-de-polo-directo-de-fabrica-en-hebei-china","status":"publish","type":"product","link":"https:\/\/jiujinpower.com\/es_pe\/product\/ancla-de-tierra-helice-galvanizado-en-caliente-para-el-hardware-de-la-linea-de-polo-directo-de-fabrica-en-hebei-china\/","title":{"rendered":"Ancla de tierra de la h\u00e9lice galvanizada caliente de la inmersi\u00f3n para el hardware de la l\u00ednea del poste directo de la f\u00e1brica en Hebei China"},"content":{"rendered":"<p class=\"ds-markdown-paragraph\">El anclaje de tierra Jiujin Helix es una soluci\u00f3n de cimentaci\u00f3n dise\u00f1ada con precisi\u00f3n, fabricada con acero de alta calidad y acabada con un robusto revestimiento galvanizado en caliente para garantizar la m\u00e1xima resistencia a la corrosi\u00f3n y longevidad. Su exclusivo dise\u00f1o de placa helicoidal permite una instalaci\u00f3n sencilla con una alteraci\u00f3n m\u00ednima del suelo, a la vez que proporciona una inmensa fuerza de sujeci\u00f3n contra las fuerzas de elevaci\u00f3n y laterales. Fabricado directamente en nuestras instalaciones de Hebei, este anclaje est\u00e1 construido para soportar las condiciones ambientales m\u00e1s duras, ofreciendo una alternativa fiable, rentable y sin mantenimiento a las cimentaciones de hormig\u00f3n para aplicaciones de arriostramiento de postes de servicios p\u00fablicos y anclaje de torres.<\/p>\n<h4><strong>\u00a0 Tabla de variedades y tipos<\/strong><\/h4>\n<div class=\"ds-scroll-area _1210dd7\">\n<div class=\"ds-scroll-area__gutters\">\n<div class=\"ds-scroll-area__horizontal-gutter\"><\/div>\n<div class=\"ds-scroll-area__vertical-gutter\"><\/div>\n<\/div>\n<table>\n<thead>\n<tr>\n<th>Caracter\u00edstica \/ Tipo<\/th>\n<th>Especificaciones y opciones de Jiujin Electric Power<\/th>\n<\/tr>\n<\/thead>\n<tbody>\n<tr>\n<td><strong>Modelo\/Tipo<\/strong><\/td>\n<td>HA-15, HA-20, HA-25 (Indica el di\u00e1metro del eje en mm)<\/td>\n<\/tr>\n<tr>\n<td><strong>Material<\/strong><\/td>\n<td>Acero al carbono de alta resistencia (Q235B\/Q345B)<\/td>\n<\/tr>\n<tr>\n<td><strong>Est\u00e1ndar<\/strong><\/td>\n<td>Cumple las normas ASTM A153, IEC 61284 y GB pertinentes<\/td>\n<\/tr>\n<tr>\n<td><strong>Revestimiento\/acabado<\/strong><\/td>\n<td>Galvanizado en caliente (Espesor est\u00e1ndar del revestimiento: \u226585\u00b5m)<\/td>\n<\/tr>\n<tr>\n<td><strong>Tama\u00f1o \/ Dimensiones<\/strong><\/td>\n<td>Varias longitudes de eje (1m-3m) y di\u00e1metros de h\u00e9lice (100mm-300mm)<\/td>\n<\/tr>\n<tr>\n<td><strong>Capacidad de carga<\/strong><\/td>\n<td>20 kN, 50 kN, 100 kN (var\u00eda seg\u00fan el modelo y las condiciones del suelo)<\/td>\n<\/tr>\n<tr>\n<td><strong>Embalaje<\/strong><\/td>\n<td>Embalado en paquetes con flejes de acero o en cajas de madera<\/td>\n<\/tr>\n<\/tbody>\n<\/table>\n<\/div>\n<h4><strong>\u00a0 Aplicaciones de uso<\/strong><\/h4>\n<ul>\n<li>\n<p class=\"ds-markdown-paragraph\"><strong>Sujeci\u00f3n de postes:<\/strong>\u00a0Aplicaci\u00f3n principal para el anclaje de los vientos que sostienen los postes de las redes de distribuci\u00f3n el\u00e9ctrica<\/p>\n<\/li>\n<li>\n<p class=\"ds-markdown-paragraph\"><strong>Cimientos de torres:<\/strong>\u00a0Proporcionar estabilidad a las torres de telecomunicaciones y transmisi\u00f3n<\/p>\n<\/li>\n<li>\n<p class=\"ds-markdown-paragraph\"><strong>Estabilizaci\u00f3n de taludes:<\/strong>\u00a0Aplicaciones de control de la erosi\u00f3n y retenci\u00f3n del suelo<\/p>\n<\/li>\n<li>\n<p class=\"ds-markdown-paragraph\"><strong>Espalderas de muro de contenci\u00f3n:<\/strong>\u00a0Sistemas de anclaje para proyectos de ingenier\u00eda civil<\/p>\n<\/li>\n<li>\n<p class=\"ds-markdown-paragraph\"><strong>Montaje de paneles solares:<\/strong>\u00a0Anclaje al suelo para instalaciones de huertas solares<\/p>\n<\/li>\n<\/ul>","protected":false},"excerpt":{"rendered":"<p>Anclaje helicoidal de acero galvanizado en caliente de alta resistencia dise\u00f1ado para penetrar profundamente en el suelo y ofrecer una capacidad de sujeci\u00f3n excepcional en sistemas de arriostramiento de postes de servicios p\u00fablicos. Su dise\u00f1o helicoidal proporciona una resistencia a la tracci\u00f3n y una estabilidad superiores, por lo que es ideal para sujetar postes y torres en diversas condiciones del suelo sin necesidad de hormig\u00f3n.<br \/>\n<b><a href=\"https:\/\/wa.ms\/008619331959787\" target=\"_blank\" rel=\"noopener\">Equipo de ventas Reach Out WhatsApp<\/a><\/b><\/p>","protected":false},"featured_media":6962,"comment_status":"open","ping_status":"closed","template":"","meta":{"_seopress_robots_primary_cat":"none","_seopress_titles_title":"","_seopress_titles_desc":"","_seopress_robots_index":"","site-sidebar-layout":"default","site-content-layout":"","ast-site-content-layout":"default","site-content-style":"default","site-sidebar-style":"default","ast-global-header-display":"","ast-banner-title-visibility":"","ast-main-header-display":"","ast-hfb-above-header-display":"","ast-hfb-below-header-display":"","ast-hfb-mobile-header-display":"","site-post-title":"","ast-breadcrumbs-content":"","ast-featured-img":"","footer-sml-layout":"","ast-disable-related-posts":"","theme-transparent-header-meta":"default","adv-header-id-meta":"","stick-header-meta":"default","header-above-stick-meta":"","header-main-stick-meta":"","header-below-stick-meta":"","astra-migrate-meta-layouts":"set","ast-page-background-enabled":"default","ast-page-background-meta":{"desktop":{"background-color":"var(--ast-global-color-4)","background-image":"","background-repeat":"repeat","background-position":"center center","background-size":"auto","background-attachment":"scroll","background-type":"","background-media":"","overlay-type":"","overlay-color":"","overlay-opacity":"","overlay-gradient":""},"tablet":{"background-color":"","background-image":"","background-repeat":"repeat","background-position":"center center","background-size":"auto","background-attachment":"scroll","background-type":"","background-media":"","overlay-type":"","overlay-color":"","overlay-opacity":"","overlay-gradient":""},"mobile":{"background-color":"","background-image":"","background-repeat":"repeat","background-position":"center center","background-size":"auto","background-attachment":"scroll","background-type":"","background-media":"","overlay-type":"","overlay-color":"","overlay-opacity":"","overlay-gradient":""}},"ast-content-background-meta":{"desktop":{"background-color":"var(--ast-global-color-5)","background-image":"","background-repeat":"repeat","background-position":"center center","background-size":"auto","background-attachment":"scroll","background-type":"","background-media":"","overlay-type":"","overlay-color":"","overlay-opacity":"","overlay-gradient":""},"tablet":{"background-color":"var(--ast-global-color-5)","background-image":"","background-repeat":"repeat","background-position":"center center","background-size":"auto","background-attachment":"scroll","background-type":"","background-media":"","overlay-type":"","overlay-color":"","overlay-opacity":"","overlay-gradient":""},"mobile":{"background-color":"var(--ast-global-color-5)","background-image":"","background-repeat":"repeat","background-position":"center center","background-size":"auto","background-attachment":"scroll","background-type":"","background-media":"","overlay-type":"","overlay-color":"","overlay-opacity":"","overlay-gradient":""}}},"product_brand":[],"product_cat":[42],"product_tag":[],"class_list":{"0":"post-6959","1":"product","2":"type-product","3":"status-publish","4":"has-post-thumbnail","6":"product_cat-pole-line-hardware","7":"desktop-align-center","8":"tablet-align-left","9":"mobile-align-left","10":"ast-product-gallery-layout-horizontal-slider","11":"ast-product-gallery-with-no-image","12":"ast-product-tabs-layout-horizontal","14":"first","15":"instock","16":"shipping-taxable","17":"product-type-simple"},"_links":{"self":[{"href":"https:\/\/jiujinpower.com\/es_pe\/wp-json\/wp\/v2\/product\/6959","targetHints":{"allow":["GET"]}}],"collection":[{"href":"https:\/\/jiujinpower.com\/es_pe\/wp-json\/wp\/v2\/product"}],"about":[{"href":"https:\/\/jiujinpower.com\/es_pe\/wp-json\/wp\/v2\/types\/product"}],"replies":[{"embeddable":true,"href":"https:\/\/jiujinpower.com\/es_pe\/wp-json\/wp\/v2\/comments?post=6959"}],"wp:featuredmedia":[{"embeddable":true,"href":"https:\/\/jiujinpower.com\/es_pe\/wp-json\/wp\/v2\/media\/6962"}],"wp:attachment":[{"href":"https:\/\/jiujinpower.com\/es_pe\/wp-json\/wp\/v2\/media?parent=6959"}],"wp:term":[{"taxonomy":"product_brand","embeddable":true,"href":"https:\/\/jiujinpower.com\/es_pe\/wp-json\/wp\/v2\/product_brand?post=6959"},{"taxonomy":"product_cat","embeddable":true,"href":"https:\/\/jiujinpower.com\/es_pe\/wp-json\/wp\/v2\/product_cat?post=6959"},{"taxonomy":"product_tag","embeddable":true,"href":"https:\/\/jiujinpower.com\/es_pe\/wp-json\/wp\/v2\/product_tag?post=6959"}],"curies":[{"name":"wp","href":"https:\/\/api.w.org\/{rel}","templated":true}]}}