{"id":6823,"date":"2025-07-11T07:45:31","date_gmt":"2025-07-11T07:45:31","guid":{"rendered":"https:\/\/jiujinpower.com\/?post_type=product&#038;p=6823"},"modified":"2025-10-22T07:36:19","modified_gmt":"2025-10-22T07:36:19","slug":"alto-rendimiento-sin-salida-guy-grip-accesorios-de-energia-electrica-para-opgw-directo-de-fabrica-en-hebei-china","status":"publish","type":"product","link":"https:\/\/jiujinpower.com\/es_pe\/product\/alto-rendimiento-sin-salida-guy-grip-accesorios-de-energia-electrica-para-opgw-directo-de-fabrica-en-hebei-china\/","title":{"rendered":"Alto rendimiento Dead End Guy Grip accesorios de energ\u00eda el\u00e9ctrica para OPGW directo de f\u00e1brica en Hebei China"},"content":{"rendered":"<p class=\"ds-markdown-paragraph\">La mordaza de extremo muerto para OPGW de Jiujin Electric Power est\u00e1 dise\u00f1ada para ofrecer un rendimiento fiable en los sistemas de transmisi\u00f3n de energ\u00eda el\u00e9ctrica. Fabricada en hierro maleable de alta resistencia o acero forjado, esta mordaza cuenta con un sistema de cono y manguito dise\u00f1ado con precisi\u00f3n que distribuye uniformemente la tensi\u00f3n a trav\u00e9s del cable OPGW, evitando la concentraci\u00f3n de tensiones y protegiendo las delicadas fibras \u00f3pticas. El acabado galvanizado en caliente garantiza una excepcional resistencia a la corrosi\u00f3n, por lo que es ideal para su uso en exteriores en entornos costeros, industriales y de alta radiaci\u00f3n UV. Su dise\u00f1o permite una f\u00e1cil instalaci\u00f3n sin herramientas especiales, lo que garantiza la eficacia de las operaciones sobre el terreno. Fabricado bajo estrictos controles de calidad en Hebei, China, este agarre cumple las normas internacionales para aplicaciones OPGW, ofreciendo fiabilidad y seguridad a largo plazo.<\/p>\n<h4><strong>3. Tabla de variedades y tipos<\/strong><\/h4>\n<div class=\"ds-scroll-area _1210dd7\">\n<div class=\"ds-scroll-area__gutters\">\n<div class=\"ds-scroll-area__horizontal-gutter\"><\/div>\n<div class=\"ds-scroll-area__vertical-gutter\"><\/div>\n<\/div>\n<table>\n<thead>\n<tr>\n<th>Caracter\u00edstica \/ Tipo<\/th>\n<th>Especificaciones y opciones de Jiujin Electric Power<\/th>\n<\/tr>\n<\/thead>\n<tbody>\n<tr>\n<td><strong>Modelo\/Tipo<\/strong><\/td>\n<td>DG-OPGW-10, DG-OPGW-12, DG-OPGW-16 (Indica la gama de di\u00e1metros de cable en mm)<\/td>\n<\/tr>\n<tr>\n<td><strong>Material<\/strong><\/td>\n<td>Hierro maleable de alta resistencia o acero forjado (grado Q235B\/Q345B)<\/td>\n<\/tr>\n<tr>\n<td><strong>Est\u00e1ndar<\/strong><\/td>\n<td>Cumple las normas IEC 61284, IEEE 1138 y GB\/T 2314<\/td>\n<\/tr>\n<tr>\n<td><strong>Revestimiento\/acabado<\/strong><\/td>\n<td>Galvanizado en caliente (Espesor m\u00ednimo del revestimiento: 55\u00b5m)<\/td>\n<\/tr>\n<tr>\n<td><strong>Tama\u00f1o \/ Dimensiones<\/strong><\/td>\n<td>Compatible con di\u00e1metros OPGW: 10mm-16mm; Capacidad de carga: 20kN-50kN<\/td>\n<\/tr>\n<tr>\n<td><strong>Capacidad de carga<\/strong><\/td>\n<td>20 kN (10 mm), 35 kN (12 mm), 50 kN (16 mm)<\/td>\n<\/tr>\n<tr>\n<td><strong>Embalaje<\/strong><\/td>\n<td>Pu\u00f1os individuales embalados con fundas; cajas de cart\u00f3n o paletizados a granel<\/td>\n<\/tr>\n<\/tbody>\n<\/table>\n<\/div>\n<h4><strong>4. Aplicaciones de uso<\/strong><\/h4>\n<ul>\n<li>\n<p class=\"ds-markdown-paragraph\"><strong>OPGW Dead Ending:<\/strong>\u00a0Terminaci\u00f3n de cables de tierra \u00f3pticos en torres y postes de transmisi\u00f3n<\/p>\n<\/li>\n<li>\n<p class=\"ds-markdown-paragraph\"><strong>Cable de fibra \u00f3ptica Seguridad:<\/strong>\u00a0Protecci\u00f3n de las fibras \u00f3pticas contra da\u00f1os por tensi\u00f3n y vibraciones<\/p>\n<\/li>\n<li>\n<p class=\"ds-markdown-paragraph\"><strong>Proyectos de l\u00edneas de transmisi\u00f3n:<\/strong>\u00a0Imprescindible para l\u00edneas el\u00e9ctricas de alta tensi\u00f3n con comunicaciones integradas<\/p>\n<\/li>\n<li>\n<p class=\"ds-markdown-paragraph\"><strong>Toma de tierra de la torre:<\/strong>\u00a0Proporcionar puntos de conexi\u00f3n a tierra seguros salvaguardando la integridad del OPGW<\/p>\n<\/li>\n<li>\n<p class=\"ds-markdown-paragraph\"><strong>Amortiguaci\u00f3n de vibraciones:<\/strong>\u00a0Reducci\u00f3n de la vibraci\u00f3n y la fatiga e\u00f3licas en los cables OPGW<\/p>\n<\/li>\n<li>\n<p class=\"ds-markdown-paragraph\"><strong>Reequipamiento de l\u00edneas existentes:<\/strong>\u00a0Transformaci\u00f3n de los cables de tierra tradicionales en sistemas OPGW<\/p>\n<\/li>\n<li>\n<p class=\"ds-markdown-paragraph\"><strong>Conexiones de subestaci\u00f3n:<\/strong>\u00a0Asegurar las terminaciones OPGW en los puntos de entrada de la subestaci\u00f3n<\/p>\n<\/li>\n<\/ul>","protected":false},"excerpt":{"rendered":"<p class=\"ds-markdown-paragraph\">Un tirante de extremo muerto de alto rendimiento dise\u00f1ado espec\u00edficamente para cables de cable de tierra \u00f3ptico (OPGW), que proporciona una terminaci\u00f3n segura, amortiguaci\u00f3n de vibraciones y resistencia a la corrosi\u00f3n. Galvanizado en caliente para una mayor durabilidad en entornos dif\u00edciles.<\/p>\n<p><b><a href=\"https:\/\/wa.ms\/008619331959787\" target=\"_blank\" rel=\"noopener\">Equipo de ventas Reach Out WhatsApp<\/a><\/b><\/p>","protected":false},"featured_media":6826,"comment_status":"open","ping_status":"closed","template":"","meta":{"_seopress_robots_primary_cat":"none","_seopress_titles_title":"%%post_title%%","_seopress_titles_desc":"","_seopress_robots_index":"","site-sidebar-layout":"default","site-content-layout":"","ast-site-content-layout":"default","site-content-style":"default","site-sidebar-style":"default","ast-global-header-display":"","ast-banner-title-visibility":"","ast-main-header-display":"","ast-hfb-above-header-display":"","ast-hfb-below-header-display":"","ast-hfb-mobile-header-display":"","site-post-title":"","ast-breadcrumbs-content":"","ast-featured-img":"","footer-sml-layout":"","ast-disable-related-posts":"","theme-transparent-header-meta":"default","adv-header-id-meta":"","stick-header-meta":"default","header-above-stick-meta":"","header-main-stick-meta":"","header-below-stick-meta":"","astra-migrate-meta-layouts":"set","ast-page-background-enabled":"default","ast-page-background-meta":{"desktop":{"background-color":"var(--ast-global-color-4)","background-image":"","background-repeat":"repeat","background-position":"center center","background-size":"auto","background-attachment":"scroll","background-type":"","background-media":"","overlay-type":"","overlay-color":"","overlay-opacity":"","overlay-gradient":""},"tablet":{"background-color":"","background-image":"","background-repeat":"repeat","background-position":"center center","background-size":"auto","background-attachment":"scroll","background-type":"","background-media":"","overlay-type":"","overlay-color":"","overlay-opacity":"","overlay-gradient":""},"mobile":{"background-color":"","background-image":"","background-repeat":"repeat","background-position":"center center","background-size":"auto","background-attachment":"scroll","background-type":"","background-media":"","overlay-type":"","overlay-color":"","overlay-opacity":"","overlay-gradient":""}},"ast-content-background-meta":{"desktop":{"background-color":"var(--ast-global-color-5)","background-image":"","background-repeat":"repeat","background-position":"center center","background-size":"auto","background-attachment":"scroll","background-type":"","background-media":"","overlay-type":"","overlay-color":"","overlay-opacity":"","overlay-gradient":""},"tablet":{"background-color":"var(--ast-global-color-5)","background-image":"","background-repeat":"repeat","background-position":"center center","background-size":"auto","background-attachment":"scroll","background-type":"","background-media":"","overlay-type":"","overlay-color":"","overlay-opacity":"","overlay-gradient":""},"mobile":{"background-color":"var(--ast-global-color-5)","background-image":"","background-repeat":"repeat","background-position":"center center","background-size":"auto","background-attachment":"scroll","background-type":"","background-media":"","overlay-type":"","overlay-color":"","overlay-opacity":"","overlay-gradient":""}}},"product_brand":[],"product_cat":[41],"product_tag":[],"class_list":{"0":"post-6823","1":"product","2":"type-product","3":"status-publish","4":"has-post-thumbnail","6":"product_cat-electric","7":"desktop-align-center","8":"tablet-align-left","9":"mobile-align-left","10":"ast-product-gallery-layout-horizontal-slider","11":"ast-product-tabs-layout-horizontal","13":"first","14":"instock","15":"shipping-taxable","16":"product-type-simple"},"_links":{"self":[{"href":"https:\/\/jiujinpower.com\/es_pe\/wp-json\/wp\/v2\/product\/6823","targetHints":{"allow":["GET"]}}],"collection":[{"href":"https:\/\/jiujinpower.com\/es_pe\/wp-json\/wp\/v2\/product"}],"about":[{"href":"https:\/\/jiujinpower.com\/es_pe\/wp-json\/wp\/v2\/types\/product"}],"replies":[{"embeddable":true,"href":"https:\/\/jiujinpower.com\/es_pe\/wp-json\/wp\/v2\/comments?post=6823"}],"wp:featuredmedia":[{"embeddable":true,"href":"https:\/\/jiujinpower.com\/es_pe\/wp-json\/wp\/v2\/media\/6826"}],"wp:attachment":[{"href":"https:\/\/jiujinpower.com\/es_pe\/wp-json\/wp\/v2\/media?parent=6823"}],"wp:term":[{"taxonomy":"product_brand","embeddable":true,"href":"https:\/\/jiujinpower.com\/es_pe\/wp-json\/wp\/v2\/product_brand?post=6823"},{"taxonomy":"product_cat","embeddable":true,"href":"https:\/\/jiujinpower.com\/es_pe\/wp-json\/wp\/v2\/product_cat?post=6823"},{"taxonomy":"product_tag","embeddable":true,"href":"https:\/\/jiujinpower.com\/es_pe\/wp-json\/wp\/v2\/product_tag?post=6823"}],"curies":[{"name":"wp","href":"https:\/\/api.w.org\/{rel}","templated":true}]}}